{"id":3656,"date":"2012-02-08T13:25:04","date_gmt":"2012-02-08T13:25:04","guid":{"rendered":"https:\/\/muralunique.com\/?post_type=product&#038;p=3656"},"modified":"2025-09-30T16:17:30","modified_gmt":"2025-09-30T20:17:30","slug":"ou-est-la-princesse","status":"publish","type":"product","link":"https:\/\/www.muralunique.com\/fr\/produit\/ou-est-la-princesse\/","title":{"rendered":"O\u00f9 est la Princesse?"},"content":{"rendered":"<p>-Murale pour petites filles d&#8217;un ch\u00e2teau et d&#8217;une licorne.<\/p>\n<p>-La murale comprend des laizes de 18\u2033 (45cm) de largeur. Par exemple, une murale de 6\u2032 (1,83m) de largeur a 4 laizes et une murale de 12\u2032 (3,66m) de largeur a 8 laizes.<\/p>\n<p>-Murale en papier\u00a0peint pr\u00e9encoll\u00e9e, lavable, s\u2019enl\u00e8ve \u00e0 sec et r\u00e9utilisable. Facile \u00e0 installer, se pose comme du papier\u00a0peint (tapisserie).<\/p>\n<p>-Cette toile est une cr\u00e9ation de Ruth Baker.<\/p>\n<p>-murale princesse, murale de licornes, murale princesses filles, tapisserie filles, papier peint chambre de filles<\/p>\n","protected":false},"excerpt":{"rendered":"<p>-Murale pour petites filles d&#8217;un ch\u00e2teau et d&#8217;une licorne. -La murale comprend des laizes de 18\u2033 (45cm) de largeur. Par exemple, une murale de 6\u2032 (1,83m) de largeur a 4 laizes et une murale de 12\u2032 (3,66m) de largeur a 8 laizes. -Murale en papier\u00a0peint pr\u00e9encoll\u00e9e, lavable, s\u2019enl\u00e8ve \u00e0 sec et r\u00e9utilisable. Facile \u00e0 installer, [&hellip;]<\/p>\n","protected":false},"featured_media":3657,"template":"","meta":{"_acf_changed":false},"product_brand":[152],"product_cat":[134,173,401,425],"product_tag":[8768,8769,8791,8790,8877,9094,9095,8978,8894,8895,8977,8976,9125,9496,9497,9296,9297],"class_list":{"0":"post-3656","1":"product","2":"type-product","3":"status-publish","4":"has-post-thumbnail","6":"artist-ruth-baker-fr","7":"product_brand-ruth-baker","8":"product_cat-animaux","9":"product_cat-enfants","10":"product_cat-tous-nos-produits","11":"product_cat-ultra-haute-d-finition-art","12":"product_tag-animal","13":"product_tag-animaux","14":"product_tag-bebe","15":"product_tag-bebes","16":"product_tag-chateau","17":"product_tag-cheval","18":"product_tag-chevaux","19":"product_tag-conte-de-fee","20":"product_tag-enfant","21":"product_tag-enfants","22":"product_tag-fee","23":"product_tag-fees","24":"product_tag-gamins","25":"product_tag-licorne","26":"product_tag-licornes","27":"product_tag-princesse","28":"product_tag-princesses-fr","30":"first","31":"instock","32":"taxable","33":"shipping-taxable","34":"purchasable","35":"product-type-variable","36":"has-default-attributes"},"acf":[],"_links":{"self":[{"href":"https:\/\/www.muralunique.com\/fr\/wp-json\/wp\/v2\/product\/3656","targetHints":{"allow":["GET"]}}],"collection":[{"href":"https:\/\/www.muralunique.com\/fr\/wp-json\/wp\/v2\/product"}],"about":[{"href":"https:\/\/www.muralunique.com\/fr\/wp-json\/wp\/v2\/types\/product"}],"wp:featuredmedia":[{"embeddable":true,"href":"https:\/\/www.muralunique.com\/fr\/wp-json\/wp\/v2\/media\/3657"}],"wp:attachment":[{"href":"https:\/\/www.muralunique.com\/fr\/wp-json\/wp\/v2\/media?parent=3656"}],"wp:term":[{"taxonomy":"product_brand","embeddable":true,"href":"https:\/\/www.muralunique.com\/fr\/wp-json\/wp\/v2\/product_brand?post=3656"},{"taxonomy":"product_cat","embeddable":true,"href":"https:\/\/www.muralunique.com\/fr\/wp-json\/wp\/v2\/product_cat?post=3656"},{"taxonomy":"product_tag","embeddable":true,"href":"https:\/\/www.muralunique.com\/fr\/wp-json\/wp\/v2\/product_tag?post=3656"}],"curies":[{"name":"wp","href":"https:\/\/api.w.org\/{rel}","templated":true}]}}