{"id":3680,"date":"2012-02-08T16:10:56","date_gmt":"2012-02-08T16:10:56","guid":{"rendered":"https:\/\/muralunique.com\/?post_type=product&#038;p=3680"},"modified":"2025-09-30T16:17:32","modified_gmt":"2025-09-30T20:17:32","slug":"larche-de-noe","status":"publish","type":"product","link":"https:\/\/www.muralunique.com\/fr\/produit\/larche-de-noe\/","title":{"rendered":"L&#8217;Arche de N\u00f4\u00e9"},"content":{"rendered":"<p>-Teyvat Noa\u1e25: Arche de N\u00f4\u00e9. Une murale l\u00e9gendaire provenant d&#8217;une oeuvre originale de Ruth Baker.<\/p>\n<p>-La murale comprend des laizes de 18\u2033 (45cm) de largeur. Par exemple, une murale de 6\u2032 (1,83m) de largeur a 4 laizes et une murale de 12\u2032 (3,66m) de largeur a 8 laizes.<\/p>\n<p>-Murale en papier\u00a0peint pr\u00e9encoll\u00e9e, lavable, s\u2019enl\u00e8ve \u00e0 sec et r\u00e9utilisable. Facile \u00e0 installer, se pose comme du papier\u00a0peint (tapisserie).<\/p>\n<p>-Cette toile est une cr\u00e9ation de Ruth Baker.<\/p>\n<p>-murale de L&#8217;Arche de N\u00f4\u00e9, murale en papier peint de L&#8217;Arche de N\u00f4\u00e9, murale religieuse pour enfants, tapisserie pour enfants, murale pour enfants<\/p>\n","protected":false},"excerpt":{"rendered":"<p>-Teyvat Noa\u1e25: Arche de N\u00f4\u00e9. Une murale l\u00e9gendaire provenant d&#8217;une oeuvre originale de Ruth Baker. -La murale comprend des laizes de 18\u2033 (45cm) de largeur. Par exemple, une murale de 6\u2032 (1,83m) de largeur a 4 laizes et une murale de 12\u2032 (3,66m) de largeur a 8 laizes. -Murale en papier\u00a0peint pr\u00e9encoll\u00e9e, lavable, s\u2019enl\u00e8ve \u00e0 [&hellip;]<\/p>\n","protected":false},"featured_media":3681,"template":"","meta":{"_acf_changed":false},"product_brand":[152],"product_cat":[134,173,138,401,425],"product_tag":[8768,8769,9312,8782,8831,8791,8790,9095,8967,8894,8895,9427,9125,9051,9155,9367,9228,8824,9244,9322,9321,9428,9452],"class_list":{"0":"post-3680","1":"product","2":"type-product","3":"status-publish","4":"has-post-thumbnail","6":"artist-ruth-baker-fr","7":"product_brand-ruth-baker","8":"product_cat-animaux","9":"product_cat-enfants","10":"product_cat-oriental-religion-spiritualite","11":"product_cat-tous-nos-produits","12":"product_cat-ultra-haute-d-finition-art","13":"product_tag-animal","14":"product_tag-animaux","15":"product_tag-arc-en-ciel","16":"product_tag-arche-fr","17":"product_tag-bateau","18":"product_tag-bebe","19":"product_tag-bebes","20":"product_tag-chevaux","21":"product_tag-elephants-fr","22":"product_tag-enfant","23":"product_tag-enfants","24":"product_tag-ete","25":"product_tag-gamins","26":"product_tag-girafes","27":"product_tag-lions-fr","28":"product_tag-navire","29":"product_tag-noe","30":"product_tag-oiseaux","31":"product_tag-pandas-fr","32":"product_tag-religieux","33":"product_tag-religion-fr","34":"product_tag-soleil","35":"product_tag-tigres","37":"first","38":"instock","39":"taxable","40":"shipping-taxable","41":"purchasable","42":"product-type-variable","43":"has-default-attributes"},"acf":[],"_links":{"self":[{"href":"https:\/\/www.muralunique.com\/fr\/wp-json\/wp\/v2\/product\/3680","targetHints":{"allow":["GET"]}}],"collection":[{"href":"https:\/\/www.muralunique.com\/fr\/wp-json\/wp\/v2\/product"}],"about":[{"href":"https:\/\/www.muralunique.com\/fr\/wp-json\/wp\/v2\/types\/product"}],"wp:featuredmedia":[{"embeddable":true,"href":"https:\/\/www.muralunique.com\/fr\/wp-json\/wp\/v2\/media\/3681"}],"wp:attachment":[{"href":"https:\/\/www.muralunique.com\/fr\/wp-json\/wp\/v2\/media?parent=3680"}],"wp:term":[{"taxonomy":"product_brand","embeddable":true,"href":"https:\/\/www.muralunique.com\/fr\/wp-json\/wp\/v2\/product_brand?post=3680"},{"taxonomy":"product_cat","embeddable":true,"href":"https:\/\/www.muralunique.com\/fr\/wp-json\/wp\/v2\/product_cat?post=3680"},{"taxonomy":"product_tag","embeddable":true,"href":"https:\/\/www.muralunique.com\/fr\/wp-json\/wp\/v2\/product_tag?post=3680"}],"curies":[{"name":"wp","href":"https:\/\/api.w.org\/{rel}","templated":true}]}}