{"id":3687,"date":"2012-02-08T16:32:08","date_gmt":"2012-02-08T16:32:08","guid":{"rendered":"https:\/\/muralunique.com\/?post_type=product&#038;p=3687"},"modified":"2021-10-07T13:42:26","modified_gmt":"2021-10-07T17:42:26","slug":"chantier-de-construction","status":"publish","type":"product","link":"https:\/\/www.muralunique.com\/fr\/produit\/chantier-de-construction\/","title":{"rendered":"Chantier de Construction"},"content":{"rendered":"<p>-Murale pour enfants d&#8217;un chantier de construction. Une murale en papier peint unique provenant d&#8217;un artiste unique: Tony Floreani.<\/p>\n<p>-La murale comprend des laizes de 18&#8243; (45cm) de largeur. Par exemple, une murale de 6&#8242; (1,83m) de largeur a 4 laizes et une murale de 12&#8242; (3,66m) de largeur a 8 laizes.<\/p>\n<p>-Murale en papier\u00a0peint pr\u00e9encoll\u00e9e, lavable, s&#8217;enl\u00e8ve \u00e0 sec et r\u00e9utilisable. Facile \u00e0 installer, se pose comme du papier\u00a0peint (tapisserie).<\/p>\n<p>-Cette toile est une cr\u00e9ation de Tony Floreani.<\/p>\n<p>-murale pour chambres de gar\u00e7ons, murale pour gar\u00e7ons, papier peint pour enfants, tapisserie pour chambre d&#8217;enfants, murale de construction<\/p>\n","protected":false},"excerpt":{"rendered":"<p>-Murale pour enfants d&#8217;un chantier de construction. Une murale en papier peint unique provenant d&#8217;un artiste unique: Tony Floreani. -La murale comprend des laizes de 18&#8243; (45cm) de largeur. Par exemple, une murale de 6&#8242; (1,83m) de largeur a 4 laizes et une murale de 12&#8242; (3,66m) de largeur a 8 laizes. -Murale en papier\u00a0peint [&hellip;]<\/p>\n","protected":false},"featured_media":3688,"template":"","meta":{"_acf_changed":false},"product_brand":[136],"product_cat":[173,401,425],"product_tag":[8766,9036,8791,8790,8846,8847,9487,8920,9038,8894,8895,9125,8849,9463,9544],"class_list":{"0":"post-3687","1":"product","2":"type-product","3":"status-publish","4":"has-post-thumbnail","6":"artist-tony-floreani-fr","7":"product_brand-tony-floreani","8":"product_cat-enfants","9":"product_cat-tous-nos-produits","10":"product_cat-ultra-haute-d-finition-art","11":"product_tag-amusant","12":"product_tag-amusement","13":"product_tag-bebe","14":"product_tag-bebes","15":"product_tag-brique","16":"product_tag-briques","17":"product_tag-camions","18":"product_tag-construction-fr","19":"product_tag-drole","20":"product_tag-enfant","21":"product_tag-enfants","22":"product_tag-gamins","23":"product_tag-pont","24":"product_tag-tracteurs","25":"product_tag-travailleurs-fr","27":"first","28":"instock","29":"taxable","30":"shipping-taxable","31":"purchasable","32":"product-type-variable","33":"has-default-attributes"},"acf":[],"_links":{"self":[{"href":"https:\/\/www.muralunique.com\/fr\/wp-json\/wp\/v2\/product\/3687","targetHints":{"allow":["GET"]}}],"collection":[{"href":"https:\/\/www.muralunique.com\/fr\/wp-json\/wp\/v2\/product"}],"about":[{"href":"https:\/\/www.muralunique.com\/fr\/wp-json\/wp\/v2\/types\/product"}],"wp:featuredmedia":[{"embeddable":true,"href":"https:\/\/www.muralunique.com\/fr\/wp-json\/wp\/v2\/media\/3688"}],"wp:attachment":[{"href":"https:\/\/www.muralunique.com\/fr\/wp-json\/wp\/v2\/media?parent=3687"}],"wp:term":[{"taxonomy":"product_brand","embeddable":true,"href":"https:\/\/www.muralunique.com\/fr\/wp-json\/wp\/v2\/product_brand?post=3687"},{"taxonomy":"product_cat","embeddable":true,"href":"https:\/\/www.muralunique.com\/fr\/wp-json\/wp\/v2\/product_cat?post=3687"},{"taxonomy":"product_tag","embeddable":true,"href":"https:\/\/www.muralunique.com\/fr\/wp-json\/wp\/v2\/product_tag?post=3687"}],"curies":[{"name":"wp","href":"https:\/\/api.w.org\/{rel}","templated":true}]}}