{"id":3694,"date":"2012-02-08T17:10:48","date_gmt":"2012-02-08T17:10:48","guid":{"rendered":"https:\/\/muralunique.com\/?post_type=product&#038;p=3694"},"modified":"2021-10-07T13:42:26","modified_gmt":"2021-10-07T17:42:26","slug":"alphabet","status":"publish","type":"product","link":"https:\/\/www.muralunique.com\/fr\/produit\/alphabet\/","title":{"rendered":"Alphabet"},"content":{"rendered":"<p>-Murale\u00a0pour enfants\u00a0de l&#8217;alphabet. Chaque lettre est repr\u00e9sent\u00e9e par une illustration (bilingue anglais\/fran\u00e7ais). Une murale \u00e9ducative parfaite pour les murs d&#8217;une salle de jeux, d&#8217;une garderie ou d&#8217;une \u00e9cole.<\/p>\n<p>-La murale comprend des laizes de 18&#8243; (45cm) de largeur. Par exemple, une murale de 6&#8242; (1,83m) de largeur a 4 laizes et une murale de 12&#8242; (3,66m) de largeur a 8 laizes.<\/p>\n<p>-Murale en papier\u00a0peint pr\u00e9encoll\u00e9e, lavable, s&#8217;enl\u00e8ve \u00e0 sec et r\u00e9utilisable. Facile \u00e0 installer, se pose comme du papier\u00a0peint (tapisserie).<\/p>\n<p>-Cette toile est une cr\u00e9ation de Ruth Baker.<\/p>\n<p>-murale de l&#8217;alphabet, papier peint de l&#8217;alphabet, tapisserie de l&#8217;alphabet, murale en papier peint \u00e9ducative, murale \u00e9ducative<\/p>\n","protected":false},"excerpt":{"rendered":"<p>-Murale\u00a0pour enfants\u00a0de l&#8217;alphabet. Chaque lettre est repr\u00e9sent\u00e9e par une illustration (bilingue anglais\/fran\u00e7ais). Une murale \u00e9ducative parfaite pour les murs d&#8217;une salle de jeux, d&#8217;une garderie ou d&#8217;une \u00e9cole. -La murale comprend des laizes de 18&#8243; (45cm) de largeur. Par exemple, une murale de 6&#8242; (1,83m) de largeur a 4 laizes et une murale de 12&#8242; [&hellip;]<\/p>\n","protected":false},"featured_media":3695,"template":"","meta":{"_acf_changed":false},"product_brand":[152],"product_cat":[173,401,425],"product_tag":[8750,8763,8791,8790,8963,8962,8894,8895,9125,9148],"class_list":{"0":"post-3694","1":"product","2":"type-product","3":"status-publish","4":"has-post-thumbnail","6":"artist-ruth-baker-fr","7":"product_brand-ruth-baker","8":"product_cat-enfants","9":"product_cat-tous-nos-produits","10":"product_cat-ultra-haute-d-finition-art","11":"product_tag-abc-fr","12":"product_tag-alphabet-fr","13":"product_tag-bebe","14":"product_tag-bebes","15":"product_tag-educatif","16":"product_tag-education-fr","17":"product_tag-enfant","18":"product_tag-enfants","19":"product_tag-gamins","20":"product_tag-lettres","22":"first","23":"instock","24":"taxable","25":"shipping-taxable","26":"purchasable","27":"product-type-variable","28":"has-default-attributes"},"acf":[],"_links":{"self":[{"href":"https:\/\/www.muralunique.com\/fr\/wp-json\/wp\/v2\/product\/3694","targetHints":{"allow":["GET"]}}],"collection":[{"href":"https:\/\/www.muralunique.com\/fr\/wp-json\/wp\/v2\/product"}],"about":[{"href":"https:\/\/www.muralunique.com\/fr\/wp-json\/wp\/v2\/types\/product"}],"wp:featuredmedia":[{"embeddable":true,"href":"https:\/\/www.muralunique.com\/fr\/wp-json\/wp\/v2\/media\/3695"}],"wp:attachment":[{"href":"https:\/\/www.muralunique.com\/fr\/wp-json\/wp\/v2\/media?parent=3694"}],"wp:term":[{"taxonomy":"product_brand","embeddable":true,"href":"https:\/\/www.muralunique.com\/fr\/wp-json\/wp\/v2\/product_brand?post=3694"},{"taxonomy":"product_cat","embeddable":true,"href":"https:\/\/www.muralunique.com\/fr\/wp-json\/wp\/v2\/product_cat?post=3694"},{"taxonomy":"product_tag","embeddable":true,"href":"https:\/\/www.muralunique.com\/fr\/wp-json\/wp\/v2\/product_tag?post=3694"}],"curies":[{"name":"wp","href":"https:\/\/api.w.org\/{rel}","templated":true}]}}