{"id":3770,"date":"2012-02-10T11:25:32","date_gmt":"2012-02-10T11:25:32","guid":{"rendered":"https:\/\/muralunique.com\/?post_type=product&#038;p=3770"},"modified":"2022-04-16T19:43:44","modified_gmt":"2022-04-16T23:43:44","slug":"couleur-daube","status":"publish","type":"product","link":"https:\/\/www.muralunique.com\/fr\/produit\/couleur-daube\/","title":{"rendered":"Couleur d&#8217;Aube"},"content":{"rendered":"<p>-Magnifique murale\u00a0en papier\u00a0peint provenant d&#8217;une toile originale de Pierrette Labont\u00e9.<\/p>\n<p>-La murale comprend des laizes de 18&#8243; (45cm) de largeur. Par exemple, une murale de 6&#8242; (1,83m) de largeur a 4 laizes et une murale de 12&#8242; (3,66m) de largeur a 8 laizes.<\/p>\n<p>-Murale en papier\u00a0peint pr\u00e9encoll\u00e9e, lavable, s&#8217;enl\u00e8ve \u00e0 sec et r\u00e9utilisable. Facile \u00e0 installer, se pose comme du papier\u00a0peint (tapisserie).<\/p>\n<p>-Cr\u00e9ation de Pierrette Labont\u00e9.<\/p>\n<p>-murale abstraite, papier peint abstrait, tapisserie abstraite, murale en papier peint abstraite, murale couleur d&#8217;aube<\/p>\n","protected":false},"excerpt":{"rendered":"<p>-Magnifique murale\u00a0en papier\u00a0peint provenant d&#8217;une toile originale de Pierrette Labont\u00e9. -La murale comprend des laizes de 18&#8243; (45cm) de largeur. Par exemple, une murale de 6&#8242; (1,83m) de largeur a 4 laizes et une murale de 12&#8242; (3,66m) de largeur a 8 laizes. -Murale en papier\u00a0peint pr\u00e9encoll\u00e9e, lavable, s&#8217;enl\u00e8ve \u00e0 sec et r\u00e9utilisable. Facile \u00e0 [&hellip;]<\/p>\n","protected":false},"featured_media":3771,"template":"","meta":{"_acf_changed":false},"product_brand":[124],"product_cat":[125,401,425],"product_tag":[8751,8938,8921,9239],"class_list":{"0":"post-3770","1":"product","2":"type-product","3":"status-publish","4":"has-post-thumbnail","6":"artist-pierrette-labonte-fr","7":"product_brand-pierrette-labonte","8":"product_cat-abstrait-et-geometrie","9":"product_cat-tous-nos-produits","10":"product_cat-ultra-haute-d-finition-art","11":"product_tag-abstrait","12":"product_tag-aube","13":"product_tag-contemporain","14":"product_tag-toile","16":"first","17":"instock","18":"taxable","19":"shipping-taxable","20":"purchasable","21":"product-type-variable","22":"has-default-attributes"},"acf":[],"_links":{"self":[{"href":"https:\/\/www.muralunique.com\/fr\/wp-json\/wp\/v2\/product\/3770","targetHints":{"allow":["GET"]}}],"collection":[{"href":"https:\/\/www.muralunique.com\/fr\/wp-json\/wp\/v2\/product"}],"about":[{"href":"https:\/\/www.muralunique.com\/fr\/wp-json\/wp\/v2\/types\/product"}],"wp:featuredmedia":[{"embeddable":true,"href":"https:\/\/www.muralunique.com\/fr\/wp-json\/wp\/v2\/media\/3771"}],"wp:attachment":[{"href":"https:\/\/www.muralunique.com\/fr\/wp-json\/wp\/v2\/media?parent=3770"}],"wp:term":[{"taxonomy":"product_brand","embeddable":true,"href":"https:\/\/www.muralunique.com\/fr\/wp-json\/wp\/v2\/product_brand?post=3770"},{"taxonomy":"product_cat","embeddable":true,"href":"https:\/\/www.muralunique.com\/fr\/wp-json\/wp\/v2\/product_cat?post=3770"},{"taxonomy":"product_tag","embeddable":true,"href":"https:\/\/www.muralunique.com\/fr\/wp-json\/wp\/v2\/product_tag?post=3770"}],"curies":[{"name":"wp","href":"https:\/\/api.w.org\/{rel}","templated":true}]}}