{"id":3794,"date":"2012-02-10T11:50:39","date_gmt":"2012-02-10T11:50:39","guid":{"rendered":"https:\/\/muralunique.com\/?post_type=product&#038;p=3794"},"modified":"2023-01-27T11:35:12","modified_gmt":"2023-01-27T16:35:12","slug":"la-fraternite","status":"publish","type":"product","link":"https:\/\/www.muralunique.com\/fr\/produit\/la-fraternite\/","title":{"rendered":"La Fraternit\u00e9"},"content":{"rendered":"<p>-Une magnifique murale en papier peint provenant d&#8217;une toile originale de Martine Therrien.<\/p>\n<p>-La murale comprend des laizes de 18&#8243; (45cm) de largeur. Par exemple, une murale de 6&#8242; (1,83m) de largeur a 4 laizes et une murale de 12&#8242; (3,66m) de largeur a 8 laizes.<\/p>\n<p>-Murale en papier\u00a0peint pr\u00e9encoll\u00e9e, lavable, s&#8217;enl\u00e8ve \u00e0 sec et r\u00e9utilisable. Facile \u00e0 installer, se pose comme du papier\u00a0peint (tapisserie).<\/p>\n<p>-Cr\u00e9ation de Martine Therrien.<\/p>\n<p>-murale abstraite, papier peint abstrait, murale en papier peint abstraite, tapisserie abstraite<\/p>\n","protected":false},"excerpt":{"rendered":"<p>-Une magnifique murale en papier peint provenant d&#8217;une toile originale de Martine Therrien. -La murale comprend des laizes de 18&#8243; (45cm) de largeur. Par exemple, une murale de 6&#8242; (1,83m) de largeur a 4 laizes et une murale de 12&#8242; (3,66m) de largeur a 8 laizes. -Murale en papier\u00a0peint pr\u00e9encoll\u00e9e, lavable, s&#8217;enl\u00e8ve \u00e0 sec et [&hellip;]<\/p>\n","protected":false},"featured_media":39473,"template":"","meta":{"_acf_changed":false},"product_brand":[127],"product_cat":[125,401,425],"product_tag":[8751,9478,8921,9239,9527],"class_list":{"0":"post-3794","1":"product","2":"type-product","3":"status-publish","4":"has-post-thumbnail","6":"artist-martine-therrien-fr","7":"product_brand-martine-therrien","8":"product_cat-abstrait-et-geometrie","9":"product_cat-tous-nos-produits","10":"product_cat-ultra-haute-d-finition-art","11":"product_tag-abstrait","12":"product_tag-arbres","13":"product_tag-contemporain","14":"product_tag-toile","15":"product_tag-vent","17":"first","18":"instock","19":"taxable","20":"shipping-taxable","21":"purchasable","22":"product-type-variable","23":"has-default-attributes"},"acf":[],"_links":{"self":[{"href":"https:\/\/www.muralunique.com\/fr\/wp-json\/wp\/v2\/product\/3794","targetHints":{"allow":["GET"]}}],"collection":[{"href":"https:\/\/www.muralunique.com\/fr\/wp-json\/wp\/v2\/product"}],"about":[{"href":"https:\/\/www.muralunique.com\/fr\/wp-json\/wp\/v2\/types\/product"}],"wp:featuredmedia":[{"embeddable":true,"href":"https:\/\/www.muralunique.com\/fr\/wp-json\/wp\/v2\/media\/39473"}],"wp:attachment":[{"href":"https:\/\/www.muralunique.com\/fr\/wp-json\/wp\/v2\/media?parent=3794"}],"wp:term":[{"taxonomy":"product_brand","embeddable":true,"href":"https:\/\/www.muralunique.com\/fr\/wp-json\/wp\/v2\/product_brand?post=3794"},{"taxonomy":"product_cat","embeddable":true,"href":"https:\/\/www.muralunique.com\/fr\/wp-json\/wp\/v2\/product_cat?post=3794"},{"taxonomy":"product_tag","embeddable":true,"href":"https:\/\/www.muralunique.com\/fr\/wp-json\/wp\/v2\/product_tag?post=3794"}],"curies":[{"name":"wp","href":"https:\/\/api.w.org\/{rel}","templated":true}]}}