{"id":38047,"date":"2020-07-01T13:36:00","date_gmt":"2020-07-01T17:36:00","guid":{"rendered":"https:\/\/www.muralunique.com\/?post_type=product&#038;p=38047"},"modified":"2022-03-16T17:38:07","modified_gmt":"2022-03-16T21:38:07","slug":"des-a-jouer","status":"publish","type":"product","link":"https:\/\/www.muralunique.com\/fr\/produit\/des-a-jouer\/","title":{"rendered":"D\u00e9s \u00e0 Jouer"},"content":{"rendered":"<p>-Murale en papier peint color\u00e9e de d\u00e9s \u00e0 jouer rouges. Une id\u00e9e de d\u00e9coration originale pour une salle de jeu d&#8217;adultes ou d&#8217;enfants. Une excellente fa\u00e7on de donner vie \u00e0 une pi\u00e8ce.<\/p>\n<p>-La murale comprend des laizes de 18\u2033 (45cm) de largeur. Par exemple, une murale de 6\u2032 (1,83m) de largeur a 4 laizes et une murale de 12\u2032 (3,66m) de largeur a 8 laizes.<\/p>\n<p>-Murale en papier\u00a0peint pr\u00e9encoll\u00e9e, lavable, s\u2019enl\u00e8ve \u00e0 sec et r\u00e9utilisable. Facile \u00e0 installer, se pose comme du papier\u00a0peint (tapisserie).<\/p>\n<p>-murale d\u00e9s \u00e0 jouer, photo murale d\u00e9s \u00e0 jouer, tapisserie d\u00e9s \u00e0 jouer, papier peint d\u00e9s \u00e0 jouer, murale en papier peint d\u00e9s \u00e0 jouer, murale d\u00e9s \u00e0 jouer jouges, photo murale d\u00e9s \u00e0 jouer rouges<\/p>\n","protected":false},"excerpt":{"rendered":"<p>-Murale en papier peint color\u00e9e de d\u00e9s \u00e0 jouer rouges. Une id\u00e9e de d\u00e9coration originale pour une salle de jeu d&#8217;adultes ou d&#8217;enfants. Une excellente fa\u00e7on de donner vie \u00e0 une pi\u00e8ce. -La murale comprend des laizes de 18\u2033 (45cm) de largeur. Par exemple, une murale de 6\u2032 (1,83m) de largeur a 4 laizes et [&hellip;]<\/p>\n","protected":false},"featured_media":38046,"template":"","meta":{"_acf_changed":false},"product_brand":[],"product_cat":[401,163],"product_tag":[9584,9585,9586,9587,9042,9588],"class_list":{"0":"post-38047","1":"product","2":"type-product","3":"status-publish","4":"has-post-thumbnail","6":"product_cat-tous-nos-produits","7":"product_cat-trompe-loeil","8":"product_tag-de","9":"product_tag-des","10":"product_tag-jeux","11":"product_tag-jouer-fr","12":"product_tag-partie","13":"product_tag-salle-de-jeu","15":"first","16":"instock","17":"taxable","18":"shipping-taxable","19":"purchasable","20":"product-type-variable","21":"has-default-attributes"},"acf":[],"_links":{"self":[{"href":"https:\/\/www.muralunique.com\/fr\/wp-json\/wp\/v2\/product\/38047","targetHints":{"allow":["GET"]}}],"collection":[{"href":"https:\/\/www.muralunique.com\/fr\/wp-json\/wp\/v2\/product"}],"about":[{"href":"https:\/\/www.muralunique.com\/fr\/wp-json\/wp\/v2\/types\/product"}],"wp:featuredmedia":[{"embeddable":true,"href":"https:\/\/www.muralunique.com\/fr\/wp-json\/wp\/v2\/media\/38046"}],"wp:attachment":[{"href":"https:\/\/www.muralunique.com\/fr\/wp-json\/wp\/v2\/media?parent=38047"}],"wp:term":[{"taxonomy":"product_brand","embeddable":true,"href":"https:\/\/www.muralunique.com\/fr\/wp-json\/wp\/v2\/product_brand?post=38047"},{"taxonomy":"product_cat","embeddable":true,"href":"https:\/\/www.muralunique.com\/fr\/wp-json\/wp\/v2\/product_cat?post=38047"},{"taxonomy":"product_tag","embeddable":true,"href":"https:\/\/www.muralunique.com\/fr\/wp-json\/wp\/v2\/product_tag?post=38047"}],"curies":[{"name":"wp","href":"https:\/\/api.w.org\/{rel}","templated":true}]}}