{"id":3812,"date":"2012-02-10T12:40:01","date_gmt":"2012-02-10T12:40:01","guid":{"rendered":"https:\/\/muralunique.com\/?post_type=product&#038;p=3812"},"modified":"2021-10-07T13:42:33","modified_gmt":"2021-10-07T17:42:33","slug":"jai-reve-ii","status":"publish","type":"product","link":"https:\/\/www.muralunique.com\/fr\/produit\/jai-reve-ii\/","title":{"rendered":"J&#8217;ai R\u00eav\u00e9 II"},"content":{"rendered":"<p>-Myst\u00e9rieuse murale en papier peint abstraite.<\/p>\n<p>-La murale comprend des laizes de 18&#8243; (45cm) de largeur. Par exemple, une murale de 6&#8242; (1,83m) de largeur a 4 laizes et une murale de 12&#8242; (3,66m) de largeur a 8 laizes.<\/p>\n<p>-Murale en papier\u00a0peint pr\u00e9encoll\u00e9e, lavable, s&#8217;enl\u00e8ve \u00e0 sec et r\u00e9utilisable. Facile \u00e0 installer, se pose comme du papier\u00a0peint (tapisserie).<\/p>\n<p>-Cr\u00e9ation de Martine Therrien.<\/p>\n<p>-murale abstraite, murale en papier peint abstraite, photo murale abstraite, tapisserie abstraite, murale abstraite pour murs<\/p>\n","protected":false},"excerpt":{"rendered":"<p>-Myst\u00e9rieuse murale en papier peint abstraite. -La murale comprend des laizes de 18&#8243; (45cm) de largeur. Par exemple, une murale de 6&#8242; (1,83m) de largeur a 4 laizes et une murale de 12&#8242; (3,66m) de largeur a 8 laizes. -Murale en papier\u00a0peint pr\u00e9encoll\u00e9e, lavable, s&#8217;enl\u00e8ve \u00e0 sec et r\u00e9utilisable. Facile \u00e0 installer, se pose comme [&hellip;]<\/p>\n","protected":false},"featured_media":3813,"template":"","meta":{"_acf_changed":false},"product_brand":[127],"product_cat":[125,401,425],"product_tag":[8751,8921,9239],"class_list":{"0":"post-3812","1":"product","2":"type-product","3":"status-publish","4":"has-post-thumbnail","6":"artist-martine-therrien-fr","7":"product_brand-martine-therrien","8":"product_cat-abstrait-et-geometrie","9":"product_cat-tous-nos-produits","10":"product_cat-ultra-haute-d-finition-art","11":"product_tag-abstrait","12":"product_tag-contemporain","13":"product_tag-toile","15":"first","16":"instock","17":"taxable","18":"shipping-taxable","19":"purchasable","20":"product-type-variable","21":"has-default-attributes"},"acf":[],"_links":{"self":[{"href":"https:\/\/www.muralunique.com\/fr\/wp-json\/wp\/v2\/product\/3812","targetHints":{"allow":["GET"]}}],"collection":[{"href":"https:\/\/www.muralunique.com\/fr\/wp-json\/wp\/v2\/product"}],"about":[{"href":"https:\/\/www.muralunique.com\/fr\/wp-json\/wp\/v2\/types\/product"}],"wp:featuredmedia":[{"embeddable":true,"href":"https:\/\/www.muralunique.com\/fr\/wp-json\/wp\/v2\/media\/3813"}],"wp:attachment":[{"href":"https:\/\/www.muralunique.com\/fr\/wp-json\/wp\/v2\/media?parent=3812"}],"wp:term":[{"taxonomy":"product_brand","embeddable":true,"href":"https:\/\/www.muralunique.com\/fr\/wp-json\/wp\/v2\/product_brand?post=3812"},{"taxonomy":"product_cat","embeddable":true,"href":"https:\/\/www.muralunique.com\/fr\/wp-json\/wp\/v2\/product_cat?post=3812"},{"taxonomy":"product_tag","embeddable":true,"href":"https:\/\/www.muralunique.com\/fr\/wp-json\/wp\/v2\/product_tag?post=3812"}],"curies":[{"name":"wp","href":"https:\/\/api.w.org\/{rel}","templated":true}]}}