{"id":3826,"date":"2012-02-10T12:47:05","date_gmt":"2012-02-10T12:47:05","guid":{"rendered":"https:\/\/muralunique.com\/?post_type=product&#038;p=3826"},"modified":"2021-09-23T16:34:55","modified_gmt":"2021-09-23T20:34:55","slug":"influence-amoureuse","status":"publish","type":"product","link":"https:\/\/www.muralunique.com\/fr\/produit\/influence-amoureuse\/","title":{"rendered":"Influence Amoureuse"},"content":{"rendered":"<p>-Une magnifique murale en papier peint abstraite provenant d&#8217;une oeuvre d&#8217;art de Kapelier.<\/p>\n<p>-La murale comprend des laizes de 18&#8243; (45cm) de largeur. Par exemple, une murale de 6&#8242; (1,83m) de largeur a 4 laizes et une murale de 12&#8242; (3,66m) de largeur a 8 laizes.<\/p>\n<p>-Murale en papier\u00a0peint pr\u00e9encoll\u00e9e, lavable, s&#8217;enl\u00e8ve \u00e0 sec et r\u00e9utilisable. Facile \u00e0 installer, se pose comme du papier\u00a0peint (tapisserie).<\/p>\n<p>-Cr\u00e9ation de Kapelier. Vous pouvez obtenir plus d&#8217;informations \u00e0 <a href=\"http:\/\/www.kapelier.com\" rel=\"nofollow noopener\" target=\"_blank\">www.kapelier.com<\/a>.<\/p>\n<p>-murale abstraite, murale en papier peint abstraite, papier peint abstrait, murale abstraite pour murs<\/p>\n","protected":false},"excerpt":{"rendered":"<p>-Une magnifique murale en papier peint abstraite provenant d&#8217;une oeuvre d&#8217;art de Kapelier. -La murale comprend des laizes de 18&#8243; (45cm) de largeur. Par exemple, une murale de 6&#8242; (1,83m) de largeur a 4 laizes et une murale de 12&#8242; (3,66m) de largeur a 8 laizes. -Murale en papier\u00a0peint pr\u00e9encoll\u00e9e, lavable, s&#8217;enl\u00e8ve \u00e0 sec et [&hellip;]<\/p>\n","protected":false},"featured_media":3827,"template":"","meta":{"_acf_changed":false},"product_brand":[130],"product_cat":[125,401,425],"product_tag":[8751,9162,8921,9107,9239],"class_list":{"0":"post-3826","1":"product","2":"type-product","3":"status-publish","4":"has-post-thumbnail","6":"artist-kapelier-fr","7":"product_brand-kapelier","8":"product_cat-abstrait-et-geometrie","9":"product_cat-tous-nos-produits","10":"product_cat-ultra-haute-d-finition-art","11":"product_tag-abstrait","12":"product_tag-amour","13":"product_tag-contemporain","14":"product_tag-influence-fr","15":"product_tag-toile","17":"first","18":"instock","19":"taxable","20":"shipping-taxable","21":"purchasable","22":"product-type-variable","23":"has-default-attributes"},"acf":[],"_links":{"self":[{"href":"https:\/\/www.muralunique.com\/fr\/wp-json\/wp\/v2\/product\/3826","targetHints":{"allow":["GET"]}}],"collection":[{"href":"https:\/\/www.muralunique.com\/fr\/wp-json\/wp\/v2\/product"}],"about":[{"href":"https:\/\/www.muralunique.com\/fr\/wp-json\/wp\/v2\/types\/product"}],"wp:featuredmedia":[{"embeddable":true,"href":"https:\/\/www.muralunique.com\/fr\/wp-json\/wp\/v2\/media\/3827"}],"wp:attachment":[{"href":"https:\/\/www.muralunique.com\/fr\/wp-json\/wp\/v2\/media?parent=3826"}],"wp:term":[{"taxonomy":"product_brand","embeddable":true,"href":"https:\/\/www.muralunique.com\/fr\/wp-json\/wp\/v2\/product_brand?post=3826"},{"taxonomy":"product_cat","embeddable":true,"href":"https:\/\/www.muralunique.com\/fr\/wp-json\/wp\/v2\/product_cat?post=3826"},{"taxonomy":"product_tag","embeddable":true,"href":"https:\/\/www.muralunique.com\/fr\/wp-json\/wp\/v2\/product_tag?post=3826"}],"curies":[{"name":"wp","href":"https:\/\/api.w.org\/{rel}","templated":true}]}}