{"id":3856,"date":"2012-02-10T13:34:46","date_gmt":"2012-02-10T13:34:46","guid":{"rendered":"https:\/\/muralunique.com\/?post_type=product&#038;p=3856"},"modified":"2023-01-26T16:36:00","modified_gmt":"2023-01-26T21:36:00","slug":"herbes-hautes-des-prairies-bleu","status":"publish","type":"product","link":"https:\/\/www.muralunique.com\/fr\/produit\/herbes-hautes-des-prairies-bleu\/","title":{"rendered":"Herbes Hautes des Prairies (Bleu)"},"content":{"rendered":"<p>-Murale\u00a0en papier\u00a0peint originale d&#8217;herbes hautes des prairies et pissenlits.<\/p>\n<p>-La murale comprend des laizes de 18\u2033 (45cm) de largeur. Par exemple, une murale de 6\u2032 (1,83m) de largeur a 4 laizes et une murale de 12\u2032 (3,66m) de largeur a 8 laizes.<\/p>\n<p>-Murale en papier\u00a0peint pr\u00e9encoll\u00e9e, lavable, s\u2019enl\u00e8ve \u00e0 sec et r\u00e9utilisable. Facile \u00e0 installer, se pose comme du papier\u00a0peint (tapisserie).<\/p>\n<p>-Cette toile est une cr\u00e9ation de Ruth Baker.<\/p>\n<p>-murale herbes hautes des prairies, papier peint herbes hautes des prairies, murale herbes, papier peint herbes des prairies<\/p>\n","protected":false},"excerpt":{"rendered":"<p>-Murale\u00a0en papier\u00a0peint originale d&#8217;herbes hautes des prairies et pissenlits. -La murale comprend des laizes de 18\u2033 (45cm) de largeur. Par exemple, une murale de 6\u2032 (1,83m) de largeur a 4 laizes et une murale de 12\u2032 (3,66m) de largeur a 8 laizes. -Murale en papier\u00a0peint pr\u00e9encoll\u00e9e, lavable, s\u2019enl\u00e8ve \u00e0 sec et r\u00e9utilisable. Facile \u00e0 installer, [&hellip;]<\/p>\n","protected":false},"featured_media":73505,"template":"","meta":{"_acf_changed":false},"product_brand":[152],"product_cat":[125,150,401,425],"product_tag":[8751,8921,9014,9009,9010,9006,9063,9810,8937,9292,9293,9425,9372],"class_list":{"0":"post-3856","1":"product","2":"type-product","3":"status-publish","4":"has-post-thumbnail","6":"artist-ruth-baker-fr","7":"product_brand-ruth-baker","8":"product_cat-abstrait-et-geometrie","9":"product_cat-fleurs-et-feuillages","10":"product_cat-tous-nos-produits","11":"product_cat-ultra-haute-d-finition-art","12":"product_tag-abstrait","13":"product_tag-contemporain","14":"product_tag-feuillage","15":"product_tag-fleur","16":"product_tag-fleurs","17":"product_tag-floral-fr","18":"product_tag-gazon","19":"product_tag-pissenlit","20":"product_tag-pissenlits","21":"product_tag-prairie-fr","22":"product_tag-prairies-fr","23":"product_tag-rayures","24":"product_tag-simplicite","26":"first","27":"instock","28":"taxable","29":"shipping-taxable","30":"purchasable","31":"product-type-variable","32":"has-default-attributes"},"acf":[],"_links":{"self":[{"href":"https:\/\/www.muralunique.com\/fr\/wp-json\/wp\/v2\/product\/3856","targetHints":{"allow":["GET"]}}],"collection":[{"href":"https:\/\/www.muralunique.com\/fr\/wp-json\/wp\/v2\/product"}],"about":[{"href":"https:\/\/www.muralunique.com\/fr\/wp-json\/wp\/v2\/types\/product"}],"wp:featuredmedia":[{"embeddable":true,"href":"https:\/\/www.muralunique.com\/fr\/wp-json\/wp\/v2\/media\/73505"}],"wp:attachment":[{"href":"https:\/\/www.muralunique.com\/fr\/wp-json\/wp\/v2\/media?parent=3856"}],"wp:term":[{"taxonomy":"product_brand","embeddable":true,"href":"https:\/\/www.muralunique.com\/fr\/wp-json\/wp\/v2\/product_brand?post=3856"},{"taxonomy":"product_cat","embeddable":true,"href":"https:\/\/www.muralunique.com\/fr\/wp-json\/wp\/v2\/product_cat?post=3856"},{"taxonomy":"product_tag","embeddable":true,"href":"https:\/\/www.muralunique.com\/fr\/wp-json\/wp\/v2\/product_tag?post=3856"}],"curies":[{"name":"wp","href":"https:\/\/api.w.org\/{rel}","templated":true}]}}