{"id":3937,"date":"2012-02-10T19:25:19","date_gmt":"2012-02-10T19:25:19","guid":{"rendered":"https:\/\/muralunique.com\/?post_type=product&#038;p=3937"},"modified":"2025-09-30T16:17:29","modified_gmt":"2025-09-30T20:17:29","slug":"triptyque","status":"publish","type":"product","link":"https:\/\/www.muralunique.com\/fr\/produit\/triptyque\/","title":{"rendered":"Triptyque"},"content":{"rendered":"<p>-Murale\u00a0en papier peint unique &#8220;Triptyque&#8221; provenant d&#8217;une cr\u00e9ation originale de Ginette Malouin.<\/p>\n<p>-Cette murale triptyque est compos\u00e9e de 3 murales de 4.0&#8242; (1,22m) de largeur par 8.0&#8242; (2,44m) de hauteur.<\/p>\n<p>-Les 3 murales (Rive Gauche code 2034, Entre-Deux code 2026 et Rive Droite code 2035) sont disponibles s\u00e9par\u00e9ment.<\/p>\n<p>-Murale en papier\u00a0peint pr\u00e9encoll\u00e9e, lavable, s\u2019enl\u00e8ve \u00e0 sec et r\u00e9utilisable. Facile \u00e0 installer, se pose comme du papier\u00a0peint (tapisserie).<\/p>\n<p>-Cr\u00e9ation de Ginette Malouin. Vous pouvez obtenir plus d&#8217;informations \u00e0 <a href=\"http:\/\/www.ginettemalouin.com\" rel=\"nofollow noopener\" target=\"_blank\">www.ginettemalouin.com<\/a>.<\/p>\n<p>-murale triptyque, murale en papier peint murale triptyque, papier peint murale triptyque, murale murale triptyque pour murs, tapisserie murale triptyque<\/p>\n<p>&nbsp;<\/p>\n","protected":false},"excerpt":{"rendered":"<p>-Murale\u00a0en papier peint unique &#8220;Triptyque&#8221; provenant d&#8217;une cr\u00e9ation originale de Ginette Malouin. -Cette murale triptyque est compos\u00e9e de 3 murales de 4.0&#8242; (1,22m) de largeur par 8.0&#8242; (2,44m) de hauteur. -Les 3 murales (Rive Gauche code 2034, Entre-Deux code 2026 et Rive Droite code 2035) sont disponibles s\u00e9par\u00e9ment. -Murale en papier\u00a0peint pr\u00e9encoll\u00e9e, lavable, s\u2019enl\u00e8ve \u00e0 [&hellip;]<\/p>\n","protected":false},"featured_media":3938,"template":"","meta":{"_acf_changed":false},"product_brand":[122],"product_cat":[125,401,425],"product_tag":[8751,8921,9239,9484],"class_list":{"0":"post-3937","1":"product","2":"type-product","3":"status-publish","4":"has-post-thumbnail","6":"artist-ginette-malouin-fr","7":"product_brand-ginette-malouin-2","8":"product_cat-abstrait-et-geometrie","9":"product_cat-tous-nos-produits","10":"product_cat-ultra-haute-d-finition-art","11":"product_tag-abstrait","12":"product_tag-contemporain","13":"product_tag-toile","14":"product_tag-triptyque","16":"first","17":"instock","18":"taxable","19":"shipping-taxable","20":"purchasable","21":"product-type-variable","22":"has-default-attributes"},"acf":[],"_links":{"self":[{"href":"https:\/\/www.muralunique.com\/fr\/wp-json\/wp\/v2\/product\/3937","targetHints":{"allow":["GET"]}}],"collection":[{"href":"https:\/\/www.muralunique.com\/fr\/wp-json\/wp\/v2\/product"}],"about":[{"href":"https:\/\/www.muralunique.com\/fr\/wp-json\/wp\/v2\/types\/product"}],"wp:featuredmedia":[{"embeddable":true,"href":"https:\/\/www.muralunique.com\/fr\/wp-json\/wp\/v2\/media\/3938"}],"wp:attachment":[{"href":"https:\/\/www.muralunique.com\/fr\/wp-json\/wp\/v2\/media?parent=3937"}],"wp:term":[{"taxonomy":"product_brand","embeddable":true,"href":"https:\/\/www.muralunique.com\/fr\/wp-json\/wp\/v2\/product_brand?post=3937"},{"taxonomy":"product_cat","embeddable":true,"href":"https:\/\/www.muralunique.com\/fr\/wp-json\/wp\/v2\/product_cat?post=3937"},{"taxonomy":"product_tag","embeddable":true,"href":"https:\/\/www.muralunique.com\/fr\/wp-json\/wp\/v2\/product_tag?post=3937"}],"curies":[{"name":"wp","href":"https:\/\/api.w.org\/{rel}","templated":true}]}}