{"id":40517,"date":"2020-09-03T11:48:03","date_gmt":"2020-09-03T15:48:03","guid":{"rendered":"https:\/\/www.muralunique.com\/?post_type=product&#038;p=40517"},"modified":"2025-09-30T16:18:58","modified_gmt":"2025-09-30T20:18:58","slug":"basketball-slam-dunk-en-noir-et-blanc","status":"publish","type":"product","link":"https:\/\/www.muralunique.com\/fr\/produit\/basketball-slam-dunk-en-noir-et-blanc\/","title":{"rendered":"Basketball Slam Dunk en Noir et Blanc"},"content":{"rendered":"<p>-Murale en p<span lang=\"fr\">apier peint en noir et blanc d&#8217;un joueur de basketball effectuant un slam dunk. Une excellente id\u00e9e pour les amateurs de basket et les adolescents sportifs.<\/span><\/p>\n<p>-La murale comprend des laizes de 18\u2033 (45cm) de largeur. Par exemple, une murale de 6\u2032 (1,83m) de largeur a 4 laizes et une murale de 12\u2032 (3,66m) de largeur a 8 laizes.<\/p>\n<p>-Murale en papier\u00a0peint pr\u00e9encoll\u00e9e, lavable, s\u2019enl\u00e8ve \u00e0 sec et r\u00e9utilisable. Facile \u00e0 installer, se pose comme du papier\u00a0peint (tapisserie).<\/p>\n<p>-murale slam dunk, papier peint slam dunk, murale basketball, murale en papier peint basketball, tapisserie basketball, murale basketball slam dunk, papier peint basketball slam dunk, tapisserie basketball slam dunk, photo murale basketball slam dunk<\/p>\n","protected":false},"excerpt":{"rendered":"<p>-Murale en papier peint en noir et blanc d&#8217;un joueur de basketball effectuant un slam dunk. Une excellente id\u00e9e pour les amateurs de basket et les adolescents sportifs. -La murale comprend des laizes de 18\u2033 (45cm) de largeur. Par exemple, une murale de 6\u2032 (1,83m) de largeur a 4 laizes et une murale de 12\u2032 [&hellip;]<\/p>\n","protected":false},"featured_media":40558,"template":"","meta":{"_acf_changed":false},"product_brand":[],"product_cat":[131,145,401,425],"product_tag":[9441,9442,8804,8805,9285,9383,9399,9400],"class_list":{"0":"post-40517","1":"product","2":"type-product","3":"status-publish","4":"has-post-thumbnail","6":"product_cat-adolescents","7":"product_cat-sports-2","8":"product_cat-tous-nos-produits","9":"product_cat-ultra-haute-d-finition-art","10":"product_tag-ado","11":"product_tag-adolescents","12":"product_tag-basket-fr","13":"product_tag-basketball-fr","14":"product_tag-joueur","15":"product_tag-slam-dunk-fr","16":"product_tag-sport","17":"product_tag-sports","19":"first","20":"instock","21":"taxable","22":"shipping-taxable","23":"purchasable","24":"product-type-variable","25":"has-default-attributes"},"acf":[],"_links":{"self":[{"href":"https:\/\/www.muralunique.com\/fr\/wp-json\/wp\/v2\/product\/40517","targetHints":{"allow":["GET"]}}],"collection":[{"href":"https:\/\/www.muralunique.com\/fr\/wp-json\/wp\/v2\/product"}],"about":[{"href":"https:\/\/www.muralunique.com\/fr\/wp-json\/wp\/v2\/types\/product"}],"wp:featuredmedia":[{"embeddable":true,"href":"https:\/\/www.muralunique.com\/fr\/wp-json\/wp\/v2\/media\/40558"}],"wp:attachment":[{"href":"https:\/\/www.muralunique.com\/fr\/wp-json\/wp\/v2\/media?parent=40517"}],"wp:term":[{"taxonomy":"product_brand","embeddable":true,"href":"https:\/\/www.muralunique.com\/fr\/wp-json\/wp\/v2\/product_brand?post=40517"},{"taxonomy":"product_cat","embeddable":true,"href":"https:\/\/www.muralunique.com\/fr\/wp-json\/wp\/v2\/product_cat?post=40517"},{"taxonomy":"product_tag","embeddable":true,"href":"https:\/\/www.muralunique.com\/fr\/wp-json\/wp\/v2\/product_tag?post=40517"}],"curies":[{"name":"wp","href":"https:\/\/api.w.org\/{rel}","templated":true}]}}