{"id":4074,"date":"2012-02-11T16:55:50","date_gmt":"2012-02-11T16:55:50","guid":{"rendered":"https:\/\/muralunique.com\/?post_type=product&#038;p=4074"},"modified":"2022-05-24T17:32:17","modified_gmt":"2022-05-24T21:32:17","slug":"pissenlit","status":"publish","type":"product","link":"https:\/\/www.muralunique.com\/fr\/produit\/pissenlit\/","title":{"rendered":"Pissenlit"},"content":{"rendered":"<p>-Magnifique photo murale en papier peint d&#8217;un pissenlit provenant d&#8217;une photographie de Irene Miller.<\/p>\n<p>-La murale comprend des laizes de 18&#8243; (45cm) de largeur. Par exemple, une murale de 6&#8242; (1,83m) de largeur a 4 laizes et une murale de 12&#8242; (3,66m) de largeur a 8 laizes.<\/p>\n<p>-Murale en papier\u00a0peint pr\u00e9encoll\u00e9e, lavable, s&#8217;enl\u00e8ve \u00e0 sec et r\u00e9utilisable. Facile \u00e0 installer, se pose comme du papier\u00a0peint (tapisserie).<\/p>\n<p>-Photographie de Irene Miller. Vous pouvez obtenir plus d&#8217;informations \u00e0 <a href=\"http:\/\/www.imillerphoto.com\" rel=\"nofollow noopener\" target=\"_blank\">www.imillerphoto.com<\/a>.<\/p>\n<p>-Cette image n&#8217;est pas compl\u00e8tement en noir et blanc, il y a un peu de rouge.<\/p>\n<p>-murale pissenlit, papier peint pissenlit, tapisserie pissenlit, murale florale, papier peint floral<\/p>\n","protected":false},"excerpt":{"rendered":"<p>-Magnifique photo murale en papier peint d&#8217;un pissenlit provenant d&#8217;une photographie de Irene Miller. -La murale comprend des laizes de 18&#8243; (45cm) de largeur. Par exemple, une murale de 6&#8242; (1,83m) de largeur a 4 laizes et une murale de 12&#8242; (3,66m) de largeur a 8 laizes. -Murale en papier\u00a0peint pr\u00e9encoll\u00e9e, lavable, s&#8217;enl\u00e8ve \u00e0 sec [&hellip;]<\/p>\n","protected":false},"featured_media":64720,"template":"","meta":{"_acf_changed":false},"product_brand":[171],"product_cat":[150,305,401],"product_tag":[9009,9010,9006,9167,8937,8905],"class_list":{"0":"post-4074","1":"product","2":"type-product","3":"status-publish","4":"has-post-thumbnail","6":"artist-irene-miller-fr","7":"product_brand-irene-miller-2","8":"product_cat-fleurs-et-feuillages","9":"product_cat-produits-vedettes","10":"product_cat-tous-nos-produits","11":"product_tag-fleur","12":"product_tag-fleurs","13":"product_tag-floral-fr","14":"product_tag-macro-fr","15":"product_tag-pissenlits","16":"product_tag-plan-rapproche","18":"first","19":"instock","20":"taxable","21":"shipping-taxable","22":"purchasable","23":"product-type-variable","24":"has-default-attributes"},"acf":[],"_links":{"self":[{"href":"https:\/\/www.muralunique.com\/fr\/wp-json\/wp\/v2\/product\/4074","targetHints":{"allow":["GET"]}}],"collection":[{"href":"https:\/\/www.muralunique.com\/fr\/wp-json\/wp\/v2\/product"}],"about":[{"href":"https:\/\/www.muralunique.com\/fr\/wp-json\/wp\/v2\/types\/product"}],"wp:featuredmedia":[{"embeddable":true,"href":"https:\/\/www.muralunique.com\/fr\/wp-json\/wp\/v2\/media\/64720"}],"wp:attachment":[{"href":"https:\/\/www.muralunique.com\/fr\/wp-json\/wp\/v2\/media?parent=4074"}],"wp:term":[{"taxonomy":"product_brand","embeddable":true,"href":"https:\/\/www.muralunique.com\/fr\/wp-json\/wp\/v2\/product_brand?post=4074"},{"taxonomy":"product_cat","embeddable":true,"href":"https:\/\/www.muralunique.com\/fr\/wp-json\/wp\/v2\/product_cat?post=4074"},{"taxonomy":"product_tag","embeddable":true,"href":"https:\/\/www.muralunique.com\/fr\/wp-json\/wp\/v2\/product_tag?post=4074"}],"curies":[{"name":"wp","href":"https:\/\/api.w.org\/{rel}","templated":true}]}}