{"id":40906,"date":"2020-09-14T09:49:26","date_gmt":"2020-09-14T13:49:26","guid":{"rendered":"https:\/\/www.muralunique.com\/?post_type=product&#038;p=40906"},"modified":"2025-10-16T15:40:25","modified_gmt":"2025-10-16T19:40:25","slug":"motif-floral-toile-de-jouy","status":"publish","type":"product","link":"https:\/\/www.muralunique.com\/fr\/produit\/motif-floral-toile-de-jouy\/","title":{"rendered":"Motif Floral Toile de Jouy"},"content":{"rendered":"<p>&#8211;<span lang=\"fr\">Murale en papier peint d&#8217;un motif floral appel\u00e9 toile de jouy. \u00abToile de Jouy\u00bb, parfois abr\u00e9g\u00e9 simplement \u00abtoile\u00bb, est un type de motif de d\u00e9coration constitu\u00e9 d&#8217;un fond blanc ou blanc cass\u00e9 sur lequel se trouve un motif r\u00e9p\u00e9t\u00e9 repr\u00e9sentant une sc\u00e8ne assez complexe, g\u00e9n\u00e9ralement d&#8217;un th\u00e8me pastoral comme un couple qui fait un pique-nique au bord d&#8217;un lac ou un arrangement de fleurs (<a href=\"https:\/\/en.wikipedia.org\/wiki\/Toile\" rel=\"nofollow noopener\" target=\"_blank\">Wikipedia.org<\/a>).<\/span><\/p>\n<p><strong>-Cette murale peut \u00eatre r\u00e9p\u00e9t\u00e9e horizontalement et verticalement.<\/strong><\/p>\n<p>-La murale comprend des laizes de 18\u2033 (45cm) de largeur. Par exemple, une murale de 6\u2032 (1,83m) de largeur a 4 laizes et une murale de 12\u2032 (3,66m) de largeur a 8 laizes.<\/p>\n<p>-Murale en papier\u00a0peint pr\u00e9encoll\u00e9e, lavable, s\u2019enl\u00e8ve \u00e0 sec et r\u00e9utilisable. Facile \u00e0 installer, se pose comme du papier\u00a0peint (tapisserie).<\/p>\n<p>-murale motif floral, murale toile de jouy, papier peint motif floral, murale en papier peint motif floral, murale motif floral toile de jouy, tapisserie motif floral, tapisserie toile de jouy<\/p>\n","protected":false},"excerpt":{"rendered":"<p>&#8211;Murale en papier peint d&#8217;un motif floral appel\u00e9 toile de jouy. \u00abToile de Jouy\u00bb, parfois abr\u00e9g\u00e9 simplement \u00abtoile\u00bb, est un type de motif de d\u00e9coration constitu\u00e9 d&#8217;un fond blanc ou blanc cass\u00e9 sur lequel se trouve un motif r\u00e9p\u00e9t\u00e9 repr\u00e9sentant une sc\u00e8ne assez complexe, g\u00e9n\u00e9ralement d&#8217;un th\u00e8me pastoral comme un couple qui fait un pique-nique [&hellip;]<\/p>\n","protected":false},"featured_media":40904,"template":"","meta":{"_acf_changed":false},"product_brand":[],"product_cat":[150,367,10345,401],"product_tag":[9010,9006,9616,9617,9618],"class_list":{"0":"post-40906","1":"product","2":"type-product","3":"status-publish","4":"has-post-thumbnail","6":"product_cat-fleurs-et-feuillages","7":"product_cat-murales-en-r-p-tition","8":"product_cat-murs-extra-hauts-murales-repetition-verticale","9":"product_cat-tous-nos-produits","10":"product_tag-fleurs","11":"product_tag-floral-fr","12":"product_tag-jouy-fr","13":"product_tag-motif","14":"product_tag-toile-fr","16":"first","17":"instock","18":"taxable","19":"shipping-taxable","20":"purchasable","21":"product-type-variable"},"acf":[],"_links":{"self":[{"href":"https:\/\/www.muralunique.com\/fr\/wp-json\/wp\/v2\/product\/40906","targetHints":{"allow":["GET"]}}],"collection":[{"href":"https:\/\/www.muralunique.com\/fr\/wp-json\/wp\/v2\/product"}],"about":[{"href":"https:\/\/www.muralunique.com\/fr\/wp-json\/wp\/v2\/types\/product"}],"wp:featuredmedia":[{"embeddable":true,"href":"https:\/\/www.muralunique.com\/fr\/wp-json\/wp\/v2\/media\/40904"}],"wp:attachment":[{"href":"https:\/\/www.muralunique.com\/fr\/wp-json\/wp\/v2\/media?parent=40906"}],"wp:term":[{"taxonomy":"product_brand","embeddable":true,"href":"https:\/\/www.muralunique.com\/fr\/wp-json\/wp\/v2\/product_brand?post=40906"},{"taxonomy":"product_cat","embeddable":true,"href":"https:\/\/www.muralunique.com\/fr\/wp-json\/wp\/v2\/product_cat?post=40906"},{"taxonomy":"product_tag","embeddable":true,"href":"https:\/\/www.muralunique.com\/fr\/wp-json\/wp\/v2\/product_tag?post=40906"}],"curies":[{"name":"wp","href":"https:\/\/api.w.org\/{rel}","templated":true}]}}