{"id":4106,"date":"2012-02-11T18:06:05","date_gmt":"2012-02-11T18:06:05","guid":{"rendered":"https:\/\/muralunique.com\/?post_type=product&#038;p=4106"},"modified":"2025-07-30T15:05:32","modified_gmt":"2025-07-30T19:05:32","slug":"jacinthes-des-bois","status":"publish","type":"product","link":"https:\/\/www.muralunique.com\/fr\/produit\/jacinthes-des-bois\/","title":{"rendered":"Jacinthes des Bois"},"content":{"rendered":"<p>-Murale en papier peint d&#8217;un petit sentier dans une magnifique for\u00eat remplie de jacinthes des bois. Cette murale de paysage paisible est un \u00e9l\u00e9ment d\u00e9co int\u00e9ressant pour apporter tranquilit\u00e9 et s\u00e9r\u00e9nit\u00e9 \u00e0 votre int\u00e9rieur.<\/p>\n<p>-La murale comprend des laizes de 18&#8243; (45cm) de largeur. Par exemple, une murale de 6&#8242; (1,83m) de largeur a 4 laizes et une murale de 12&#8242; (3,66m) de largeur a 8 laizes.<\/p>\n<p>-Murale en papier\u00a0peint pr\u00e9encoll\u00e9e, lavable, s&#8217;enl\u00e8ve \u00e0 sec et r\u00e9utilisable. Facile \u00e0 installer, se pose comme du papier\u00a0peint (tapisserie).<\/p>\n<p>-murale de jacinthes des bois,murale de fleurs,papier peint de fleurs,papier peint floral,tapisserie de fleurs<\/p>\n","protected":false},"excerpt":{"rendered":"<p>-Murale en papier peint d&#8217;un petit sentier dans une magnifique for\u00eat remplie de jacinthes des bois. Cette murale de paysage paisible est un \u00e9l\u00e9ment d\u00e9co int\u00e9ressant pour apporter tranquilit\u00e9 et s\u00e9r\u00e9nit\u00e9 \u00e0 votre int\u00e9rieur. -La murale comprend des laizes de 18&#8243; (45cm) de largeur. Par exemple, une murale de 6&#8242; (1,83m) de largeur a 4 [&hellip;]<\/p>\n","protected":false},"featured_media":31481,"template":"","meta":{"_acf_changed":false},"product_brand":[203],"product_cat":[150,10434,141,401],"product_tag":[9478,8864,9427,9010,9019,8830,9219,9261,9137,9467],"class_list":{"0":"post-4106","1":"product","2":"type-product","3":"status-publish","4":"has-post-thumbnail","6":"product_brand-muralunique-com","7":"product_cat-fleurs-et-feuillages","8":"product_cat-images-panoramiques","9":"product_cat-nature-et-paysages","10":"product_cat-tous-nos-produits","11":"product_tag-arbres","12":"product_tag-calme","13":"product_tag-ete","14":"product_tag-fleurs","15":"product_tag-foret","16":"product_tag-jacinthes","17":"product_tag-nature-fr","18":"product_tag-paisible","19":"product_tag-paysage","20":"product_tag-tranquilite","22":"first","23":"instock","24":"taxable","25":"shipping-taxable","26":"purchasable","27":"product-type-variable","28":"has-default-attributes"},"acf":[],"_links":{"self":[{"href":"https:\/\/www.muralunique.com\/fr\/wp-json\/wp\/v2\/product\/4106","targetHints":{"allow":["GET"]}}],"collection":[{"href":"https:\/\/www.muralunique.com\/fr\/wp-json\/wp\/v2\/product"}],"about":[{"href":"https:\/\/www.muralunique.com\/fr\/wp-json\/wp\/v2\/types\/product"}],"wp:featuredmedia":[{"embeddable":true,"href":"https:\/\/www.muralunique.com\/fr\/wp-json\/wp\/v2\/media\/31481"}],"wp:attachment":[{"href":"https:\/\/www.muralunique.com\/fr\/wp-json\/wp\/v2\/media?parent=4106"}],"wp:term":[{"taxonomy":"product_brand","embeddable":true,"href":"https:\/\/www.muralunique.com\/fr\/wp-json\/wp\/v2\/product_brand?post=4106"},{"taxonomy":"product_cat","embeddable":true,"href":"https:\/\/www.muralunique.com\/fr\/wp-json\/wp\/v2\/product_cat?post=4106"},{"taxonomy":"product_tag","embeddable":true,"href":"https:\/\/www.muralunique.com\/fr\/wp-json\/wp\/v2\/product_tag?post=4106"}],"curies":[{"name":"wp","href":"https:\/\/api.w.org\/{rel}","templated":true}]}}