{"id":4118,"date":"2012-02-11T21:59:24","date_gmt":"2012-02-11T21:59:24","guid":{"rendered":"https:\/\/muralunique.com\/?post_type=product&#038;p=4118"},"modified":"2025-09-30T16:19:00","modified_gmt":"2025-09-30T20:19:00","slug":"ksar-dait-ben-haddou-au-maroc","status":"publish","type":"product","link":"https:\/\/www.muralunique.com\/fr\/produit\/ksar-dait-ben-haddou-au-maroc\/","title":{"rendered":"Ksar d&#8217;A\u00eft-Ben-Haddou au Maroc"},"content":{"rendered":"<p>-Une photo murale unique du Ksar d&#8217;A\u00eft-Ben-Haddou au Maroc (le Ksar d&#8217;A\u00eft-Ben-Haddou au Maroc fait partie du patrimoine mondial de l&#8217;UNESCO. On y a tourn\u00e9 plusieurs films dont Laurence d&#8217;Arabie, L&#8217;Homme qui voulut \u00eatre roi et Gladiator).<\/p>\n<p>-La murale comprend des laizes de 18&#8243; (45cm) de largeur. Par exemple, une murale de 6&#8242; (1,83m) de largeur a 4 laizes et une murale de 12&#8242; (3,66m) de largeur a 8 laizes.<\/p>\n<p>-Murale en papier\u00a0peint pr\u00e9encoll\u00e9e, lavable, s&#8217;enl\u00e8ve \u00e0 sec et r\u00e9utilisable. Facile \u00e0 installer, se pose comme du papier\u00a0peint (tapisserie).<\/p>\n<p>-murale Maroc, papier peint Maroc, murale Ksar d&#8217;A\u00eft-Ben-Haddou, photo murale Ksar d&#8217;A\u00eft-Ben-Haddou, papier peint Ksar d&#8217;A\u00eft-Ben-Haddou<\/p>\n","protected":false},"excerpt":{"rendered":"<p>-Une photo murale unique du Ksar d&#8217;A\u00eft-Ben-Haddou au Maroc (le Ksar d&#8217;A\u00eft-Ben-Haddou au Maroc fait partie du patrimoine mondial de l&#8217;UNESCO. On y a tourn\u00e9 plusieurs films dont Laurence d&#8217;Arabie, L&#8217;Homme qui voulut \u00eatre roi et Gladiator). -La murale comprend des laizes de 18&#8243; (45cm) de largeur. Par exemple, une murale de 6&#8242; (1,83m) de [&hellip;]<\/p>\n","protected":false},"featured_media":31548,"template":"","meta":{"_acf_changed":false},"product_brand":[203],"product_cat":[128,141,401],"product_tag":[8758,8757,8672,9131,9199,9536,9537,9137,9495],"class_list":{"0":"post-4118","1":"product","2":"type-product","3":"status-publish","4":"has-post-thumbnail","6":"product_brand-muralunique-com","7":"product_cat-merveilles-du-monde","8":"product_cat-nature-et-paysages","9":"product_cat-tous-nos-produits","10":"product_tag-africain","11":"product_tag-afrique","12":"product_tag-ait-ben-haddou-fr","13":"product_tag-ksar-fr","14":"product_tag-maroc","15":"product_tag-merveilles","16":"product_tag-merveilles-du-monde","17":"product_tag-paysage","18":"product_tag-unesco-fr","20":"first","21":"instock","22":"taxable","23":"shipping-taxable","24":"purchasable","25":"product-type-variable","26":"has-default-attributes"},"acf":[],"_links":{"self":[{"href":"https:\/\/www.muralunique.com\/fr\/wp-json\/wp\/v2\/product\/4118","targetHints":{"allow":["GET"]}}],"collection":[{"href":"https:\/\/www.muralunique.com\/fr\/wp-json\/wp\/v2\/product"}],"about":[{"href":"https:\/\/www.muralunique.com\/fr\/wp-json\/wp\/v2\/types\/product"}],"wp:featuredmedia":[{"embeddable":true,"href":"https:\/\/www.muralunique.com\/fr\/wp-json\/wp\/v2\/media\/31548"}],"wp:attachment":[{"href":"https:\/\/www.muralunique.com\/fr\/wp-json\/wp\/v2\/media?parent=4118"}],"wp:term":[{"taxonomy":"product_brand","embeddable":true,"href":"https:\/\/www.muralunique.com\/fr\/wp-json\/wp\/v2\/product_brand?post=4118"},{"taxonomy":"product_cat","embeddable":true,"href":"https:\/\/www.muralunique.com\/fr\/wp-json\/wp\/v2\/product_cat?post=4118"},{"taxonomy":"product_tag","embeddable":true,"href":"https:\/\/www.muralunique.com\/fr\/wp-json\/wp\/v2\/product_tag?post=4118"}],"curies":[{"name":"wp","href":"https:\/\/api.w.org\/{rel}","templated":true}]}}