{"id":4132,"date":"2012-02-11T22:06:45","date_gmt":"2012-02-11T22:06:45","guid":{"rendered":"https:\/\/muralunique.com\/?post_type=product&#038;p=4132"},"modified":"2022-04-16T19:44:04","modified_gmt":"2022-04-16T23:44:04","slug":"ma-vieille-bagnole","status":"publish","type":"product","link":"https:\/\/www.muralunique.com\/fr\/produit\/ma-vieille-bagnole\/","title":{"rendered":"Ma Vieille Bagnole"},"content":{"rendered":"<p>-Murale en papier peint trompe l&#8217;oeil d&#8217;une vieille bagnole.<\/p>\n<p>-La murale comprend des laizes de 18\u2033 (45cm) de largeur. Par exemple, une murale de 6\u2032 (1,83m) de largeur a 4 laizes et une murale de 12\u2032 (3,66m) de largeur a 8 laizes.<\/p>\n<p>-Murale en papier\u00a0peint pr\u00e9encoll\u00e9e, lavable, s\u2019enl\u00e8ve \u00e0 sec et r\u00e9utilisable. Facile \u00e0 installer, se pose comme du papier\u00a0peint (tapisserie).<\/p>\n<p>-Cr\u00e9ation de Tony Floreani.<\/p>\n<p>-murale vieille bagnole, papier peint vieille bagnole, murale garage, papier peint garage, murale trompe l&#8217;oeil<\/p>\n","protected":false},"excerpt":{"rendered":"<p>-Murale en papier peint trompe l&#8217;oeil d&#8217;une vieille bagnole. -La murale comprend des laizes de 18\u2033 (45cm) de largeur. Par exemple, une murale de 6\u2032 (1,83m) de largeur a 4 laizes et une murale de 12\u2032 (3,66m) de largeur a 8 laizes. -Murale en papier\u00a0peint pr\u00e9encoll\u00e9e, lavable, s\u2019enl\u00e8ve \u00e0 sec et r\u00e9utilisable. Facile \u00e0 installer, [&hellip;]<\/p>\n","protected":false},"featured_media":31440,"template":"","meta":{"_acf_changed":false},"product_brand":[136],"product_cat":[401,179,163,425],"product_tag":[9043,9469,9470,9483,9612,9485,9235,9234,9786,8874],"class_list":{"0":"post-4132","1":"product","2":"type-product","3":"status-publish","4":"has-post-thumbnail","6":"artist-tony-floreani-fr","7":"product_brand-tony-floreani","8":"product_cat-tous-nos-produits","9":"product_cat-transports","10":"product_cat-trompe-loeil","11":"product_cat-ultra-haute-d-finition-art","12":"product_tag-garage-fr","13":"product_tag-transport-fr","14":"product_tag-transportation","15":"product_tag-trompe-l-oeil","16":"product_tag-trompe-loeil-fr","17":"product_tag-trompe-oeil-fr","18":"product_tag-vieille-voiture","19":"product_tag-vieux","20":"product_tag-voiture","21":"product_tag-voitures","23":"first","24":"instock","25":"taxable","26":"shipping-taxable","27":"purchasable","28":"product-type-variable","29":"has-default-attributes"},"acf":[],"_links":{"self":[{"href":"https:\/\/www.muralunique.com\/fr\/wp-json\/wp\/v2\/product\/4132","targetHints":{"allow":["GET"]}}],"collection":[{"href":"https:\/\/www.muralunique.com\/fr\/wp-json\/wp\/v2\/product"}],"about":[{"href":"https:\/\/www.muralunique.com\/fr\/wp-json\/wp\/v2\/types\/product"}],"wp:featuredmedia":[{"embeddable":true,"href":"https:\/\/www.muralunique.com\/fr\/wp-json\/wp\/v2\/media\/31440"}],"wp:attachment":[{"href":"https:\/\/www.muralunique.com\/fr\/wp-json\/wp\/v2\/media?parent=4132"}],"wp:term":[{"taxonomy":"product_brand","embeddable":true,"href":"https:\/\/www.muralunique.com\/fr\/wp-json\/wp\/v2\/product_brand?post=4132"},{"taxonomy":"product_cat","embeddable":true,"href":"https:\/\/www.muralunique.com\/fr\/wp-json\/wp\/v2\/product_cat?post=4132"},{"taxonomy":"product_tag","embeddable":true,"href":"https:\/\/www.muralunique.com\/fr\/wp-json\/wp\/v2\/product_tag?post=4132"}],"curies":[{"name":"wp","href":"https:\/\/api.w.org\/{rel}","templated":true}]}}