{"id":41324,"date":"2020-09-21T12:53:08","date_gmt":"2020-09-21T16:53:08","guid":{"rendered":"https:\/\/www.muralunique.com\/?post_type=product&#038;p=41324"},"modified":"2022-03-16T17:38:06","modified_gmt":"2022-03-16T21:38:06","slug":"big-ben-a-londres","status":"publish","type":"product","link":"https:\/\/www.muralunique.com\/fr\/produit\/big-ben-a-londres\/","title":{"rendered":"Big Ben \u00e0 Londres"},"content":{"rendered":"<p>-Photo murale d&#8217;une vue magnifique de Big Ben \u00e0 Londres, Royaume-Uni. Big Ben est le surnom de la grande cloche de l&#8217;horloge \u00e0 l&#8217;extr\u00e9mit\u00e9 nord du palais de Westminster \u00e0 Londres (<a href=\"https:\/\/en.wikipedia.org\/wiki\/Big_Ben\" rel=\"nofollow noopener\" target=\"_blank\">wikipedia.org<\/a>). Le feuillage de cette murale donne un effet trompe l&#8217;oeil qui donnera de la profondeur \u00e0 n\u2019importe quel mur de votre int\u00e9rieur.<\/p>\n<p>-La murale comprend des laizes de 18\u2033 (45cm) de largeur. Par exemple, une murale de 6\u2032 (1,83m) de largeur a 4 laizes et une murale de 12\u2032 (3,66m) de largeur a 8 laizes.<\/p>\n<p>-Murale en papier\u00a0peint pr\u00e9encoll\u00e9e, lavable, s\u2019enl\u00e8ve \u00e0 sec et r\u00e9utilisable. Facile \u00e0 installer, se pose comme du papier\u00a0peint (tapisserie).<\/p>\n<p>-murale Big Ben \u00e0 Londres, murale en papier peint Big Ben \u00e0 Londres, tapisserie Big Ben \u00e0 Londres, papier peint Big Ben \u00e0 Londres, photo murale Big Ben \u00e0 Londres, murale Londres, papier peint Londres, tapisserie Londres<\/p>\n","protected":false},"excerpt":{"rendered":"<p>-Photo murale d&#8217;une vue magnifique de Big Ben \u00e0 Londres, Royaume-Uni. Big Ben est le surnom de la grande cloche de l&#8217;horloge \u00e0 l&#8217;extr\u00e9mit\u00e9 nord du palais de Westminster \u00e0 Londres (wikipedia.org). Le feuillage de cette murale donne un effet trompe l&#8217;oeil qui donnera de la profondeur \u00e0 n\u2019importe quel mur de votre int\u00e9rieur. -La [&hellip;]<\/p>\n","protected":false},"featured_media":41321,"template":"","meta":{"_acf_changed":false},"product_brand":[],"product_cat":[128,166,401,163],"product_tag":[9629,9517,9161,8902,8849,9498,8903,9483,9612,9485,9630,8901],"class_list":{"0":"post-41324","1":"product","2":"type-product","3":"status-publish","4":"has-post-thumbnail","6":"product_cat-merveilles-du-monde","7":"product_cat-scenes-urbaines-villes","8":"product_cat-tous-nos-produits","9":"product_cat-trompe-loeil","10":"product_tag-big-ben-fr","11":"product_tag-eau","12":"product_tag-londres","13":"product_tag-paysage-urbain","14":"product_tag-pont","15":"product_tag-royaume-uni","16":"product_tag-scene-urbaine","17":"product_tag-trompe-l-oeil","18":"product_tag-trompe-loeil-fr","19":"product_tag-trompe-oeil-fr","20":"product_tag-uk-fr","21":"product_tag-ville","23":"first","24":"instock","25":"taxable","26":"shipping-taxable","27":"purchasable","28":"product-type-variable","29":"has-default-attributes"},"acf":[],"_links":{"self":[{"href":"https:\/\/www.muralunique.com\/fr\/wp-json\/wp\/v2\/product\/41324","targetHints":{"allow":["GET"]}}],"collection":[{"href":"https:\/\/www.muralunique.com\/fr\/wp-json\/wp\/v2\/product"}],"about":[{"href":"https:\/\/www.muralunique.com\/fr\/wp-json\/wp\/v2\/types\/product"}],"wp:featuredmedia":[{"embeddable":true,"href":"https:\/\/www.muralunique.com\/fr\/wp-json\/wp\/v2\/media\/41321"}],"wp:attachment":[{"href":"https:\/\/www.muralunique.com\/fr\/wp-json\/wp\/v2\/media?parent=41324"}],"wp:term":[{"taxonomy":"product_brand","embeddable":true,"href":"https:\/\/www.muralunique.com\/fr\/wp-json\/wp\/v2\/product_brand?post=41324"},{"taxonomy":"product_cat","embeddable":true,"href":"https:\/\/www.muralunique.com\/fr\/wp-json\/wp\/v2\/product_cat?post=41324"},{"taxonomy":"product_tag","embeddable":true,"href":"https:\/\/www.muralunique.com\/fr\/wp-json\/wp\/v2\/product_tag?post=41324"}],"curies":[{"name":"wp","href":"https:\/\/api.w.org\/{rel}","templated":true}]}}