{"id":4158,"date":"2012-02-11T22:21:28","date_gmt":"2012-02-11T22:21:28","guid":{"rendered":"https:\/\/muralunique.com\/?post_type=product&#038;p=4158"},"modified":"2022-04-16T19:44:17","modified_gmt":"2022-04-16T23:44:17","slug":"grand-voilier","status":"publish","type":"product","link":"https:\/\/www.muralunique.com\/fr\/produit\/grand-voilier\/","title":{"rendered":"Grand Voilier"},"content":{"rendered":"<p>-Murale en papier peint d&#8217;un grand voilier sur une carte g\u00e9ographique antique.<\/p>\n<p>-La murale comprend des laizes de 18\u2033 (45cm) de largeur. Par exemple, une murale de 6\u2032 (1,83m) de largeur a 4 laizes et une murale de 12\u2032 (3,66m) de largeur a 8 laizes.<\/p>\n<p>-Murale en papier\u00a0peint pr\u00e9encoll\u00e9e, lavable, s\u2019enl\u00e8ve \u00e0 sec et r\u00e9utilisable. Facile \u00e0 installer, se pose comme du papier\u00a0peint (tapisserie).<\/p>\n<p>-murale voilier carte g\u00e9ographique antique, murale en papier peint voilier carte g\u00e9ographique antique, papier peint voilier carte g\u00e9ographique antique, tapisserie voilier carte g\u00e9ographique antique<\/p>\n","protected":false},"excerpt":{"rendered":"<p>-Murale en papier peint d&#8217;un grand voilier sur une carte g\u00e9ographique antique. -La murale comprend des laizes de 18\u2033 (45cm) de largeur. Par exemple, une murale de 6\u2032 (1,83m) de largeur a 4 laizes et une murale de 12\u2032 (3,66m) de largeur a 8 laizes. -Murale en papier\u00a0peint pr\u00e9encoll\u00e9e, lavable, s\u2019enl\u00e8ve \u00e0 sec et r\u00e9utilisable. [&hellip;]<\/p>\n","protected":false},"featured_media":31412,"template":"","meta":{"_acf_changed":false},"product_brand":[203],"product_cat":[160,401,179],"product_tag":[8767,8771,8831,9171,9172,9222,9221,9367,9469,9470,9234,9347],"class_list":{"0":"post-4158","1":"product","2":"type-product","3":"status-publish","4":"has-post-thumbnail","6":"product_brand-muralunique-com","7":"product_cat-cartes-et-drapeaux","8":"product_cat-tous-nos-produits","9":"product_cat-transports","10":"product_tag-ancient-fr","11":"product_tag-antique-fr","12":"product_tag-bateau","13":"product_tag-carte-fr","14":"product_tag-cartes","15":"product_tag-navigation","16":"product_tag-naviguer","17":"product_tag-navire","18":"product_tag-transport-fr","19":"product_tag-transportation","20":"product_tag-vieux","21":"product_tag-voile","23":"first","24":"instock","25":"taxable","26":"shipping-taxable","27":"purchasable","28":"product-type-variable","29":"has-default-attributes"},"acf":[],"_links":{"self":[{"href":"https:\/\/www.muralunique.com\/fr\/wp-json\/wp\/v2\/product\/4158","targetHints":{"allow":["GET"]}}],"collection":[{"href":"https:\/\/www.muralunique.com\/fr\/wp-json\/wp\/v2\/product"}],"about":[{"href":"https:\/\/www.muralunique.com\/fr\/wp-json\/wp\/v2\/types\/product"}],"wp:featuredmedia":[{"embeddable":true,"href":"https:\/\/www.muralunique.com\/fr\/wp-json\/wp\/v2\/media\/31412"}],"wp:attachment":[{"href":"https:\/\/www.muralunique.com\/fr\/wp-json\/wp\/v2\/media?parent=4158"}],"wp:term":[{"taxonomy":"product_brand","embeddable":true,"href":"https:\/\/www.muralunique.com\/fr\/wp-json\/wp\/v2\/product_brand?post=4158"},{"taxonomy":"product_cat","embeddable":true,"href":"https:\/\/www.muralunique.com\/fr\/wp-json\/wp\/v2\/product_cat?post=4158"},{"taxonomy":"product_tag","embeddable":true,"href":"https:\/\/www.muralunique.com\/fr\/wp-json\/wp\/v2\/product_tag?post=4158"}],"curies":[{"name":"wp","href":"https:\/\/api.w.org\/{rel}","templated":true}]}}