{"id":41581,"date":"2020-09-29T10:48:11","date_gmt":"2020-09-29T14:48:11","guid":{"rendered":"https:\/\/www.muralunique.com\/?post_type=product&#038;p=41581"},"modified":"2023-05-09T18:54:30","modified_gmt":"2023-05-09T22:54:30","slug":"feuillage-moderne","status":"publish","type":"product","link":"https:\/\/www.muralunique.com\/fr\/produit\/feuillage-moderne\/","title":{"rendered":"Feuillage Moderne"},"content":{"rendered":"<p><span lang=\"fr\">-Murale en papier peint pr\u00e9sentant un feuillage gris, noir et beige. Tr\u00e8s moderne et contemporaine, cette murale donnera du style et de la personnalit\u00e9 \u00e0 n&#8217;importe quelle pi\u00e8ce de votre maison.<\/span><\/p>\n<p>-La murale comprend des laizes de 18\u2033 (45cm) de largeur. Par exemple, une murale de 6\u2032 (1,83m) de largeur a 4 laizes et une murale de 12\u2032 (3,66m) de largeur a 8 laizes.<\/p>\n<p>-Murale en papier\u00a0peint pr\u00e9encoll\u00e9e, lavable, s\u2019enl\u00e8ve \u00e0 sec et r\u00e9utilisable. Facile \u00e0 installer, se pose comme du papier\u00a0peint (tapisserie).<\/p>\n<p>-murale feuillage moderne, papier peint feuillage moderne, murale en papier peint feuillage moderne, tapisserie feuillage moderne, murale de feuillage, papier peint de feuillage, tapisserie de feuillage, murale moderne<\/p>\n","protected":false},"excerpt":{"rendered":"<p>-Murale en papier peint pr\u00e9sentant un feuillage gris, noir et beige. Tr\u00e8s moderne et contemporaine, cette murale donnera du style et de la personnalit\u00e9 \u00e0 n&#8217;importe quelle pi\u00e8ce de votre maison. -La murale comprend des laizes de 18\u2033 (45cm) de largeur. Par exemple, une murale de 6\u2032 (1,83m) de largeur a 4 laizes et une [&hellip;]<\/p>\n","protected":false},"featured_media":74818,"template":"","meta":{"_acf_changed":false},"product_brand":[],"product_cat":[150,305,401,425],"product_tag":[8921,9014,9144,9187],"class_list":{"0":"post-41581","1":"product","2":"type-product","3":"status-publish","4":"has-post-thumbnail","6":"product_cat-fleurs-et-feuillages","7":"product_cat-produits-vedettes","8":"product_cat-tous-nos-produits","9":"product_cat-ultra-haute-d-finition-art","10":"product_tag-contemporain","11":"product_tag-feuillage","12":"product_tag-feuilles","13":"product_tag-moderne","15":"first","16":"instock","17":"taxable","18":"shipping-taxable","19":"purchasable","20":"product-type-variable","21":"has-default-attributes"},"acf":[],"_links":{"self":[{"href":"https:\/\/www.muralunique.com\/fr\/wp-json\/wp\/v2\/product\/41581","targetHints":{"allow":["GET"]}}],"collection":[{"href":"https:\/\/www.muralunique.com\/fr\/wp-json\/wp\/v2\/product"}],"about":[{"href":"https:\/\/www.muralunique.com\/fr\/wp-json\/wp\/v2\/types\/product"}],"wp:featuredmedia":[{"embeddable":true,"href":"https:\/\/www.muralunique.com\/fr\/wp-json\/wp\/v2\/media\/74818"}],"wp:attachment":[{"href":"https:\/\/www.muralunique.com\/fr\/wp-json\/wp\/v2\/media?parent=41581"}],"wp:term":[{"taxonomy":"product_brand","embeddable":true,"href":"https:\/\/www.muralunique.com\/fr\/wp-json\/wp\/v2\/product_brand?post=41581"},{"taxonomy":"product_cat","embeddable":true,"href":"https:\/\/www.muralunique.com\/fr\/wp-json\/wp\/v2\/product_cat?post=41581"},{"taxonomy":"product_tag","embeddable":true,"href":"https:\/\/www.muralunique.com\/fr\/wp-json\/wp\/v2\/product_tag?post=41581"}],"curies":[{"name":"wp","href":"https:\/\/api.w.org\/{rel}","templated":true}]}}