{"id":41632,"date":"2020-09-30T10:52:32","date_gmt":"2020-09-30T14:52:32","guid":{"rendered":"https:\/\/www.muralunique.com\/?post_type=product&#038;p=41632"},"modified":"2022-03-16T17:38:06","modified_gmt":"2022-03-16T21:38:06","slug":"jeu-de-lumieres-sepia","status":"publish","type":"product","link":"https:\/\/www.muralunique.com\/fr\/produit\/jeu-de-lumieres-sepia\/","title":{"rendered":"Jeu de Lumi\u00e8res (S\u00e9pia)"},"content":{"rendered":"<p>-Photo murale en p<span lang=\"fr\">apier peint d&#8217;une for\u00eat en couleur s\u00e9pia. Cette murale a de beaux effets de lumi\u00e8re et de profondeur qui donneront tranquilit\u00e9 et amplitude \u00e0 n&#8217;importe quelle pi\u00e8ce. Une excellente id\u00e9e pour la d\u00e9coration de votre maison mais aussi une excellente id\u00e9e pour un spa, une salle de yoga ou une salle de m\u00e9ditation.<\/span><\/p>\n<p>-La murale comprend des laizes de 18\u2033 (45cm) de largeur. Par exemple, une murale de 6\u2032 (1,83m) de largeur a 4 laizes et une murale de 12\u2032 (3,66m) de largeur a 8 laizes.<\/p>\n<p>-Murale en papier\u00a0peint pr\u00e9encoll\u00e9e, lavable, s\u2019enl\u00e8ve \u00e0 sec et r\u00e9utilisable. Facile \u00e0 installer, se pose comme du papier\u00a0peint (tapisserie).<\/p>\n<p>-Photographie de Lars van de Goor. Vous pouvez obtenir plus d&#8217;informations \u00e0 <a href=\"http:\/\/www.larsvandegoor.com\" rel=\"nofollow noopener\" target=\"_blank\">www.larsvandegoor.com<\/a>.<\/p>\n<p>-murale jeu de lumi\u00e8res en s\u00e9pia, murale jeu de lumi\u00e8res, murale for\u00eat, murale en papier peint jeu de lumi\u00e8res en s\u00e9pia, murale en papier peint de for\u00eat, papier peint de for\u00eat, tapisserie de for\u00eat, tapisserie jeu de lumi\u00e8res<\/p>\n<p>&nbsp;<\/p>\n<p>&nbsp;<\/p>\n","protected":false},"excerpt":{"rendered":"<p>-Photo murale en papier peint d&#8217;une for\u00eat en couleur s\u00e9pia. Cette murale a de beaux effets de lumi\u00e8re et de profondeur qui donneront tranquilit\u00e9 et amplitude \u00e0 n&#8217;importe quelle pi\u00e8ce. Une excellente id\u00e9e pour la d\u00e9coration de votre maison mais aussi une excellente id\u00e9e pour un spa, une salle de yoga ou une salle de [&hellip;]<\/p>\n","protected":false},"featured_media":41642,"template":"","meta":{"_acf_changed":false},"product_brand":[],"product_cat":[141,401],"product_tag":[9478,8864,9019,9219,9261,9137,9767,9770,9429,9428,9467],"class_list":{"0":"post-41632","1":"product","2":"type-product","3":"status-publish","4":"has-post-thumbnail","6":"artist-lars-van-de-goor-fr","7":"product_cat-nature-et-paysages","8":"product_cat-tous-nos-produits","9":"product_tag-arbres","10":"product_tag-calme","11":"product_tag-foret","12":"product_tag-nature-fr","13":"product_tag-paisible","14":"product_tag-paysage","15":"product_tag-rayons-de-soleil-fr","16":"product_tag-rayons-de-soleil-fr-2","17":"product_tag-rayons-de-soleil","18":"product_tag-soleil","19":"product_tag-tranquilite","21":"first","22":"instock","23":"taxable","24":"shipping-taxable","25":"purchasable","26":"product-type-variable","27":"has-default-attributes"},"acf":[],"_links":{"self":[{"href":"https:\/\/www.muralunique.com\/fr\/wp-json\/wp\/v2\/product\/41632","targetHints":{"allow":["GET"]}}],"collection":[{"href":"https:\/\/www.muralunique.com\/fr\/wp-json\/wp\/v2\/product"}],"about":[{"href":"https:\/\/www.muralunique.com\/fr\/wp-json\/wp\/v2\/types\/product"}],"wp:featuredmedia":[{"embeddable":true,"href":"https:\/\/www.muralunique.com\/fr\/wp-json\/wp\/v2\/media\/41642"}],"wp:attachment":[{"href":"https:\/\/www.muralunique.com\/fr\/wp-json\/wp\/v2\/media?parent=41632"}],"wp:term":[{"taxonomy":"product_brand","embeddable":true,"href":"https:\/\/www.muralunique.com\/fr\/wp-json\/wp\/v2\/product_brand?post=41632"},{"taxonomy":"product_cat","embeddable":true,"href":"https:\/\/www.muralunique.com\/fr\/wp-json\/wp\/v2\/product_cat?post=41632"},{"taxonomy":"product_tag","embeddable":true,"href":"https:\/\/www.muralunique.com\/fr\/wp-json\/wp\/v2\/product_tag?post=41632"}],"curies":[{"name":"wp","href":"https:\/\/api.w.org\/{rel}","templated":true}]}}