{"id":41757,"date":"2020-10-02T11:36:18","date_gmt":"2020-10-02T15:36:18","guid":{"rendered":"https:\/\/www.muralunique.com\/?post_type=product&#038;p=41757"},"modified":"2025-09-30T16:19:57","modified_gmt":"2025-09-30T20:19:57","slug":"mur-texture-de-pierres-gris","status":"publish","type":"product","link":"https:\/\/www.muralunique.com\/fr\/produit\/mur-texture-de-pierres-gris\/","title":{"rendered":"Mur Texture de Pierres (Gris)"},"content":{"rendered":"<p><span lang=\"fr\">-Photo murale d&#8217;une texture de pierres en ultra haute r\u00e9solution (couleur gris). Un mur de pierres peut ajouter beaucoup de charme \u00e0 une maison. Cependant, un vrai mur de pierre peut \u00eatre tr\u00e8s cher et poussi\u00e9reux; c&#8217;est pourquoi une murale de texture de pierre en haute r\u00e9solution est l&#8217;alternative parfaite. <\/span><\/p>\n<p>-La murale comprend des laizes de 18\u2033 (45cm) de largeur. Par exemple, une murale de 6\u2032 (1,83m) de largeur a 4 laizes et une murale de 12\u2032 (3,66m) de largeur a 8 laizes.<\/p>\n<p>-Murale en papier\u00a0peint pr\u00e9encoll\u00e9e, lavable, s\u2019enl\u00e8ve \u00e0 sec et r\u00e9utilisable. Facile \u00e0 installer, se pose comme du papier\u00a0peint (tapisserie).<\/p>\n<p>-Photographie de Donn Petelka. Vous pouvez obtenir plus d\u2019informations \u00e0 cette adresse:\u00a0<a href=\"mailto:donnpetelka@gmail.com\" target=\"_blank\" rel=\"noopener noreferrer\">donnpetelka@gmail.com<\/a>.<\/p>\n<p>-murale texture de pierres grises, tapisserie texture de pierres grises, tapisserie murale texture de pierres grises, papier peint texture de pierres grises<\/p>\n","protected":false},"excerpt":{"rendered":"<p>-Photo murale d&#8217;une texture de pierres en ultra haute r\u00e9solution (couleur gris). Un mur de pierres peut ajouter beaucoup de charme \u00e0 une maison. Cependant, un vrai mur de pierre peut \u00eatre tr\u00e8s cher et poussi\u00e9reux; c&#8217;est pourquoi une murale de texture de pierre en haute r\u00e9solution est l&#8217;alternative parfaite. -La murale comprend des laizes [&hellip;]<\/p>\n","protected":false},"featured_media":79234,"template":"","meta":{"_acf_changed":false},"product_brand":[],"product_cat":[10434,169,401,427],"product_tag":[9515,9416,9417,9447,9448,9449],"class_list":{"0":"post-41757","1":"product","2":"type-product","3":"status-publish","4":"has-post-thumbnail","6":"artist-donn-petelka-fr","7":"product_cat-images-panoramiques","8":"product_cat-textures-2","9":"product_cat-tous-nos-produits","10":"product_cat-ultra-haute-d-finition-photos","11":"product_tag-mur","12":"product_tag-pierre","13":"product_tag-pierres","14":"product_tag-texture-fr","15":"product_tag-texture-fr-2","16":"product_tag-textures","18":"first","19":"instock","20":"taxable","21":"shipping-taxable","22":"purchasable","23":"product-type-variable","24":"has-default-attributes"},"acf":[],"_links":{"self":[{"href":"https:\/\/www.muralunique.com\/fr\/wp-json\/wp\/v2\/product\/41757","targetHints":{"allow":["GET"]}}],"collection":[{"href":"https:\/\/www.muralunique.com\/fr\/wp-json\/wp\/v2\/product"}],"about":[{"href":"https:\/\/www.muralunique.com\/fr\/wp-json\/wp\/v2\/types\/product"}],"wp:featuredmedia":[{"embeddable":true,"href":"https:\/\/www.muralunique.com\/fr\/wp-json\/wp\/v2\/media\/79234"}],"wp:attachment":[{"href":"https:\/\/www.muralunique.com\/fr\/wp-json\/wp\/v2\/media?parent=41757"}],"wp:term":[{"taxonomy":"product_brand","embeddable":true,"href":"https:\/\/www.muralunique.com\/fr\/wp-json\/wp\/v2\/product_brand?post=41757"},{"taxonomy":"product_cat","embeddable":true,"href":"https:\/\/www.muralunique.com\/fr\/wp-json\/wp\/v2\/product_cat?post=41757"},{"taxonomy":"product_tag","embeddable":true,"href":"https:\/\/www.muralunique.com\/fr\/wp-json\/wp\/v2\/product_tag?post=41757"}],"curies":[{"name":"wp","href":"https:\/\/api.w.org\/{rel}","templated":true}]}}