{"id":4182,"date":"2012-02-11T22:59:22","date_gmt":"2012-02-11T22:59:22","guid":{"rendered":"https:\/\/muralunique.com\/?post_type=product&#038;p=4182"},"modified":"2022-01-13T12:00:42","modified_gmt":"2022-01-13T17:00:42","slug":"dinosaures","status":"publish","type":"product","link":"https:\/\/www.muralunique.com\/fr\/produit\/dinosaures\/","title":{"rendered":"Dinosaures"},"content":{"rendered":"<p>-Une murale en papier peint color\u00e9e pour enfants d&#8217;un groupe de dinosaures. Une oeuvre originale de Ruth Baker.<\/p>\n<p>-La murale comprend des laizes de 18&#8243; (45cm) de largeur. Par exemple, une murale de 6&#8242; (1,83m) de largeur a 4 laizes et une murale de 12&#8242; (3,66m) de largeur a 8 laizes.<\/p>\n<p>-Murale en papier peint pr\u00e9encoll\u00e9e, lavable, s&#8217;enl\u00e8ve \u00e0 sec et r\u00e9utilisable. Facile \u00e0 installer, se pose comme du papier peint (tapisserie).<\/p>\n<p>-Cette toile est une cr\u00e9ation de Ruth Baker.<\/p>\n<p>-murale de dinosaures, murale en papier peint de dinosaures, tapisserie de dinosaures, papier peint pour enfants, murales pour enfants<\/p>\n","protected":false},"excerpt":{"rendered":"<p>-Une murale en papier peint color\u00e9e pour enfants d&#8217;un groupe de dinosaures. Une oeuvre originale de Ruth Baker. -La murale comprend des laizes de 18&#8243; (45cm) de largeur. Par exemple, une murale de 6&#8242; (1,83m) de largeur a 4 laizes et une murale de 12&#8242; (3,66m) de largeur a 8 laizes. -Murale en papier peint [&hellip;]<\/p>\n","protected":false},"featured_media":4183,"template":"","meta":{"_acf_changed":false},"product_brand":[152],"product_cat":[134,173,401,425],"product_tag":[8768,8769,8791,8790,8944,8945,8894,8895,9125,9295,9294,9324,9513],"class_list":{"0":"post-4182","1":"product","2":"type-product","3":"status-publish","4":"has-post-thumbnail","6":"artist-ruth-baker-fr","7":"product_brand-ruth-baker","8":"product_cat-animaux","9":"product_cat-enfants","10":"product_cat-tous-nos-produits","11":"product_cat-ultra-haute-d-finition-art","12":"product_tag-animal","13":"product_tag-animaux","14":"product_tag-bebe","15":"product_tag-bebes","16":"product_tag-dinosaure","17":"product_tag-dinosaures","18":"product_tag-enfant","19":"product_tag-enfants","20":"product_tag-gamins","21":"product_tag-prehistoire","22":"product_tag-prehistorique","23":"product_tag-reptiles-fr","24":"product_tag-volcan","26":"first","27":"instock","28":"taxable","29":"shipping-taxable","30":"purchasable","31":"product-type-variable","32":"has-default-attributes"},"acf":[],"_links":{"self":[{"href":"https:\/\/www.muralunique.com\/fr\/wp-json\/wp\/v2\/product\/4182","targetHints":{"allow":["GET"]}}],"collection":[{"href":"https:\/\/www.muralunique.com\/fr\/wp-json\/wp\/v2\/product"}],"about":[{"href":"https:\/\/www.muralunique.com\/fr\/wp-json\/wp\/v2\/types\/product"}],"wp:featuredmedia":[{"embeddable":true,"href":"https:\/\/www.muralunique.com\/fr\/wp-json\/wp\/v2\/media\/4183"}],"wp:attachment":[{"href":"https:\/\/www.muralunique.com\/fr\/wp-json\/wp\/v2\/media?parent=4182"}],"wp:term":[{"taxonomy":"product_brand","embeddable":true,"href":"https:\/\/www.muralunique.com\/fr\/wp-json\/wp\/v2\/product_brand?post=4182"},{"taxonomy":"product_cat","embeddable":true,"href":"https:\/\/www.muralunique.com\/fr\/wp-json\/wp\/v2\/product_cat?post=4182"},{"taxonomy":"product_tag","embeddable":true,"href":"https:\/\/www.muralunique.com\/fr\/wp-json\/wp\/v2\/product_tag?post=4182"}],"curies":[{"name":"wp","href":"https:\/\/api.w.org\/{rel}","templated":true}]}}