{"id":4188,"date":"2012-02-11T23:02:20","date_gmt":"2012-02-11T23:02:20","guid":{"rendered":"https:\/\/muralunique.com\/?post_type=product&#038;p=4188"},"modified":"2025-09-30T16:19:56","modified_gmt":"2025-09-30T20:19:56","slug":"dauphins","status":"publish","type":"product","link":"https:\/\/www.muralunique.com\/fr\/produit\/dauphins\/","title":{"rendered":"Dauphins"},"content":{"rendered":"<p>-Une murale en papier peint sous les mers d&#8217;une maman dauphin et son b\u00e9b\u00e9. Oeuvre originale de Ruth Baker.<\/p>\n<p>-La murale comprend des laizes de 18&#8243; (45cm) de largeur. Par exemple, une murale de 6&#8242; (1,83m) de largeur a 4 laizes et une murale de 12&#8242; (3,66m) de largeur a 8 laizes.<\/p>\n<p>-Murale en papier peint pr\u00e9encoll\u00e9e, lavable, s&#8217;enl\u00e8ve \u00e0 sec et r\u00e9utilisable. Facile \u00e0 installer, se pose comme du papier peint (tapisserie).<\/p>\n<p>-Cette toile est une cr\u00e9ation de Ruth Baker.<\/p>\n<p>-murale de dauphin, murale en papier peint de dauphins, tapisserie d&#8217;animaux, papier peint pour enfants, papier peint de la mer<\/p>\n","protected":false},"excerpt":{"rendered":"<p>-Une murale en papier peint sous les mers d&#8217;une maman dauphin et son b\u00e9b\u00e9. Oeuvre originale de Ruth Baker. -La murale comprend des laizes de 18&#8243; (45cm) de largeur. Par exemple, une murale de 6&#8242; (1,83m) de largeur a 4 laizes et une murale de 12&#8242; (3,66m) de largeur a 8 laizes. -Murale en papier [&hellip;]<\/p>\n","protected":false},"featured_media":4189,"template":"","meta":{"_acf_changed":false},"product_brand":[152],"product_cat":[134,173,401,425],"product_tag":[8768,8769,8773,8791,8790,8951,8952,9517,8894,8895,9125,9352,9231,9494],"class_list":{"0":"post-4188","1":"product","2":"type-product","3":"status-publish","4":"has-post-thumbnail","6":"artist-ruth-baker-fr","7":"product_brand-ruth-baker","8":"product_cat-animaux","9":"product_cat-enfants","10":"product_cat-tous-nos-produits","11":"product_cat-ultra-haute-d-finition-art","12":"product_tag-animal","13":"product_tag-animaux","14":"product_tag-aquatique","15":"product_tag-bebe","16":"product_tag-bebes","17":"product_tag-dauphin","18":"product_tag-dauphins","19":"product_tag-eau","20":"product_tag-enfant","21":"product_tag-enfants","22":"product_tag-gamins","23":"product_tag-mer","24":"product_tag-ocean-fr-2","25":"product_tag-sous-marin","27":"first","28":"instock","29":"taxable","30":"shipping-taxable","31":"purchasable","32":"product-type-variable","33":"has-default-attributes"},"acf":[],"_links":{"self":[{"href":"https:\/\/www.muralunique.com\/fr\/wp-json\/wp\/v2\/product\/4188","targetHints":{"allow":["GET"]}}],"collection":[{"href":"https:\/\/www.muralunique.com\/fr\/wp-json\/wp\/v2\/product"}],"about":[{"href":"https:\/\/www.muralunique.com\/fr\/wp-json\/wp\/v2\/types\/product"}],"wp:featuredmedia":[{"embeddable":true,"href":"https:\/\/www.muralunique.com\/fr\/wp-json\/wp\/v2\/media\/4189"}],"wp:attachment":[{"href":"https:\/\/www.muralunique.com\/fr\/wp-json\/wp\/v2\/media?parent=4188"}],"wp:term":[{"taxonomy":"product_brand","embeddable":true,"href":"https:\/\/www.muralunique.com\/fr\/wp-json\/wp\/v2\/product_brand?post=4188"},{"taxonomy":"product_cat","embeddable":true,"href":"https:\/\/www.muralunique.com\/fr\/wp-json\/wp\/v2\/product_cat?post=4188"},{"taxonomy":"product_tag","embeddable":true,"href":"https:\/\/www.muralunique.com\/fr\/wp-json\/wp\/v2\/product_tag?post=4188"}],"curies":[{"name":"wp","href":"https:\/\/api.w.org\/{rel}","templated":true}]}}