{"id":42033,"date":"2020-10-09T10:17:38","date_gmt":"2020-10-09T14:17:38","guid":{"rendered":"https:\/\/www.muralunique.com\/?post_type=product&#038;p=42033"},"modified":"2022-04-16T19:44:12","modified_gmt":"2022-04-16T23:44:12","slug":"roses-pastel-noir-et-blanc","status":"publish","type":"product","link":"https:\/\/www.muralunique.com\/fr\/produit\/roses-pastel-noir-et-blanc\/","title":{"rendered":"Roses Pastel (Noir et Blanc)"},"content":{"rendered":"<p>-Murale florale d&#8217;un m\u00e9lange de damask et de roses en noir et blanc. Cette murale en papier peint cr\u00e9era un d\u00e9cor riche et \u00e9l\u00e9gant dans n&#8217;importe quelle pi\u00e8ce de votre maison.<\/p>\n<p>-La murale comprend des laizes de 18\u2033 (45cm) de largeur. Par exemple, une murale de 6\u2032 (1,83m) de largeur a 4 laizes et une murale de 12\u2032 (3,66m) de largeur a 8 laizes.<\/p>\n<p>-Murale en papier\u00a0peint pr\u00e9encoll\u00e9e, lavable, s\u2019enl\u00e8ve \u00e0 sec et r\u00e9utilisable. Facile \u00e0 installer, se pose comme du papier\u00a0peint (tapisserie).<\/p>\n<p>-murale florale, murale en papier peint florale, murale roses en noir et blanc, tapisserie roses en noir et blanc, papier peint roses en noir et blanc, murale florale en noir et blanc, murale damask floral en noir et blanc<\/p>\n","protected":false},"excerpt":{"rendered":"<p>-Murale florale d&#8217;un m\u00e9lange de damask et de roses en noir et blanc. Cette murale en papier peint cr\u00e9era un d\u00e9cor riche et \u00e9l\u00e9gant dans n&#8217;importe quelle pi\u00e8ce de votre maison. -La murale comprend des laizes de 18\u2033 (45cm) de largeur. Par exemple, une murale de 6\u2032 (1,83m) de largeur a 4 laizes et une [&hellip;]<\/p>\n","protected":false},"featured_media":42052,"template":"","meta":{"_acf_changed":false},"product_brand":[],"product_cat":[125,150,401],"product_tag":[8936,9010,9006,9611,9341],"class_list":{"0":"post-42033","1":"product","2":"type-product","3":"status-publish","4":"has-post-thumbnail","6":"product_cat-abstrait-et-geometrie","7":"product_cat-fleurs-et-feuillages","8":"product_cat-tous-nos-produits","9":"product_tag-damask-fr","10":"product_tag-fleurs","11":"product_tag-floral-fr","12":"product_tag-pastel-fr","13":"product_tag-roses-fr","15":"first","16":"instock","17":"taxable","18":"shipping-taxable","19":"purchasable","20":"product-type-variable","21":"has-default-attributes"},"acf":[],"_links":{"self":[{"href":"https:\/\/www.muralunique.com\/fr\/wp-json\/wp\/v2\/product\/42033","targetHints":{"allow":["GET"]}}],"collection":[{"href":"https:\/\/www.muralunique.com\/fr\/wp-json\/wp\/v2\/product"}],"about":[{"href":"https:\/\/www.muralunique.com\/fr\/wp-json\/wp\/v2\/types\/product"}],"wp:featuredmedia":[{"embeddable":true,"href":"https:\/\/www.muralunique.com\/fr\/wp-json\/wp\/v2\/media\/42052"}],"wp:attachment":[{"href":"https:\/\/www.muralunique.com\/fr\/wp-json\/wp\/v2\/media?parent=42033"}],"wp:term":[{"taxonomy":"product_brand","embeddable":true,"href":"https:\/\/www.muralunique.com\/fr\/wp-json\/wp\/v2\/product_brand?post=42033"},{"taxonomy":"product_cat","embeddable":true,"href":"https:\/\/www.muralunique.com\/fr\/wp-json\/wp\/v2\/product_cat?post=42033"},{"taxonomy":"product_tag","embeddable":true,"href":"https:\/\/www.muralunique.com\/fr\/wp-json\/wp\/v2\/product_tag?post=42033"}],"curies":[{"name":"wp","href":"https:\/\/api.w.org\/{rel}","templated":true}]}}