{"id":4206,"date":"2012-02-11T23:13:34","date_gmt":"2012-02-11T23:13:34","guid":{"rendered":"https:\/\/muralunique.com\/?post_type=product&#038;p=4206"},"modified":"2021-09-23T16:34:53","modified_gmt":"2021-09-23T20:34:53","slug":"poissons-de-mer","status":"publish","type":"product","link":"https:\/\/www.muralunique.com\/fr\/produit\/poissons-de-mer\/","title":{"rendered":"Poissons de Mer"},"content":{"rendered":"<p>-Une magnifique murale en papier peint sous les mers avec des poissons, tortues, requins et dauphins.<\/p>\n<p>-La murale comprend des laizes de 18&#8243; (45cm) de largeur. Par exemple, une murale de 6&#8242; (1,83m) de largeur a 4 laizes et une murale de 12&#8242; (3,66m) de largeur a 8 laizes.<\/p>\n<p>-Murale en papier\u00a0peint pr\u00e9encoll\u00e9e, lavable, s&#8217;enl\u00e8ve \u00e0 sec et r\u00e9utilisable. Facile \u00e0 installer, se pose comme du papier\u00a0peint (tapisserie).<\/p>\n<p>-Une cr\u00e9ation originale de Birgit Schulz.<\/p>\n<p>-murale sous les mers, murale de poissons, tapisserie de poissons, papier peint de poissons, murale pour enfants<\/p>\n","protected":false},"excerpt":{"rendered":"<p>-Une magnifique murale en papier peint sous les mers avec des poissons, tortues, requins et dauphins. -La murale comprend des laizes de 18&#8243; (45cm) de largeur. Par exemple, une murale de 6&#8242; (1,83m) de largeur a 4 laizes et une murale de 12&#8242; (3,66m) de largeur a 8 laizes. -Murale en papier\u00a0peint pr\u00e9encoll\u00e9e, lavable, s&#8217;enl\u00e8ve [&hellip;]<\/p>\n","protected":false},"featured_media":4207,"template":"","meta":{"_acf_changed":false},"product_brand":[165],"product_cat":[134,173,401,425],"product_tag":[8768,8769,8773,8791,8790,8922,8952,9517,8894,8895,8970,9125,9352,9231,9002,9003,9315,9361,9494,9492,9486],"class_list":{"0":"post-4206","1":"product","2":"type-product","3":"status-publish","4":"has-post-thumbnail","6":"artist-birgit-schulz-fr","7":"product_brand-birgit-schulz-2","8":"product_cat-animaux","9":"product_cat-enfants","10":"product_cat-tous-nos-produits","11":"product_cat-ultra-haute-d-finition-art","12":"product_tag-animal","13":"product_tag-animaux","14":"product_tag-aquatique","15":"product_tag-bebe","16":"product_tag-bebes","17":"product_tag-corail","18":"product_tag-dauphins","19":"product_tag-eau","20":"product_tag-enfant","21":"product_tag-enfants","22":"product_tag-exotique","23":"product_tag-gamins","24":"product_tag-mer","25":"product_tag-ocean-fr-2","26":"product_tag-poisson","27":"product_tag-poissons","28":"product_tag-rayons","29":"product_tag-requins","30":"product_tag-sous-marin","31":"product_tag-tortues","32":"product_tag-tropical-fr","34":"first","35":"instock","36":"taxable","37":"shipping-taxable","38":"purchasable","39":"product-type-variable","40":"has-default-attributes"},"acf":[],"_links":{"self":[{"href":"https:\/\/www.muralunique.com\/fr\/wp-json\/wp\/v2\/product\/4206","targetHints":{"allow":["GET"]}}],"collection":[{"href":"https:\/\/www.muralunique.com\/fr\/wp-json\/wp\/v2\/product"}],"about":[{"href":"https:\/\/www.muralunique.com\/fr\/wp-json\/wp\/v2\/types\/product"}],"wp:featuredmedia":[{"embeddable":true,"href":"https:\/\/www.muralunique.com\/fr\/wp-json\/wp\/v2\/media\/4207"}],"wp:attachment":[{"href":"https:\/\/www.muralunique.com\/fr\/wp-json\/wp\/v2\/media?parent=4206"}],"wp:term":[{"taxonomy":"product_brand","embeddable":true,"href":"https:\/\/www.muralunique.com\/fr\/wp-json\/wp\/v2\/product_brand?post=4206"},{"taxonomy":"product_cat","embeddable":true,"href":"https:\/\/www.muralunique.com\/fr\/wp-json\/wp\/v2\/product_cat?post=4206"},{"taxonomy":"product_tag","embeddable":true,"href":"https:\/\/www.muralunique.com\/fr\/wp-json\/wp\/v2\/product_tag?post=4206"}],"curies":[{"name":"wp","href":"https:\/\/api.w.org\/{rel}","templated":true}]}}