{"id":4222,"date":"2012-02-12T21:27:56","date_gmt":"2012-02-12T21:27:56","guid":{"rendered":"https:\/\/muralunique.com\/?post_type=product&#038;p=4222"},"modified":"2021-09-23T16:34:54","modified_gmt":"2021-09-23T20:34:54","slug":"girafes","status":"publish","type":"product","link":"https:\/\/www.muralunique.com\/fr\/produit\/girafes\/","title":{"rendered":"Girafes"},"content":{"rendered":"<p>-Une photo murale en papier peint de trois girafes.<\/p>\n<p>-La murale comprend des laizes de 18&#8243; (45cm) de largeur. Par exemple, une murale de 6&#8242; (1,83m) de largeur a 4 laizes et une murale de 12&#8242; (3,66m) de largeur a 8 laizes.<\/p>\n<p>-Murale en papier\u00a0peint pr\u00e9encoll\u00e9e, lavable, s&#8217;enl\u00e8ve \u00e0 sec et r\u00e9utilisable. Facile \u00e0 installer, se pose comme du papier\u00a0peint (tapisserie).<\/p>\n<p>-murale de girafes, murale en papier peint de girafes, papier peint d&#8217;animaux, tapisserie d&#8217;animaux, murale pour enfants<\/p>\n","protected":false},"excerpt":{"rendered":"<p>-Une photo murale en papier peint de trois girafes. -La murale comprend des laizes de 18&#8243; (45cm) de largeur. Par exemple, une murale de 6&#8242; (1,83m) de largeur a 4 laizes et une murale de 12&#8242; (3,66m) de largeur a 8 laizes. -Murale en papier\u00a0peint pr\u00e9encoll\u00e9e, lavable, s&#8217;enl\u00e8ve \u00e0 sec et r\u00e9utilisable. Facile \u00e0 installer, [&hellip;]<\/p>\n","protected":false},"featured_media":4223,"template":"","meta":{"_acf_changed":false},"product_brand":[203],"product_cat":[134,173,401],"product_tag":[8758,8757,8768,8769,8894,8895,9125,9050,9051,9122,9219,9346,9524,9526],"class_list":{"0":"post-4222","1":"product","2":"type-product","3":"status-publish","4":"has-post-thumbnail","6":"product_brand-muralunique-com","7":"product_cat-animaux","8":"product_cat-enfants","9":"product_cat-tous-nos-produits","10":"product_tag-africain","11":"product_tag-afrique","12":"product_tag-animal","13":"product_tag-animaux","14":"product_tag-enfant","15":"product_tag-enfants","16":"product_tag-gamins","17":"product_tag-girafe","18":"product_tag-girafes","19":"product_tag-jungle-fr","20":"product_tag-nature-fr","21":"product_tag-safari-fr","22":"product_tag-sauvage","23":"product_tag-vie-sauvage","25":"first","26":"instock","27":"taxable","28":"shipping-taxable","29":"purchasable","30":"product-type-variable","31":"has-default-attributes"},"acf":[],"_links":{"self":[{"href":"https:\/\/www.muralunique.com\/fr\/wp-json\/wp\/v2\/product\/4222","targetHints":{"allow":["GET"]}}],"collection":[{"href":"https:\/\/www.muralunique.com\/fr\/wp-json\/wp\/v2\/product"}],"about":[{"href":"https:\/\/www.muralunique.com\/fr\/wp-json\/wp\/v2\/types\/product"}],"wp:featuredmedia":[{"embeddable":true,"href":"https:\/\/www.muralunique.com\/fr\/wp-json\/wp\/v2\/media\/4223"}],"wp:attachment":[{"href":"https:\/\/www.muralunique.com\/fr\/wp-json\/wp\/v2\/media?parent=4222"}],"wp:term":[{"taxonomy":"product_brand","embeddable":true,"href":"https:\/\/www.muralunique.com\/fr\/wp-json\/wp\/v2\/product_brand?post=4222"},{"taxonomy":"product_cat","embeddable":true,"href":"https:\/\/www.muralunique.com\/fr\/wp-json\/wp\/v2\/product_cat?post=4222"},{"taxonomy":"product_tag","embeddable":true,"href":"https:\/\/www.muralunique.com\/fr\/wp-json\/wp\/v2\/product_tag?post=4222"}],"curies":[{"name":"wp","href":"https:\/\/api.w.org\/{rel}","templated":true}]}}