{"id":42221,"date":"2020-10-15T11:17:35","date_gmt":"2020-10-15T15:17:35","guid":{"rendered":"https:\/\/www.muralunique.com\/?post_type=product&#038;p=42221"},"modified":"2025-09-30T16:19:00","modified_gmt":"2025-09-30T20:19:00","slug":"graffiti-daffiches-dechirees","status":"publish","type":"product","link":"https:\/\/www.muralunique.com\/fr\/produit\/graffiti-daffiches-dechirees\/","title":{"rendered":"Graffiti d&#8217;Affiches D\u00e9chir\u00e9es"},"content":{"rendered":"<p><span lang=\"fr\">-Murale en papier peint d&#8217;affiches d\u00e9chir\u00e9es sur un vieux mur. Si vous cherchez \u00e0 cr\u00e9er un look urbain unique dans une pi\u00e8ce, cette murale de type graffiti est le choix parfait. Une excellente option pour une chambre d&#8217;adolescent.\u00a0<\/span><\/p>\n<p>-La murale comprend des laizes de 18\u2033 (45cm) de largeur. Par exemple, une murale de 6\u2032 (1,83m) de largeur a 4 laizes et une murale de 12\u2032 (3,66m) de largeur a 8 laizes.<\/p>\n<p>-Murale en papier\u00a0peint pr\u00e9encoll\u00e9e, lavable, s\u2019enl\u00e8ve \u00e0 sec et r\u00e9utilisable. Facile \u00e0 installer, se pose comme du papier\u00a0peint (tapisserie).<\/p>\n<p>-murale affiches d\u00e9chir\u00e9es, photo murale affiches d\u00e9chir\u00e9es, papier peint affiches d\u00e9chir\u00e9es, tapisserie affiches d\u00e9chir\u00e9es, murale graffiti, photo murale graffiti, murale en papier peint graffiti, papier peint graffiti<\/p>\n","protected":false},"excerpt":{"rendered":"<p>-Murale en papier peint d&#8217;affiches d\u00e9chir\u00e9es sur un vieux mur. Si vous cherchez \u00e0 cr\u00e9er un look urbain unique dans une pi\u00e8ce, cette murale de type graffiti est le choix parfait. Une excellente option pour une chambre d&#8217;adolescent.\u00a0 -La murale comprend des laizes de 18\u2033 (45cm) de largeur. Par exemple, une murale de 6\u2032 (1,83m) [&hellip;]<\/p>\n","protected":false},"featured_media":62704,"template":"","meta":{"_acf_changed":false},"product_brand":[],"product_cat":[131,169,401],"product_tag":[9441,9442,9639,9870,9641,9057,9058,9640,9423],"class_list":{"0":"post-42221","1":"product","2":"type-product","3":"status-publish","4":"has-post-thumbnail","6":"product_cat-adolescents","7":"product_cat-textures-2","8":"product_cat-tous-nos-produits","9":"product_tag-ado","10":"product_tag-adolescents","11":"product_tag-collage-fr","12":"product_tag-dechire-fr","13":"product_tag-dechire","14":"product_tag-graffiti-fr","15":"product_tag-graffitis-fr","16":"product_tag-posters-fr","17":"product_tag-rue","19":"first","20":"instock","21":"taxable","22":"shipping-taxable","23":"purchasable","24":"product-type-variable","25":"has-default-attributes"},"acf":[],"_links":{"self":[{"href":"https:\/\/www.muralunique.com\/fr\/wp-json\/wp\/v2\/product\/42221","targetHints":{"allow":["GET"]}}],"collection":[{"href":"https:\/\/www.muralunique.com\/fr\/wp-json\/wp\/v2\/product"}],"about":[{"href":"https:\/\/www.muralunique.com\/fr\/wp-json\/wp\/v2\/types\/product"}],"wp:featuredmedia":[{"embeddable":true,"href":"https:\/\/www.muralunique.com\/fr\/wp-json\/wp\/v2\/media\/62704"}],"wp:attachment":[{"href":"https:\/\/www.muralunique.com\/fr\/wp-json\/wp\/v2\/media?parent=42221"}],"wp:term":[{"taxonomy":"product_brand","embeddable":true,"href":"https:\/\/www.muralunique.com\/fr\/wp-json\/wp\/v2\/product_brand?post=42221"},{"taxonomy":"product_cat","embeddable":true,"href":"https:\/\/www.muralunique.com\/fr\/wp-json\/wp\/v2\/product_cat?post=42221"},{"taxonomy":"product_tag","embeddable":true,"href":"https:\/\/www.muralunique.com\/fr\/wp-json\/wp\/v2\/product_tag?post=42221"}],"curies":[{"name":"wp","href":"https:\/\/api.w.org\/{rel}","templated":true}]}}