{"id":4228,"date":"2012-02-12T21:30:55","date_gmt":"2012-02-12T21:30:55","guid":{"rendered":"https:\/\/muralunique.com\/?post_type=product&#038;p=4228"},"modified":"2022-04-16T19:43:42","modified_gmt":"2022-04-16T23:43:42","slug":"hourra","status":"publish","type":"product","link":"https:\/\/www.muralunique.com\/fr\/produit\/hourra\/","title":{"rendered":"Hourra"},"content":{"rendered":"<p>-Une murale en papier peint unique provenant d&#8217;une artiste unique: Birgit Schulz.<\/p>\n<p>-La murale comprend des laizes de 18&#8243; (45cm) de largeur. Par exemple, une murale de 6&#8242; (1,83m) de largeur a 4 laizes et une murale de 12&#8242; (3,66m) de largeur a 8 laizes.<\/p>\n<p>-Murale en papier\u00a0peint pr\u00e9encoll\u00e9e, lavable, s&#8217;enl\u00e8ve \u00e0 sec et r\u00e9utilisable. Facile \u00e0 installer, se pose comme du papier\u00a0peint (tapisserie).<\/p>\n<p>-Une cr\u00e9ation originale de Birgit Schulz.<\/p>\n<p>-murale pour enfants, murale d&#8217;animaux, murale pour garderies, papier peint pour enfants, papier peint pour chambre d&#8217;enfants<\/p>\n","protected":false},"excerpt":{"rendered":"<p>-Une murale en papier peint unique provenant d&#8217;une artiste unique: Birgit Schulz. -La murale comprend des laizes de 18&#8243; (45cm) de largeur. Par exemple, une murale de 6&#8242; (1,83m) de largeur a 4 laizes et une murale de 12&#8242; (3,66m) de largeur a 8 laizes. -Murale en papier\u00a0peint pr\u00e9encoll\u00e9e, lavable, s&#8217;enl\u00e8ve \u00e0 sec et r\u00e9utilisable. [&hellip;]<\/p>\n","protected":false},"featured_media":4229,"template":"","meta":{"_acf_changed":false},"product_brand":[165],"product_cat":[134,173,401,425],"product_tag":[8766,9036,8769,8791,8790,9038,8967,8894,8895,9125,9244,9139],"class_list":{"0":"post-4228","1":"product","2":"type-product","3":"status-publish","4":"has-post-thumbnail","6":"artist-birgit-schulz-fr","7":"product_brand-birgit-schulz-2","8":"product_cat-animaux","9":"product_cat-enfants","10":"product_cat-tous-nos-produits","11":"product_cat-ultra-haute-d-finition-art","12":"product_tag-amusant","13":"product_tag-amusement","14":"product_tag-animaux","15":"product_tag-bebe","16":"product_tag-bebes","17":"product_tag-drole","18":"product_tag-elephants-fr","19":"product_tag-enfant","20":"product_tag-enfants","21":"product_tag-gamins","22":"product_tag-pandas-fr","23":"product_tag-rire","25":"first","26":"instock","27":"taxable","28":"shipping-taxable","29":"purchasable","30":"product-type-variable","31":"has-default-attributes"},"acf":[],"_links":{"self":[{"href":"https:\/\/www.muralunique.com\/fr\/wp-json\/wp\/v2\/product\/4228","targetHints":{"allow":["GET"]}}],"collection":[{"href":"https:\/\/www.muralunique.com\/fr\/wp-json\/wp\/v2\/product"}],"about":[{"href":"https:\/\/www.muralunique.com\/fr\/wp-json\/wp\/v2\/types\/product"}],"wp:featuredmedia":[{"embeddable":true,"href":"https:\/\/www.muralunique.com\/fr\/wp-json\/wp\/v2\/media\/4229"}],"wp:attachment":[{"href":"https:\/\/www.muralunique.com\/fr\/wp-json\/wp\/v2\/media?parent=4228"}],"wp:term":[{"taxonomy":"product_brand","embeddable":true,"href":"https:\/\/www.muralunique.com\/fr\/wp-json\/wp\/v2\/product_brand?post=4228"},{"taxonomy":"product_cat","embeddable":true,"href":"https:\/\/www.muralunique.com\/fr\/wp-json\/wp\/v2\/product_cat?post=4228"},{"taxonomy":"product_tag","embeddable":true,"href":"https:\/\/www.muralunique.com\/fr\/wp-json\/wp\/v2\/product_tag?post=4228"}],"curies":[{"name":"wp","href":"https:\/\/api.w.org\/{rel}","templated":true}]}}