{"id":4240,"date":"2012-02-12T21:37:18","date_gmt":"2012-02-12T21:37:18","guid":{"rendered":"https:\/\/muralunique.com\/?post_type=product&#038;p=4240"},"modified":"2021-09-23T16:34:54","modified_gmt":"2021-09-23T20:34:54","slug":"cest-a-moi","status":"publish","type":"product","link":"https:\/\/www.muralunique.com\/fr\/produit\/cest-a-moi\/","title":{"rendered":"C&#8217;est \u00e0 Moi"},"content":{"rendered":"<p>-Une murale tout \u00e0 fait originale et unique de petits moutons.<\/p>\n<p>-La murale comprend des laizes de 18&#8243; (45cm) de largeur. Par exemple, une murale de 6&#8242; (1,83m) de largeur a 4 laizes et une murale de 12&#8242; (3,66m) de largeur a 8 laizes.<\/p>\n<p>-Murale en papier\u00a0peint pr\u00e9encoll\u00e9e, lavable, s&#8217;enl\u00e8ve \u00e0 sec et r\u00e9utilisable. Facile \u00e0 installer, se pose comme du papier\u00a0peint (tapisserie).<\/p>\n<p>-Cette toile est une cr\u00e9ation d&#8217;Annie Giroux. Vous pouvez obtenir plus d&#8217;informations \u00e0 <a href=\"http:\/\/www.anniegiroux.com\" rel=\"nofollow noopener\" target=\"_blank\">www.anniegiroux.com<\/a>.<\/p>\n<p>-murale en papier peint de moutons, murale de moutons, tapisserie d&#8217;animaux, papier peint pour enfants, tapisserie pour b\u00e9b\u00e9<\/p>\n","protected":false},"excerpt":{"rendered":"<p>-Une murale tout \u00e0 fait originale et unique de petits moutons. -La murale comprend des laizes de 18&#8243; (45cm) de largeur. Par exemple, une murale de 6&#8242; (1,83m) de largeur a 4 laizes et une murale de 12&#8242; (3,66m) de largeur a 8 laizes. -Murale en papier\u00a0peint pr\u00e9encoll\u00e9e, lavable, s&#8217;enl\u00e8ve \u00e0 sec et r\u00e9utilisable. Facile [&hellip;]<\/p>\n","protected":false},"featured_media":4241,"template":"","meta":{"_acf_changed":false},"product_brand":[168],"product_cat":[134,173,401,425],"product_tag":[8766,9036,8768,8769,8791,8790,9038,8894,8895,9125,9363,9364],"class_list":{"0":"post-4240","1":"product","2":"type-product","3":"status-publish","4":"has-post-thumbnail","6":"artist-annie-giroux-fr","7":"product_brand-annie-giroux-2","8":"product_cat-animaux","9":"product_cat-enfants","10":"product_cat-tous-nos-produits","11":"product_cat-ultra-haute-d-finition-art","12":"product_tag-amusant","13":"product_tag-amusement","14":"product_tag-animal","15":"product_tag-animaux","16":"product_tag-bebe","17":"product_tag-bebes","18":"product_tag-drole","19":"product_tag-enfant","20":"product_tag-enfants","21":"product_tag-gamins","22":"product_tag-mouton","23":"product_tag-moutons","25":"first","26":"instock","27":"taxable","28":"shipping-taxable","29":"purchasable","30":"product-type-variable","31":"has-default-attributes"},"acf":[],"_links":{"self":[{"href":"https:\/\/www.muralunique.com\/fr\/wp-json\/wp\/v2\/product\/4240","targetHints":{"allow":["GET"]}}],"collection":[{"href":"https:\/\/www.muralunique.com\/fr\/wp-json\/wp\/v2\/product"}],"about":[{"href":"https:\/\/www.muralunique.com\/fr\/wp-json\/wp\/v2\/types\/product"}],"wp:featuredmedia":[{"embeddable":true,"href":"https:\/\/www.muralunique.com\/fr\/wp-json\/wp\/v2\/media\/4241"}],"wp:attachment":[{"href":"https:\/\/www.muralunique.com\/fr\/wp-json\/wp\/v2\/media?parent=4240"}],"wp:term":[{"taxonomy":"product_brand","embeddable":true,"href":"https:\/\/www.muralunique.com\/fr\/wp-json\/wp\/v2\/product_brand?post=4240"},{"taxonomy":"product_cat","embeddable":true,"href":"https:\/\/www.muralunique.com\/fr\/wp-json\/wp\/v2\/product_cat?post=4240"},{"taxonomy":"product_tag","embeddable":true,"href":"https:\/\/www.muralunique.com\/fr\/wp-json\/wp\/v2\/product_tag?post=4240"}],"curies":[{"name":"wp","href":"https:\/\/api.w.org\/{rel}","templated":true}]}}