{"id":4250,"date":"2012-02-12T21:58:35","date_gmt":"2012-02-12T21:58:35","guid":{"rendered":"https:\/\/muralunique.com\/?post_type=product&#038;p=4250"},"modified":"2025-09-30T16:18:21","modified_gmt":"2025-09-30T20:18:21","slug":"jungle","status":"publish","type":"product","link":"https:\/\/www.muralunique.com\/fr\/produit\/jungle\/","title":{"rendered":"Jungle"},"content":{"rendered":"<p>-Une murale en papier peint color\u00e9e de la jungle avec des animaux.<\/p>\n<p>-La murale comprend des laizes de 18&#8243; (45cm) de largeur. Par exemple, une murale de 6&#8242; (1,83m) de largeur a 4 laizes et une murale de 12&#8242; (3,66m) de largeur a 8 laizes.<\/p>\n<p>-Murale en papier\u00a0peint pr\u00e9encoll\u00e9e, lavable, s&#8217;enl\u00e8ve \u00e0 sec et r\u00e9utilisable. Facile \u00e0 installer, se pose comme du papier\u00a0peint (tapisserie).<\/p>\n<p>-Une cr\u00e9ation originale de Birgit Schulz.<\/p>\n<p>-murale en papier peint de la jungle, murale de la jungle, tapisserie des animaux de la jungle, murale pour enfants, papier peint pour chambres d&#8217;enfants<\/p>\n","protected":false},"excerpt":{"rendered":"<p>-Une murale en papier peint color\u00e9e de la jungle avec des animaux. -La murale comprend des laizes de 18&#8243; (45cm) de largeur. Par exemple, une murale de 6&#8242; (1,83m) de largeur a 4 laizes et une murale de 12&#8242; (3,66m) de largeur a 8 laizes. -Murale en papier\u00a0peint pr\u00e9encoll\u00e9e, lavable, s&#8217;enl\u00e8ve \u00e0 sec et r\u00e9utilisable. [&hellip;]<\/p>\n","protected":false},"featured_media":4251,"template":"","meta":{"_acf_changed":false},"product_brand":[165],"product_cat":[134,173,401,425],"product_tag":[8758,8757,8769,8791,8790,8879,9525,8894,8895,9019,9125,9051,9087,9116,9122,9146,9155,9245,8859,8858,9253,9524,9387,9191,9492,9526],"class_list":{"0":"post-4250","1":"product","2":"type-product","3":"status-publish","4":"has-post-thumbnail","6":"artist-birgit-schulz-fr","7":"product_brand-birgit-schulz-2","8":"product_cat-animaux","9":"product_cat-enfants","10":"product_cat-tous-nos-produits","11":"product_cat-ultra-haute-d-finition-art","12":"product_tag-africain","13":"product_tag-afrique","14":"product_tag-animaux","15":"product_tag-bebe","16":"product_tag-bebes","17":"product_tag-chats","18":"product_tag-chats-sauvages","19":"product_tag-enfant","20":"product_tag-enfants","21":"product_tag-foret","22":"product_tag-gamins","23":"product_tag-girafes","24":"product_tag-hippopotame","25":"product_tag-jaguars-fr","26":"product_tag-jungle-fr","27":"product_tag-leopards-fr","28":"product_tag-lions-fr","29":"product_tag-pantheres","30":"product_tag-papillon","31":"product_tag-papillons","32":"product_tag-perroquets","33":"product_tag-sauvage","34":"product_tag-serpents","35":"product_tag-singes","36":"product_tag-tortues","37":"product_tag-vie-sauvage","39":"first","40":"instock","41":"taxable","42":"shipping-taxable","43":"purchasable","44":"product-type-variable","45":"has-default-attributes"},"acf":[],"_links":{"self":[{"href":"https:\/\/www.muralunique.com\/fr\/wp-json\/wp\/v2\/product\/4250","targetHints":{"allow":["GET"]}}],"collection":[{"href":"https:\/\/www.muralunique.com\/fr\/wp-json\/wp\/v2\/product"}],"about":[{"href":"https:\/\/www.muralunique.com\/fr\/wp-json\/wp\/v2\/types\/product"}],"wp:featuredmedia":[{"embeddable":true,"href":"https:\/\/www.muralunique.com\/fr\/wp-json\/wp\/v2\/media\/4251"}],"wp:attachment":[{"href":"https:\/\/www.muralunique.com\/fr\/wp-json\/wp\/v2\/media?parent=4250"}],"wp:term":[{"taxonomy":"product_brand","embeddable":true,"href":"https:\/\/www.muralunique.com\/fr\/wp-json\/wp\/v2\/product_brand?post=4250"},{"taxonomy":"product_cat","embeddable":true,"href":"https:\/\/www.muralunique.com\/fr\/wp-json\/wp\/v2\/product_cat?post=4250"},{"taxonomy":"product_tag","embeddable":true,"href":"https:\/\/www.muralunique.com\/fr\/wp-json\/wp\/v2\/product_tag?post=4250"}],"curies":[{"name":"wp","href":"https:\/\/api.w.org\/{rel}","templated":true}]}}