{"id":4264,"date":"2012-02-12T22:13:43","date_gmt":"2012-02-12T22:13:43","guid":{"rendered":"https:\/\/muralunique.com\/?post_type=product&#038;p=4264"},"modified":"2021-09-23T16:34:54","modified_gmt":"2021-09-23T20:34:54","slug":"felins-de-la-jungle","status":"publish","type":"product","link":"https:\/\/www.muralunique.com\/fr\/produit\/felins-de-la-jungle\/","title":{"rendered":"F\u00e9lins de la Jungle"},"content":{"rendered":"<p>-Murale en papier peint color\u00e9e des f\u00e9lins de la jungle.<\/p>\n<p>-La murale comprend des laizes de 18&#8243; (45cm) de largeur. Par exemple, une murale de 6&#8242; (1,83m) de largeur a 4 laizes et une murale de 12&#8242; (3,66m) de largeur a 8 laizes.<\/p>\n<p>-Murale en papier\u00a0peint pr\u00e9encoll\u00e9e, lavable, s&#8217;enl\u00e8ve \u00e0 sec et r\u00e9utilisable. Facile \u00e0 installer, se pose comme du papier\u00a0peint (tapisserie).<\/p>\n<p>-Une cr\u00e9ation originale de Birgit Schulz.<\/p>\n<p>-murale des f\u00e9lins de la jungle, murale de la jungle, papier peint de la jungle, murale d&#8217;animaux, tapisserie pour enfants<\/p>\n","protected":false},"excerpt":{"rendered":"<p>-Murale en papier peint color\u00e9e des f\u00e9lins de la jungle. -La murale comprend des laizes de 18&#8243; (45cm) de largeur. Par exemple, une murale de 6&#8242; (1,83m) de largeur a 4 laizes et une murale de 12&#8242; (3,66m) de largeur a 8 laizes. -Murale en papier\u00a0peint pr\u00e9encoll\u00e9e, lavable, s&#8217;enl\u00e8ve \u00e0 sec et r\u00e9utilisable. Facile \u00e0 [&hellip;]<\/p>\n","protected":false},"featured_media":4265,"template":"","meta":{"_acf_changed":false},"product_brand":[165],"product_cat":[134,173,401,425],"product_tag":[8758,8757,8769,8791,8790,8879,9525,8894,8895,9019,9125,9122,9524],"class_list":{"0":"post-4264","1":"product","2":"type-product","3":"status-publish","4":"has-post-thumbnail","6":"artist-birgit-schulz-fr","7":"product_brand-birgit-schulz-2","8":"product_cat-animaux","9":"product_cat-enfants","10":"product_cat-tous-nos-produits","11":"product_cat-ultra-haute-d-finition-art","12":"product_tag-africain","13":"product_tag-afrique","14":"product_tag-animaux","15":"product_tag-bebe","16":"product_tag-bebes","17":"product_tag-chats","18":"product_tag-chats-sauvages","19":"product_tag-enfant","20":"product_tag-enfants","21":"product_tag-foret","22":"product_tag-gamins","23":"product_tag-jungle-fr","24":"product_tag-sauvage","26":"first","27":"instock","28":"taxable","29":"shipping-taxable","30":"purchasable","31":"product-type-variable","32":"has-default-attributes"},"acf":[],"_links":{"self":[{"href":"https:\/\/www.muralunique.com\/fr\/wp-json\/wp\/v2\/product\/4264","targetHints":{"allow":["GET"]}}],"collection":[{"href":"https:\/\/www.muralunique.com\/fr\/wp-json\/wp\/v2\/product"}],"about":[{"href":"https:\/\/www.muralunique.com\/fr\/wp-json\/wp\/v2\/types\/product"}],"wp:featuredmedia":[{"embeddable":true,"href":"https:\/\/www.muralunique.com\/fr\/wp-json\/wp\/v2\/media\/4265"}],"wp:attachment":[{"href":"https:\/\/www.muralunique.com\/fr\/wp-json\/wp\/v2\/media?parent=4264"}],"wp:term":[{"taxonomy":"product_brand","embeddable":true,"href":"https:\/\/www.muralunique.com\/fr\/wp-json\/wp\/v2\/product_brand?post=4264"},{"taxonomy":"product_cat","embeddable":true,"href":"https:\/\/www.muralunique.com\/fr\/wp-json\/wp\/v2\/product_cat?post=4264"},{"taxonomy":"product_tag","embeddable":true,"href":"https:\/\/www.muralunique.com\/fr\/wp-json\/wp\/v2\/product_tag?post=4264"}],"curies":[{"name":"wp","href":"https:\/\/api.w.org\/{rel}","templated":true}]}}