{"id":42697,"date":"2020-10-29T12:05:47","date_gmt":"2020-10-29T16:05:47","guid":{"rendered":"https:\/\/www.muralunique.com\/?post_type=product&#038;p=42697"},"modified":"2022-03-16T17:38:06","modified_gmt":"2022-03-16T21:38:06","slug":"foret-bonheur-du-matin","status":"publish","type":"product","link":"https:\/\/www.muralunique.com\/fr\/produit\/foret-bonheur-du-matin\/","title":{"rendered":"For\u00eat Bonheur du Matin"},"content":{"rendered":"<p>-Photo murale paisible et<span lang=\"fr\"> ensoleill\u00e9e d&#8217;un magnifique paysage forestier. Les murales avec des sc\u00e8nes de for\u00eat et de la nature offrent la possibilit\u00e9 de transformer votre espace de vie en un cadre vraiment unique. <\/span><span lang=\"fr\">Apportez la s\u00e9r\u00e9nit\u00e9 et la tranquillit\u00e9 de m\u00e8re nature dans votre maison avec cette murale &#8220;For\u00eat Bonheur du Matin&#8221;.\u00a0<\/span><\/p>\n<p>-La murale comprend des laizes de 18&#8243; (45cm) de largeur. Par exemple, une murale de 6&#8242; (1,83m) de largeur a 4 laizes et une murale de 12&#8242; (3,66m) de largeur a 8 laizes.<\/p>\n<p>-Murale en papier\u00a0peint pr\u00e9encoll\u00e9e, lavable, s&#8217;enl\u00e8ve \u00e0 sec et r\u00e9utilisable. Facile \u00e0 installer, se pose comme du papier\u00a0peint (tapisserie).<\/p>\n<p>-Photographie de Lars van de Goor. Vous pouvez obtenir plus d&#8217;informations \u00e0 <a href=\"http:\/\/www.larsvandegoor.com\" rel=\"nofollow noopener\" target=\"_blank\">www.larsvandegoor.com<\/a>.<\/p>\n<p>-murale for\u00eat bonheur du matin, photo mural for\u00eat bonheur du matin, papier peint for\u00eat bonheur du matin, tapisserie for\u00eat bonheur du matin, murale en papier peint de for\u00eat, photo murale for\u00eat, tapisserie for\u00eat, papier peint nature, tapisserie nature<\/p>\n","protected":false},"excerpt":{"rendered":"<p>-Photo murale paisible et ensoleill\u00e9e d&#8217;un magnifique paysage forestier. Les murales avec des sc\u00e8nes de for\u00eat et de la nature offrent la possibilit\u00e9 de transformer votre espace de vie en un cadre vraiment unique. Apportez la s\u00e9r\u00e9nit\u00e9 et la tranquillit\u00e9 de m\u00e8re nature dans votre maison avec cette murale &#8220;For\u00eat Bonheur du Matin&#8221;.\u00a0 -La murale [&hellip;]<\/p>\n","protected":false},"featured_media":42710,"template":"","meta":{"_acf_changed":false},"product_brand":[],"product_cat":[141,401],"product_tag":[9477,9478,8864,9019,9219,9261,9137,9767,9770,9429,9428,9467],"class_list":{"0":"post-42697","1":"product","2":"type-product","3":"status-publish","4":"has-post-thumbnail","6":"artist-lars-van-de-goor-fr","7":"product_cat-nature-et-paysages","8":"product_cat-tous-nos-produits","9":"product_tag-arbre","10":"product_tag-arbres","11":"product_tag-calme","12":"product_tag-foret","13":"product_tag-nature-fr","14":"product_tag-paisible","15":"product_tag-paysage","16":"product_tag-rayons-de-soleil-fr","17":"product_tag-rayons-de-soleil-fr-2","18":"product_tag-rayons-de-soleil","19":"product_tag-soleil","20":"product_tag-tranquilite","22":"first","23":"instock","24":"taxable","25":"shipping-taxable","26":"purchasable","27":"product-type-variable","28":"has-default-attributes"},"acf":[],"_links":{"self":[{"href":"https:\/\/www.muralunique.com\/fr\/wp-json\/wp\/v2\/product\/42697","targetHints":{"allow":["GET"]}}],"collection":[{"href":"https:\/\/www.muralunique.com\/fr\/wp-json\/wp\/v2\/product"}],"about":[{"href":"https:\/\/www.muralunique.com\/fr\/wp-json\/wp\/v2\/types\/product"}],"wp:featuredmedia":[{"embeddable":true,"href":"https:\/\/www.muralunique.com\/fr\/wp-json\/wp\/v2\/media\/42710"}],"wp:attachment":[{"href":"https:\/\/www.muralunique.com\/fr\/wp-json\/wp\/v2\/media?parent=42697"}],"wp:term":[{"taxonomy":"product_brand","embeddable":true,"href":"https:\/\/www.muralunique.com\/fr\/wp-json\/wp\/v2\/product_brand?post=42697"},{"taxonomy":"product_cat","embeddable":true,"href":"https:\/\/www.muralunique.com\/fr\/wp-json\/wp\/v2\/product_cat?post=42697"},{"taxonomy":"product_tag","embeddable":true,"href":"https:\/\/www.muralunique.com\/fr\/wp-json\/wp\/v2\/product_tag?post=42697"}],"curies":[{"name":"wp","href":"https:\/\/api.w.org\/{rel}","templated":true}]}}