{"id":4272,"date":"2012-02-13T10:17:11","date_gmt":"2012-02-13T10:17:11","guid":{"rendered":"https:\/\/muralunique.com\/?post_type=product&#038;p=4272"},"modified":"2021-09-23T16:34:54","modified_gmt":"2021-09-23T20:34:54","slug":"leonard-au-zoo","status":"publish","type":"product","link":"https:\/\/www.muralunique.com\/fr\/produit\/leonard-au-zoo\/","title":{"rendered":"L\u00e9onard au Zoo"},"content":{"rendered":"<p>-Murale en papier peint d&#8217;animaux dans un zoo tr\u00e8s sp\u00e9cial.<\/p>\n<p>-La murale comprend des laizes de 18&#8243; (45cm) de largeur. Par exemple, une murale de 6&#8242; (1,83m) de largeur a 4 laizes et une murale de 12&#8242; (3,66m) de largeur a 8 laizes.<\/p>\n<p>-Murale en papier\u00a0peint pr\u00e9encoll\u00e9e, lavable, s&#8217;enl\u00e8ve \u00e0 sec et r\u00e9utilisable. Facile \u00e0 installer, se pose comme du papier\u00a0peint (tapisserie).<\/p>\n<p>-Cette toile est une cr\u00e9ation de Johanne Pepin.<\/p>\n<p>-murale d&#8217;un zoo, murale en papier peint d&#8217;animaux, tapisserie pour chambre d&#8217;enfants, murale pour chambre d&#8217;enfants, papier peint pour enfants<\/p>\n","protected":false},"excerpt":{"rendered":"<p>-Murale en papier peint d&#8217;animaux dans un zoo tr\u00e8s sp\u00e9cial. -La murale comprend des laizes de 18&#8243; (45cm) de largeur. Par exemple, une murale de 6&#8242; (1,83m) de largeur a 4 laizes et une murale de 12&#8242; (3,66m) de largeur a 8 laizes. -Murale en papier\u00a0peint pr\u00e9encoll\u00e9e, lavable, s&#8217;enl\u00e8ve \u00e0 sec et r\u00e9utilisable. Facile \u00e0 [&hellip;]<\/p>\n","protected":false},"featured_media":4273,"template":"","meta":{"_acf_changed":false},"product_brand":[133],"product_cat":[134,173,401,425],"product_tag":[8766,9036,8768,8769,8791,8790,8865,9038,8967,8894,8895,9427,9125,9051,9124,9155,9197,9244,9387,9191,9452,9492,9551,9553],"class_list":{"0":"post-4272","1":"product","2":"type-product","3":"status-publish","4":"has-post-thumbnail","6":"artist-johanne-pepin-fr","7":"product_brand-johanne-pepin","8":"product_cat-animaux","9":"product_cat-enfants","10":"product_cat-tous-nos-produits","11":"product_cat-ultra-haute-d-finition-art","12":"product_tag-amusant","13":"product_tag-amusement","14":"product_tag-animal","15":"product_tag-animaux","16":"product_tag-bebe","17":"product_tag-bebes","18":"product_tag-chameaux","19":"product_tag-drole","20":"product_tag-elephants-fr","21":"product_tag-enfant","22":"product_tag-enfants","23":"product_tag-ete","24":"product_tag-gamins","25":"product_tag-girafes","26":"product_tag-kangourous","27":"product_tag-lions-fr","28":"product_tag-orignaux","29":"product_tag-pandas-fr","30":"product_tag-serpents","31":"product_tag-singes","32":"product_tag-tigres","33":"product_tag-tortues","34":"product_tag-zebres","35":"product_tag-zoo-fr","37":"first","38":"instock","39":"taxable","40":"shipping-taxable","41":"purchasable","42":"product-type-variable","43":"has-default-attributes"},"acf":[],"_links":{"self":[{"href":"https:\/\/www.muralunique.com\/fr\/wp-json\/wp\/v2\/product\/4272","targetHints":{"allow":["GET"]}}],"collection":[{"href":"https:\/\/www.muralunique.com\/fr\/wp-json\/wp\/v2\/product"}],"about":[{"href":"https:\/\/www.muralunique.com\/fr\/wp-json\/wp\/v2\/types\/product"}],"wp:featuredmedia":[{"embeddable":true,"href":"https:\/\/www.muralunique.com\/fr\/wp-json\/wp\/v2\/media\/4273"}],"wp:attachment":[{"href":"https:\/\/www.muralunique.com\/fr\/wp-json\/wp\/v2\/media?parent=4272"}],"wp:term":[{"taxonomy":"product_brand","embeddable":true,"href":"https:\/\/www.muralunique.com\/fr\/wp-json\/wp\/v2\/product_brand?post=4272"},{"taxonomy":"product_cat","embeddable":true,"href":"https:\/\/www.muralunique.com\/fr\/wp-json\/wp\/v2\/product_cat?post=4272"},{"taxonomy":"product_tag","embeddable":true,"href":"https:\/\/www.muralunique.com\/fr\/wp-json\/wp\/v2\/product_tag?post=4272"}],"curies":[{"name":"wp","href":"https:\/\/api.w.org\/{rel}","templated":true}]}}