{"id":4280,"date":"2012-02-13T10:33:11","date_gmt":"2012-02-13T10:33:11","guid":{"rendered":"https:\/\/muralunique.com\/?post_type=product&#038;p=4280"},"modified":"2021-09-23T16:34:55","modified_gmt":"2021-09-23T20:34:55","slug":"maman-et-ses-petits","status":"publish","type":"product","link":"https:\/\/www.muralunique.com\/fr\/produit\/maman-et-ses-petits\/","title":{"rendered":"Maman et ses Petits"},"content":{"rendered":"<p>-Photo murale d&#8217;une maman \u00e9l\u00e9phant avec ses b\u00e9b\u00e9s.<\/p>\n<p>-La murale comprend des laizes de 18\u2033 (45cm) de largeur. Par exemple, une murale de 6\u2032 (1,83m) de largeur a 4 laizes et une murale de 12\u2032 (3,66m) de largeur a 8 laizes.<\/p>\n<p>-Murale en papier\u00a0peint pr\u00e9encoll\u00e9e, lavable, s\u2019enl\u00e8ve \u00e0 sec et r\u00e9utilisable. Facile \u00e0 installer, se pose comme du papier\u00a0peint (tapisserie).<\/p>\n<p>-murale d&#8217;\u00e9l\u00e9phants, murale en papier peint d&#8217;\u00e9l\u00e9phants, tapisserie pour enfants, papier peint d&#8217;\u00e9l\u00e9phants, murale d&#8217;animaux<\/p>\n","protected":false},"excerpt":{"rendered":"<p>-Photo murale d&#8217;une maman \u00e9l\u00e9phant avec ses b\u00e9b\u00e9s. -La murale comprend des laizes de 18\u2033 (45cm) de largeur. Par exemple, une murale de 6\u2032 (1,83m) de largeur a 4 laizes et une murale de 12\u2032 (3,66m) de largeur a 8 laizes. -Murale en papier\u00a0peint pr\u00e9encoll\u00e9e, lavable, s\u2019enl\u00e8ve \u00e0 sec et r\u00e9utilisable. Facile \u00e0 installer, se [&hellip;]<\/p>\n","protected":false},"featured_media":4281,"template":"","meta":{"_acf_changed":false},"product_brand":[203],"product_cat":[134,173,401],"product_tag":[8758,8757,8768,8769,8966,8967,8894,8895,9125,9219,9346,9524,9526],"class_list":{"0":"post-4280","1":"product","2":"type-product","3":"status-publish","4":"has-post-thumbnail","6":"product_brand-muralunique-com","7":"product_cat-animaux","8":"product_cat-enfants","9":"product_cat-tous-nos-produits","10":"product_tag-africain","11":"product_tag-afrique","12":"product_tag-animal","13":"product_tag-animaux","14":"product_tag-elephant-fr","15":"product_tag-elephants-fr","16":"product_tag-enfant","17":"product_tag-enfants","18":"product_tag-gamins","19":"product_tag-nature-fr","20":"product_tag-safari-fr","21":"product_tag-sauvage","22":"product_tag-vie-sauvage","24":"first","25":"instock","26":"taxable","27":"shipping-taxable","28":"purchasable","29":"product-type-variable","30":"has-default-attributes"},"acf":[],"_links":{"self":[{"href":"https:\/\/www.muralunique.com\/fr\/wp-json\/wp\/v2\/product\/4280","targetHints":{"allow":["GET"]}}],"collection":[{"href":"https:\/\/www.muralunique.com\/fr\/wp-json\/wp\/v2\/product"}],"about":[{"href":"https:\/\/www.muralunique.com\/fr\/wp-json\/wp\/v2\/types\/product"}],"wp:featuredmedia":[{"embeddable":true,"href":"https:\/\/www.muralunique.com\/fr\/wp-json\/wp\/v2\/media\/4281"}],"wp:attachment":[{"href":"https:\/\/www.muralunique.com\/fr\/wp-json\/wp\/v2\/media?parent=4280"}],"wp:term":[{"taxonomy":"product_brand","embeddable":true,"href":"https:\/\/www.muralunique.com\/fr\/wp-json\/wp\/v2\/product_brand?post=4280"},{"taxonomy":"product_cat","embeddable":true,"href":"https:\/\/www.muralunique.com\/fr\/wp-json\/wp\/v2\/product_cat?post=4280"},{"taxonomy":"product_tag","embeddable":true,"href":"https:\/\/www.muralunique.com\/fr\/wp-json\/wp\/v2\/product_tag?post=4280"}],"curies":[{"name":"wp","href":"https:\/\/api.w.org\/{rel}","templated":true}]}}