{"id":42893,"date":"2020-11-03T17:02:20","date_gmt":"2020-11-03T22:02:20","guid":{"rendered":"https:\/\/www.muralunique.com\/?post_type=product&#038;p=42893"},"modified":"2022-03-16T17:38:05","modified_gmt":"2022-03-16T21:38:05","slug":"sentier-lumineux-dans-une-foret","status":"publish","type":"product","link":"https:\/\/www.muralunique.com\/fr\/produit\/sentier-lumineux-dans-une-foret\/","title":{"rendered":"Sentier Lumineux Dans une For\u00eat"},"content":{"rendered":"<p>-Murale en papier peint d&#8217;un sentier lumineux dans une for\u00eat. Cette sc\u00e8ne repr\u00e9sente parfaitement la beaut\u00e9, la profondeur et la tranquillit\u00e9 de m\u00e8re nature. Cette superbe murale trompe l&#8217;oeil transformera n&#8217;importe quelle pi\u00e8ce de votre maison.<\/p>\n<p>-La murale comprend des laizes de 18&#8243; (45cm) de largeur. Par exemple, une murale de 6&#8242; (1,83m) de largeur a 4 laizes et une murale de 12&#8242; (3,66m) de largeur a 8 laizes.<\/p>\n<p>-Murale en papier\u00a0peint pr\u00e9encoll\u00e9e, lavable, s&#8217;enl\u00e8ve \u00e0 sec et r\u00e9utilisable. Facile \u00e0 installer, se pose comme du papier\u00a0peint (tapisserie).<\/p>\n<p>-Photographie de Lars van de Goor. Vous pouvez obtenir plus d&#8217;informations \u00e0 <a href=\"http:\/\/www.larsvandegoor.com\" rel=\"nofollow noopener\" target=\"_blank\">www.larsvandegoor.com<\/a>.<\/p>\n<p>-murale sentier lumineux dans une for\u00eat, photo murale sentier lumineux dans une for\u00eat, papier peint sentier lumineux dans une for\u00eat, tapisserie sentier lumineux dans une for\u00eat, murale for\u00eat, papier peint for\u00eat, tapisserie nature, papier peint nature<\/p>\n","protected":false},"excerpt":{"rendered":"<p>-Murale en papier peint d&#8217;un sentier lumineux dans une for\u00eat. Cette sc\u00e8ne repr\u00e9sente parfaitement la beaut\u00e9, la profondeur et la tranquillit\u00e9 de m\u00e8re nature. Cette superbe murale trompe l&#8217;oeil transformera n&#8217;importe quelle pi\u00e8ce de votre maison. -La murale comprend des laizes de 18&#8243; (45cm) de largeur. Par exemple, une murale de 6&#8242; (1,83m) de largeur [&hellip;]<\/p>\n","protected":false},"featured_media":42905,"template":"","meta":{"_acf_changed":false},"product_brand":[],"product_cat":[141,401,163],"product_tag":[9477,9478,8864,9258,9019,9643,9219,9261,9137,9315,9467],"class_list":{"0":"post-42893","1":"product","2":"type-product","3":"status-publish","4":"has-post-thumbnail","6":"artist-lars-van-de-goor-fr","7":"product_cat-nature-et-paysages","8":"product_cat-tous-nos-produits","9":"product_cat-trompe-loeil","10":"product_tag-arbre","11":"product_tag-arbres","12":"product_tag-calme","13":"product_tag-chemin","14":"product_tag-foret","15":"product_tag-lumineux","16":"product_tag-nature-fr","17":"product_tag-paisible","18":"product_tag-paysage","19":"product_tag-rayons","20":"product_tag-tranquilite","22":"first","23":"instock","24":"taxable","25":"shipping-taxable","26":"purchasable","27":"product-type-variable","28":"has-default-attributes"},"acf":[],"_links":{"self":[{"href":"https:\/\/www.muralunique.com\/fr\/wp-json\/wp\/v2\/product\/42893","targetHints":{"allow":["GET"]}}],"collection":[{"href":"https:\/\/www.muralunique.com\/fr\/wp-json\/wp\/v2\/product"}],"about":[{"href":"https:\/\/www.muralunique.com\/fr\/wp-json\/wp\/v2\/types\/product"}],"wp:featuredmedia":[{"embeddable":true,"href":"https:\/\/www.muralunique.com\/fr\/wp-json\/wp\/v2\/media\/42905"}],"wp:attachment":[{"href":"https:\/\/www.muralunique.com\/fr\/wp-json\/wp\/v2\/media?parent=42893"}],"wp:term":[{"taxonomy":"product_brand","embeddable":true,"href":"https:\/\/www.muralunique.com\/fr\/wp-json\/wp\/v2\/product_brand?post=42893"},{"taxonomy":"product_cat","embeddable":true,"href":"https:\/\/www.muralunique.com\/fr\/wp-json\/wp\/v2\/product_cat?post=42893"},{"taxonomy":"product_tag","embeddable":true,"href":"https:\/\/www.muralunique.com\/fr\/wp-json\/wp\/v2\/product_tag?post=42893"}],"curies":[{"name":"wp","href":"https:\/\/api.w.org\/{rel}","templated":true}]}}