{"id":4304,"date":"2012-02-13T11:29:23","date_gmt":"2012-02-13T11:29:23","guid":{"rendered":"https:\/\/muralunique.com\/?post_type=product&#038;p=4304"},"modified":"2021-09-23T16:34:55","modified_gmt":"2021-09-23T20:34:55","slug":"pingouins","status":"publish","type":"product","link":"https:\/\/www.muralunique.com\/fr\/produit\/pingouins\/","title":{"rendered":"Pingouins"},"content":{"rendered":"<p>-Une murale rafra\u00eechissante d&#8217;un groupe de petits pingouins.<\/p>\n<p>-La murale comprend des laizes de 18\u2033 (45cm) de largeur. Par exemple, une murale de 6\u2032 (1,83m) de largeur a 4 laizes et une murale de 12\u2032 (3,66m) de largeur a 8 laizes.<\/p>\n<p>-Murale en papier\u00a0peint pr\u00e9encoll\u00e9e, lavable, s\u2019enl\u00e8ve \u00e0 sec et r\u00e9utilisable. Facile \u00e0 installer, se pose comme du papier\u00a0peint (tapisserie).<\/p>\n<p>-Cr\u00e9ation originale de Birgit Schulz.<\/p>\n<p>-murale de pingouins, murale en papier peint de pingouins, murale pour garderie, tapisserie pour enfants, murale amusante<\/p>\n","protected":false},"excerpt":{"rendered":"<p>-Une murale rafra\u00eechissante d&#8217;un groupe de petits pingouins. -La murale comprend des laizes de 18\u2033 (45cm) de largeur. Par exemple, une murale de 6\u2032 (1,83m) de largeur a 4 laizes et une murale de 12\u2032 (3,66m) de largeur a 8 laizes. -Murale en papier\u00a0peint pr\u00e9encoll\u00e9e, lavable, s\u2019enl\u00e8ve \u00e0 sec et r\u00e9utilisable. Facile \u00e0 installer, se [&hellip;]<\/p>\n","protected":false},"featured_media":4305,"template":"","meta":{"_acf_changed":false},"product_brand":[165],"product_cat":[134,173,401,425],"product_tag":[8766,9036,8768,8769,8770,8791,8790,9038,8894,8895,9125,9104,9534,9388,9264,9265],"class_list":{"0":"post-4304","1":"product","2":"type-product","3":"status-publish","4":"has-post-thumbnail","6":"artist-birgit-schulz-fr","7":"product_brand-birgit-schulz-2","8":"product_cat-animaux","9":"product_cat-enfants","10":"product_cat-tous-nos-produits","11":"product_cat-ultra-haute-d-finition-art","12":"product_tag-amusant","13":"product_tag-amusement","14":"product_tag-animal","15":"product_tag-animaux","16":"product_tag-antarctique","17":"product_tag-bebe","18":"product_tag-bebes","19":"product_tag-drole","20":"product_tag-enfant","21":"product_tag-enfants","22":"product_tag-gamins","23":"product_tag-glace","24":"product_tag-hiver","25":"product_tag-neige","26":"product_tag-pingouin","27":"product_tag-pingouins","29":"first","30":"instock","31":"taxable","32":"shipping-taxable","33":"purchasable","34":"product-type-variable","35":"has-default-attributes"},"acf":[],"_links":{"self":[{"href":"https:\/\/www.muralunique.com\/fr\/wp-json\/wp\/v2\/product\/4304","targetHints":{"allow":["GET"]}}],"collection":[{"href":"https:\/\/www.muralunique.com\/fr\/wp-json\/wp\/v2\/product"}],"about":[{"href":"https:\/\/www.muralunique.com\/fr\/wp-json\/wp\/v2\/types\/product"}],"wp:featuredmedia":[{"embeddable":true,"href":"https:\/\/www.muralunique.com\/fr\/wp-json\/wp\/v2\/media\/4305"}],"wp:attachment":[{"href":"https:\/\/www.muralunique.com\/fr\/wp-json\/wp\/v2\/media?parent=4304"}],"wp:term":[{"taxonomy":"product_brand","embeddable":true,"href":"https:\/\/www.muralunique.com\/fr\/wp-json\/wp\/v2\/product_brand?post=4304"},{"taxonomy":"product_cat","embeddable":true,"href":"https:\/\/www.muralunique.com\/fr\/wp-json\/wp\/v2\/product_cat?post=4304"},{"taxonomy":"product_tag","embeddable":true,"href":"https:\/\/www.muralunique.com\/fr\/wp-json\/wp\/v2\/product_tag?post=4304"}],"curies":[{"name":"wp","href":"https:\/\/api.w.org\/{rel}","templated":true}]}}