{"id":43084,"date":"2020-11-10T11:10:49","date_gmt":"2020-11-10T16:10:49","guid":{"rendered":"https:\/\/www.muralunique.com\/?post_type=product&#038;p=43084"},"modified":"2022-05-24T11:13:39","modified_gmt":"2022-05-24T15:13:39","slug":"sentier-feuillu-en-automne","status":"publish","type":"product","link":"https:\/\/www.muralunique.com\/fr\/produit\/sentier-feuillu-en-automne\/","title":{"rendered":"Sentier Feuillu en Automne"},"content":{"rendered":"<p>-Murale en papier peint d&#8217;un sentier feuillu dans une magnifique for\u00eat. Une murale riche en couleurs d&#8217;automne et en lumi\u00e8re qui donnera un superbe effet trompe l&#8217;oeil \u00e0 n&#8217;importe quelle pi\u00e8ce de votre int\u00e9rieur. Une excellente fa\u00e7on de transformer votre int\u00e9rieur avec go\u00fbt et simplicit\u00e9.<\/p>\n<p>-La murale comprend des laizes de 18&#8243; (45cm) de largeur. Par exemple, une murale de 6&#8242; (1,83m) de largeur a 4 laizes et une murale de 12&#8242; (3,66m) de largeur a 8 laizes.<\/p>\n<p>-Murale en papier\u00a0peint pr\u00e9encoll\u00e9e, lavable, s&#8217;enl\u00e8ve \u00e0 sec et r\u00e9utilisable. Facile \u00e0 installer, se pose comme du papier\u00a0peint (tapisserie).<\/p>\n<p>-murale sentier feuillu en automne, photo murale sentier feuillu en automne, papier peint sentier feuillu en automne, tapisserie sentier feuillu en automne, murale for\u00eat en automne, photo murale for\u00eat en automne, papier peint for\u00eat en automne, murale nature, papier peint nature<\/p>\n","protected":false},"excerpt":{"rendered":"<p>-Murale en papier peint d&#8217;un sentier feuillu dans une magnifique for\u00eat. Une murale riche en couleurs d&#8217;automne et en lumi\u00e8re qui donnera un superbe effet trompe l&#8217;oeil \u00e0 n&#8217;importe quelle pi\u00e8ce de votre int\u00e9rieur. Une excellente fa\u00e7on de transformer votre int\u00e9rieur avec go\u00fbt et simplicit\u00e9. -La murale comprend des laizes de 18&#8243; (45cm) de largeur. [&hellip;]<\/p>\n","protected":false},"featured_media":43104,"template":"","meta":{"_acf_changed":false},"product_brand":[],"product_cat":[141,401,163],"product_tag":[9477,9478,8788,8864,9258,9647,9019,9643,9219,9261,9137,9465,9429,9767,9770,9428,9467],"class_list":{"0":"post-43084","1":"product","2":"type-product","3":"status-publish","4":"has-post-thumbnail","6":"product_cat-nature-et-paysages","7":"product_cat-tous-nos-produits","8":"product_cat-trompe-loeil","9":"product_tag-arbre","10":"product_tag-arbres","11":"product_tag-automne","12":"product_tag-calme","13":"product_tag-chemin","14":"product_tag-feuillu","15":"product_tag-foret","16":"product_tag-lumineux","17":"product_tag-nature-fr","18":"product_tag-paisible","19":"product_tag-paysage","20":"product_tag-piste","21":"product_tag-rayons-de-soleil","22":"product_tag-rayons-de-soleil-fr","23":"product_tag-rayons-de-soleil-fr-2","24":"product_tag-soleil","25":"product_tag-tranquilite","27":"first","28":"instock","29":"taxable","30":"shipping-taxable","31":"purchasable","32":"product-type-variable","33":"has-default-attributes"},"acf":[],"_links":{"self":[{"href":"https:\/\/www.muralunique.com\/fr\/wp-json\/wp\/v2\/product\/43084","targetHints":{"allow":["GET"]}}],"collection":[{"href":"https:\/\/www.muralunique.com\/fr\/wp-json\/wp\/v2\/product"}],"about":[{"href":"https:\/\/www.muralunique.com\/fr\/wp-json\/wp\/v2\/types\/product"}],"wp:featuredmedia":[{"embeddable":true,"href":"https:\/\/www.muralunique.com\/fr\/wp-json\/wp\/v2\/media\/43104"}],"wp:attachment":[{"href":"https:\/\/www.muralunique.com\/fr\/wp-json\/wp\/v2\/media?parent=43084"}],"wp:term":[{"taxonomy":"product_brand","embeddable":true,"href":"https:\/\/www.muralunique.com\/fr\/wp-json\/wp\/v2\/product_brand?post=43084"},{"taxonomy":"product_cat","embeddable":true,"href":"https:\/\/www.muralunique.com\/fr\/wp-json\/wp\/v2\/product_cat?post=43084"},{"taxonomy":"product_tag","embeddable":true,"href":"https:\/\/www.muralunique.com\/fr\/wp-json\/wp\/v2\/product_tag?post=43084"}],"curies":[{"name":"wp","href":"https:\/\/api.w.org\/{rel}","templated":true}]}}