{"id":4312,"date":"2012-02-13T11:38:04","date_gmt":"2012-02-13T11:38:04","guid":{"rendered":"https:\/\/muralunique.com\/?post_type=product&#038;p=4312"},"modified":"2021-09-23T16:34:55","modified_gmt":"2021-09-23T20:34:55","slug":"le-paradis-des-chiots-et-des-chatons","status":"publish","type":"product","link":"https:\/\/www.muralunique.com\/fr\/produit\/le-paradis-des-chiots-et-des-chatons\/","title":{"rendered":"Le Paradis des Chiots et des Chatons"},"content":{"rendered":"<p>-Magnifique murale en papier peint de chiots et de chatons dans une for\u00eat.<\/p>\n<p>-La murale comprend des laizes de 18\u2033 (45cm) de largeur. Par exemple, une murale de 6\u2032 (1,83m) de largeur a 4 laizes et une murale de 12\u2032 (3,66m) de largeur a 8 laizes.<\/p>\n<p>-Murale en papier\u00a0peint pr\u00e9encoll\u00e9e, lavable, s\u2019enl\u00e8ve \u00e0 sec et r\u00e9utilisable. Facile \u00e0 installer, se pose comme du papier\u00a0peint (tapisserie).<\/p>\n<p>-Une cr\u00e9ation originale de Birgit Schulz.<\/p>\n<p>-murale de chats et de chiens, murale pour enfants, papier peint d&#8217;animaux, murale de chiots et chatons, tapisserie pour chambre d&#8217;enfants<\/p>\n","protected":false},"excerpt":{"rendered":"<p>-Magnifique murale en papier peint de chiots et de chatons dans une for\u00eat. -La murale comprend des laizes de 18\u2033 (45cm) de largeur. Par exemple, une murale de 6\u2032 (1,83m) de largeur a 4 laizes et une murale de 12\u2032 (3,66m) de largeur a 8 laizes. -Murale en papier\u00a0peint pr\u00e9encoll\u00e9e, lavable, s\u2019enl\u00e8ve \u00e0 sec et [&hellip;]<\/p>\n","protected":false},"featured_media":4313,"template":"","meta":{"_acf_changed":false},"product_brand":[165],"product_cat":[134,173,401,425],"product_tag":[8766,9036,8768,9268,8769,8831,8791,8790,9128,9127,8879,8947,9303,9302,9038,9517,8894,8895,9427,9019,9125,9135,9308,9247],"class_list":{"0":"post-4312","1":"product","2":"type-product","3":"status-publish","4":"has-post-thumbnail","6":"artist-birgit-schulz-fr","7":"product_brand-birgit-schulz-2","8":"product_cat-animaux","9":"product_cat-enfants","10":"product_cat-tous-nos-produits","11":"product_cat-ultra-haute-d-finition-art","12":"product_tag-amusant","13":"product_tag-amusement","14":"product_tag-animal","15":"product_tag-animal-de-compagnie","16":"product_tag-animaux","17":"product_tag-bateau","18":"product_tag-bebe","19":"product_tag-bebes","20":"product_tag-chaton","21":"product_tag-chatons","22":"product_tag-chats","23":"product_tag-chiens-fr","24":"product_tag-chiot","25":"product_tag-chiots","26":"product_tag-drole","27":"product_tag-eau","28":"product_tag-enfant","29":"product_tag-enfants","30":"product_tag-ete","31":"product_tag-foret","32":"product_tag-gamins","33":"product_tag-lac","34":"product_tag-lapins-fr","35":"product_tag-paradis","37":"first","38":"instock","39":"taxable","40":"shipping-taxable","41":"purchasable","42":"product-type-variable","43":"has-default-attributes"},"acf":[],"_links":{"self":[{"href":"https:\/\/www.muralunique.com\/fr\/wp-json\/wp\/v2\/product\/4312","targetHints":{"allow":["GET"]}}],"collection":[{"href":"https:\/\/www.muralunique.com\/fr\/wp-json\/wp\/v2\/product"}],"about":[{"href":"https:\/\/www.muralunique.com\/fr\/wp-json\/wp\/v2\/types\/product"}],"wp:featuredmedia":[{"embeddable":true,"href":"https:\/\/www.muralunique.com\/fr\/wp-json\/wp\/v2\/media\/4313"}],"wp:attachment":[{"href":"https:\/\/www.muralunique.com\/fr\/wp-json\/wp\/v2\/media?parent=4312"}],"wp:term":[{"taxonomy":"product_brand","embeddable":true,"href":"https:\/\/www.muralunique.com\/fr\/wp-json\/wp\/v2\/product_brand?post=4312"},{"taxonomy":"product_cat","embeddable":true,"href":"https:\/\/www.muralunique.com\/fr\/wp-json\/wp\/v2\/product_cat?post=4312"},{"taxonomy":"product_tag","embeddable":true,"href":"https:\/\/www.muralunique.com\/fr\/wp-json\/wp\/v2\/product_tag?post=4312"}],"curies":[{"name":"wp","href":"https:\/\/api.w.org\/{rel}","templated":true}]}}