{"id":4318,"date":"2012-02-13T11:42:42","date_gmt":"2012-02-13T11:42:42","guid":{"rendered":"https:\/\/muralunique.com\/?post_type=product&#038;p=4318"},"modified":"2021-09-23T16:34:55","modified_gmt":"2021-09-23T20:34:55","slug":"tonnerre","status":"publish","type":"product","link":"https:\/\/www.muralunique.com\/fr\/produit\/tonnerre\/","title":{"rendered":"Tonnerre"},"content":{"rendered":"<p>-Murale en papier peint originale de chevaux.<\/p>\n<p>-La murale comprend des laizes de 18\u2033 (45cm) de largeur. Par exemple, une murale de 6\u2032 (1,83m) de largeur a 4 laizes et une murale de 12\u2032 (3,66m) de largeur a 8 laizes.<\/p>\n<p>-Murale en papier\u00a0peint pr\u00e9encoll\u00e9e, lavable, s\u2019enl\u00e8ve \u00e0 sec et r\u00e9utilisable. Facile \u00e0 installer, se pose comme du papier\u00a0peint (tapisserie).<\/p>\n<p>-Cette toile est une cr\u00e9ation de Manon Labelle.<\/p>\n<p>-murale en papier peint de chevaux, murale de chevaux, murale d&#8217;animaux, papier peint chevaux, tapisserie chevaux<\/p>\n","protected":false},"excerpt":{"rendered":"<p>-Murale en papier peint originale de chevaux. -La murale comprend des laizes de 18\u2033 (45cm) de largeur. Par exemple, une murale de 6\u2032 (1,83m) de largeur a 4 laizes et une murale de 12\u2032 (3,66m) de largeur a 8 laizes. -Murale en papier\u00a0peint pr\u00e9encoll\u00e9e, lavable, s\u2019enl\u00e8ve \u00e0 sec et r\u00e9utilisable. Facile \u00e0 installer, se pose [&hellip;]<\/p>\n","protected":false},"featured_media":4319,"template":"","meta":{"_acf_changed":false},"product_brand":[143],"product_cat":[134,173,401,425],"product_tag":[8768,8769,9094,9095,8894,8895,9125,9524,9450,9526],"class_list":{"0":"post-4318","1":"product","2":"type-product","3":"status-publish","4":"has-post-thumbnail","6":"artist-manon-labelle-fr","7":"product_brand-manon-labelle","8":"product_cat-animaux","9":"product_cat-enfants","10":"product_cat-tous-nos-produits","11":"product_cat-ultra-haute-d-finition-art","12":"product_tag-animal","13":"product_tag-animaux","14":"product_tag-cheval","15":"product_tag-chevaux","16":"product_tag-enfant","17":"product_tag-enfants","18":"product_tag-gamins","19":"product_tag-sauvage","20":"product_tag-tonnerre","21":"product_tag-vie-sauvage","23":"first","24":"instock","25":"taxable","26":"shipping-taxable","27":"purchasable","28":"product-type-variable","29":"has-default-attributes"},"acf":[],"_links":{"self":[{"href":"https:\/\/www.muralunique.com\/fr\/wp-json\/wp\/v2\/product\/4318","targetHints":{"allow":["GET"]}}],"collection":[{"href":"https:\/\/www.muralunique.com\/fr\/wp-json\/wp\/v2\/product"}],"about":[{"href":"https:\/\/www.muralunique.com\/fr\/wp-json\/wp\/v2\/types\/product"}],"wp:featuredmedia":[{"embeddable":true,"href":"https:\/\/www.muralunique.com\/fr\/wp-json\/wp\/v2\/media\/4319"}],"wp:attachment":[{"href":"https:\/\/www.muralunique.com\/fr\/wp-json\/wp\/v2\/media?parent=4318"}],"wp:term":[{"taxonomy":"product_brand","embeddable":true,"href":"https:\/\/www.muralunique.com\/fr\/wp-json\/wp\/v2\/product_brand?post=4318"},{"taxonomy":"product_cat","embeddable":true,"href":"https:\/\/www.muralunique.com\/fr\/wp-json\/wp\/v2\/product_cat?post=4318"},{"taxonomy":"product_tag","embeddable":true,"href":"https:\/\/www.muralunique.com\/fr\/wp-json\/wp\/v2\/product_tag?post=4318"}],"curies":[{"name":"wp","href":"https:\/\/api.w.org\/{rel}","templated":true}]}}