{"id":4332,"date":"2012-02-13T21:29:57","date_gmt":"2012-02-13T21:29:57","guid":{"rendered":"https:\/\/muralunique.com\/?post_type=product&#038;p=4332"},"modified":"2021-09-23T16:34:55","modified_gmt":"2021-09-23T20:34:55","slug":"merveilles-de-locean","status":"publish","type":"product","link":"https:\/\/www.muralunique.com\/fr\/produit\/merveilles-de-locean\/","title":{"rendered":"Merveilles de l&#8217;Oc\u00e9an"},"content":{"rendered":"<p>-Murale color\u00e9e des merveilles de l&#8217;oc\u00e9an.<\/p>\n<p>-La murale comprend des laizes de 18\u2033 (45cm) de largeur. Par exemple, une murale de 6\u2032 (1,83m) de largeur a 4 laizes et une murale de 12\u2032 (3,66m) de largeur a 8 laizes.<\/p>\n<p>-Murale en papier\u00a0peint pr\u00e9encoll\u00e9e, lavable, s\u2019enl\u00e8ve \u00e0 sec et r\u00e9utilisable. Facile \u00e0 installer, se pose comme du papier\u00a0peint (tapisserie).<\/p>\n<p>-Cette toile est une cr\u00e9ation de Micheline Hadjis. Vous pouvez obtenir plus d&#8217;informations \u00e0 <a href=\"http:\/\/www.michelinehadjis.com\" rel=\"nofollow noopener\" target=\"_blank\">www.michelinehadjis.com<\/a>.<\/p>\n<p>-murale l&#8217;oc\u00e9an, murale\u00a0sous la mer, murales sous les mers, murales oc\u00e9ans, murale poisson, murales poissons, papier peint poisson, tapisserie poissons<\/p>\n","protected":false},"excerpt":{"rendered":"<p>-Murale color\u00e9e des merveilles de l&#8217;oc\u00e9an. -La murale comprend des laizes de 18\u2033 (45cm) de largeur. Par exemple, une murale de 6\u2032 (1,83m) de largeur a 4 laizes et une murale de 12\u2032 (3,66m) de largeur a 8 laizes. -Murale en papier\u00a0peint pr\u00e9encoll\u00e9e, lavable, s\u2019enl\u00e8ve \u00e0 sec et r\u00e9utilisable. Facile \u00e0 installer, se pose comme [&hellip;]<\/p>\n","protected":false},"featured_media":4333,"template":"","meta":{"_acf_changed":false},"product_brand":[157],"product_cat":[134,153,173,401,425],"product_tag":[8768,8769,8773,8791,8790,8922,9517,8894,8895,8970,9125,9352,9231,9002,9003,9494,9486],"class_list":{"0":"post-4332","1":"product","2":"type-product","3":"status-publish","4":"has-post-thumbnail","6":"artist-micheline-hadjis-fr","7":"product_brand-micheline-hadjis","8":"product_cat-animaux","9":"product_cat-eau-et-plages","10":"product_cat-enfants","11":"product_cat-tous-nos-produits","12":"product_cat-ultra-haute-d-finition-art","13":"product_tag-animal","14":"product_tag-animaux","15":"product_tag-aquatique","16":"product_tag-bebe","17":"product_tag-bebes","18":"product_tag-corail","19":"product_tag-eau","20":"product_tag-enfant","21":"product_tag-enfants","22":"product_tag-exotique","23":"product_tag-gamins","24":"product_tag-mer","25":"product_tag-ocean-fr-2","26":"product_tag-poisson","27":"product_tag-poissons","28":"product_tag-sous-marin","29":"product_tag-tropical-fr","31":"first","32":"instock","33":"taxable","34":"shipping-taxable","35":"purchasable","36":"product-type-variable","37":"has-default-attributes"},"acf":[],"_links":{"self":[{"href":"https:\/\/www.muralunique.com\/fr\/wp-json\/wp\/v2\/product\/4332","targetHints":{"allow":["GET"]}}],"collection":[{"href":"https:\/\/www.muralunique.com\/fr\/wp-json\/wp\/v2\/product"}],"about":[{"href":"https:\/\/www.muralunique.com\/fr\/wp-json\/wp\/v2\/types\/product"}],"wp:featuredmedia":[{"embeddable":true,"href":"https:\/\/www.muralunique.com\/fr\/wp-json\/wp\/v2\/media\/4333"}],"wp:attachment":[{"href":"https:\/\/www.muralunique.com\/fr\/wp-json\/wp\/v2\/media?parent=4332"}],"wp:term":[{"taxonomy":"product_brand","embeddable":true,"href":"https:\/\/www.muralunique.com\/fr\/wp-json\/wp\/v2\/product_brand?post=4332"},{"taxonomy":"product_cat","embeddable":true,"href":"https:\/\/www.muralunique.com\/fr\/wp-json\/wp\/v2\/product_cat?post=4332"},{"taxonomy":"product_tag","embeddable":true,"href":"https:\/\/www.muralunique.com\/fr\/wp-json\/wp\/v2\/product_tag?post=4332"}],"curies":[{"name":"wp","href":"https:\/\/api.w.org\/{rel}","templated":true}]}}