{"id":4338,"date":"2012-02-13T21:33:58","date_gmt":"2012-02-13T21:33:58","guid":{"rendered":"https:\/\/muralunique.com\/?post_type=product&#038;p=4338"},"modified":"2021-09-15T16:59:37","modified_gmt":"2021-09-15T20:59:37","slug":"peau-de-zebre","status":"publish","type":"product","link":"https:\/\/www.muralunique.com\/fr\/produit\/peau-de-zebre\/","title":{"rendered":"Peau de Z\u00e8bre"},"content":{"rendered":"<p>-Une photo murale originale de peau de z\u00e8bre.<\/p>\n<p>-La murale comprend des laizes de 18\u2033 (45cm) de largeur. Par exemple, une murale de 6\u2032 (1,83m) de largeur a 4 laizes et une murale de 12\u2032 (3,66m) de largeur a 8 laizes.<\/p>\n<p>-Murale en papier\u00a0peint pr\u00e9encoll\u00e9e, lavable, s\u2019enl\u00e8ve \u00e0 sec et r\u00e9utilisable. Facile \u00e0 installer, se pose comme du papier\u00a0peint (tapisserie).<\/p>\n<p>-murale peau de z\u00e8bre, photo murale peau de z\u00e8bre, papier peint peau de z\u00e8bre, murale en papier peint peau de z\u00e8bre, tapisserie peau de z\u00e8bre<\/p>\n<p>&nbsp;<\/p>\n","protected":false},"excerpt":{"rendered":"<p>-Une photo murale originale de peau de z\u00e8bre. -La murale comprend des laizes de 18\u2033 (45cm) de largeur. Par exemple, une murale de 6\u2032 (1,83m) de largeur a 4 laizes et une murale de 12\u2032 (3,66m) de largeur a 8 laizes. -Murale en papier\u00a0peint pr\u00e9encoll\u00e9e, lavable, s\u2019enl\u00e8ve \u00e0 sec et r\u00e9utilisable. Facile \u00e0 installer, se [&hellip;]<\/p>\n","protected":false},"featured_media":4339,"template":"","meta":{"_acf_changed":false},"product_brand":[203],"product_cat":[134,169,401],"product_tag":[8768,8769,9039,9379,9425,9447,9448,9449,9550,9551],"class_list":{"0":"post-4338","1":"product","2":"type-product","3":"status-publish","4":"has-post-thumbnail","6":"product_brand-muralunique-com","7":"product_cat-animaux","8":"product_cat-textures-2","9":"product_cat-tous-nos-produits","10":"product_tag-animal","11":"product_tag-animaux","12":"product_tag-fourrure","13":"product_tag-peau","14":"product_tag-rayures","15":"product_tag-texture-fr","16":"product_tag-texture-fr-2","17":"product_tag-textures","18":"product_tag-zebre","19":"product_tag-zebres","21":"first","22":"instock","23":"taxable","24":"shipping-taxable","25":"purchasable","26":"product-type-variable","27":"has-default-attributes"},"acf":[],"_links":{"self":[{"href":"https:\/\/www.muralunique.com\/fr\/wp-json\/wp\/v2\/product\/4338","targetHints":{"allow":["GET"]}}],"collection":[{"href":"https:\/\/www.muralunique.com\/fr\/wp-json\/wp\/v2\/product"}],"about":[{"href":"https:\/\/www.muralunique.com\/fr\/wp-json\/wp\/v2\/types\/product"}],"wp:featuredmedia":[{"embeddable":true,"href":"https:\/\/www.muralunique.com\/fr\/wp-json\/wp\/v2\/media\/4339"}],"wp:attachment":[{"href":"https:\/\/www.muralunique.com\/fr\/wp-json\/wp\/v2\/media?parent=4338"}],"wp:term":[{"taxonomy":"product_brand","embeddable":true,"href":"https:\/\/www.muralunique.com\/fr\/wp-json\/wp\/v2\/product_brand?post=4338"},{"taxonomy":"product_cat","embeddable":true,"href":"https:\/\/www.muralunique.com\/fr\/wp-json\/wp\/v2\/product_cat?post=4338"},{"taxonomy":"product_tag","embeddable":true,"href":"https:\/\/www.muralunique.com\/fr\/wp-json\/wp\/v2\/product_tag?post=4338"}],"curies":[{"name":"wp","href":"https:\/\/api.w.org\/{rel}","templated":true}]}}