{"id":4346,"date":"2012-02-14T12:29:46","date_gmt":"2012-02-14T12:29:46","guid":{"rendered":"https:\/\/muralunique.com\/?post_type=product&#038;p=4346"},"modified":"2021-09-15T16:59:37","modified_gmt":"2021-09-15T20:59:37","slug":"texture-de-roc","status":"publish","type":"product","link":"https:\/\/www.muralunique.com\/fr\/produit\/texture-de-roc\/","title":{"rendered":"Texture de Roc"},"content":{"rendered":"<p>-Magnifique murale d&#8217;une texture de roche (photo murale).<\/p>\n<p>-La murale comprend des laizes de 18\u2033 (45cm) de largeur. Par exemple, une murale de 6\u2032 (1,83m) de largeur a 4 laizes et une murale de 12\u2032 (3,66m) de largeur a 8 laizes.<\/p>\n<p>-Murale en papier\u00a0peint pr\u00e9encoll\u00e9e, lavable, s\u2019enl\u00e8ve \u00e0 sec et r\u00e9utilisable. Facile \u00e0 installer, se pose comme du papier\u00a0peint (tapisserie).<\/p>\n<p>-murale texture de roc, papier peint texture de roc, photo murale texture de roche, murale en papier peint roche, tapisserie roc<\/p>\n","protected":false},"excerpt":{"rendered":"<p>-Magnifique murale d&#8217;une texture de roche (photo murale). -La murale comprend des laizes de 18\u2033 (45cm) de largeur. Par exemple, une murale de 6\u2032 (1,83m) de largeur a 4 laizes et une murale de 12\u2032 (3,66m) de largeur a 8 laizes. -Murale en papier\u00a0peint pr\u00e9encoll\u00e9e, lavable, s\u2019enl\u00e8ve \u00e0 sec et r\u00e9utilisable. Facile \u00e0 installer, se [&hellip;]<\/p>\n","protected":false},"featured_media":4347,"template":"","meta":{"_acf_changed":false},"product_brand":[203],"product_cat":[169,401,163],"product_tag":[9515,9418,9416,9333,9447,9448,9449,9483,9612,9485],"class_list":{"0":"post-4346","1":"product","2":"type-product","3":"status-publish","4":"has-post-thumbnail","6":"product_brand-muralunique-com","7":"product_cat-textures-2","8":"product_cat-tous-nos-produits","9":"product_cat-trompe-loeil","10":"product_tag-mur","11":"product_tag-mur-de-pierres","12":"product_tag-pierre","13":"product_tag-rocher-fr","14":"product_tag-texture-fr","15":"product_tag-texture-fr-2","16":"product_tag-textures","17":"product_tag-trompe-l-oeil","18":"product_tag-trompe-loeil-fr","19":"product_tag-trompe-oeil-fr","21":"first","22":"instock","23":"taxable","24":"shipping-taxable","25":"purchasable","26":"product-type-variable","27":"has-default-attributes"},"acf":[],"_links":{"self":[{"href":"https:\/\/www.muralunique.com\/fr\/wp-json\/wp\/v2\/product\/4346","targetHints":{"allow":["GET"]}}],"collection":[{"href":"https:\/\/www.muralunique.com\/fr\/wp-json\/wp\/v2\/product"}],"about":[{"href":"https:\/\/www.muralunique.com\/fr\/wp-json\/wp\/v2\/types\/product"}],"wp:featuredmedia":[{"embeddable":true,"href":"https:\/\/www.muralunique.com\/fr\/wp-json\/wp\/v2\/media\/4347"}],"wp:attachment":[{"href":"https:\/\/www.muralunique.com\/fr\/wp-json\/wp\/v2\/media?parent=4346"}],"wp:term":[{"taxonomy":"product_brand","embeddable":true,"href":"https:\/\/www.muralunique.com\/fr\/wp-json\/wp\/v2\/product_brand?post=4346"},{"taxonomy":"product_cat","embeddable":true,"href":"https:\/\/www.muralunique.com\/fr\/wp-json\/wp\/v2\/product_cat?post=4346"},{"taxonomy":"product_tag","embeddable":true,"href":"https:\/\/www.muralunique.com\/fr\/wp-json\/wp\/v2\/product_tag?post=4346"}],"curies":[{"name":"wp","href":"https:\/\/api.w.org\/{rel}","templated":true}]}}