{"id":4375,"date":"2012-02-14T17:26:54","date_gmt":"2012-02-14T17:26:54","guid":{"rendered":"https:\/\/muralunique.com\/?post_type=product&#038;p=4375"},"modified":"2025-10-23T12:54:37","modified_gmt":"2025-10-23T16:54:37","slug":"foret-de-bouleaux","status":"publish","type":"product","link":"https:\/\/www.muralunique.com\/fr\/produit\/foret-de-bouleaux\/","title":{"rendered":"For\u00eat de Bouleaux"},"content":{"rendered":"<p>-Magnifique photo murale en papier peint d&#8217;une for\u00eat de bouleaux. Les contrastes des couleurs et des textures sur cette murale cr\u00e9ent une impression de perspective infinie qui ajoute beaucoup de profondeur dans une pi\u00e8ce. De plus, la pr\u00e9dominance de lignes verticales dans cette image ajoute de la hauteur dans un espace.<\/p>\n<p>-La murale comprend des laizes de 18&#8243; (45cm) de largeur. Par exemple, une murale de 6&#8242; (1,83m) de largeur a 4 laizes et une murale de 12&#8242; (3,66m) de largeur a 8 laizes.<\/p>\n<p>-Murale en papier\u00a0peint pr\u00e9encoll\u00e9e, lavable, s&#8217;enl\u00e8ve \u00e0 sec et r\u00e9utilisable. Facile \u00e0 installer, se pose comme du papier\u00a0peint (tapisserie).<\/p>\n<p><strong>-Cette murale peut \u00eatre r\u00e9p\u00e9t\u00e9e horizontalement.<\/strong><\/p>\n<p>\u200b-murale de bouleaux, tapisserie de bouleaux, papier peint de bouleaux, murale for\u00eat de bouleaux, papier peint for\u00eat de bouleaux<\/p>\n","protected":false},"excerpt":{"rendered":"<p>-Magnifique photo murale en papier peint d&#8217;une for\u00eat de bouleaux. Les contrastes des couleurs et des textures sur cette murale cr\u00e9ent une impression de perspective infinie qui ajoute beaucoup de profondeur dans une pi\u00e8ce. De plus, la pr\u00e9dominance de lignes verticales dans cette image ajoute de la hauteur dans un espace. -La murale comprend des [&hellip;]<\/p>\n","protected":false},"featured_media":31484,"template":"","meta":{"_acf_changed":false},"product_brand":[203],"product_cat":[367,141,401],"product_tag":[9478,8821,9019,9219,9137],"class_list":{"0":"post-4375","1":"product","2":"type-product","3":"status-publish","4":"has-post-thumbnail","6":"product_brand-muralunique-com","7":"product_cat-murales-en-r-p-tition","8":"product_cat-nature-et-paysages","9":"product_cat-tous-nos-produits","10":"product_tag-arbres","11":"product_tag-bouleau","12":"product_tag-foret","13":"product_tag-nature-fr","14":"product_tag-paysage","16":"first","17":"instock","18":"taxable","19":"shipping-taxable","20":"purchasable","21":"product-type-variable","22":"has-default-attributes"},"acf":[],"_links":{"self":[{"href":"https:\/\/www.muralunique.com\/fr\/wp-json\/wp\/v2\/product\/4375","targetHints":{"allow":["GET"]}}],"collection":[{"href":"https:\/\/www.muralunique.com\/fr\/wp-json\/wp\/v2\/product"}],"about":[{"href":"https:\/\/www.muralunique.com\/fr\/wp-json\/wp\/v2\/types\/product"}],"wp:featuredmedia":[{"embeddable":true,"href":"https:\/\/www.muralunique.com\/fr\/wp-json\/wp\/v2\/media\/31484"}],"wp:attachment":[{"href":"https:\/\/www.muralunique.com\/fr\/wp-json\/wp\/v2\/media?parent=4375"}],"wp:term":[{"taxonomy":"product_brand","embeddable":true,"href":"https:\/\/www.muralunique.com\/fr\/wp-json\/wp\/v2\/product_brand?post=4375"},{"taxonomy":"product_cat","embeddable":true,"href":"https:\/\/www.muralunique.com\/fr\/wp-json\/wp\/v2\/product_cat?post=4375"},{"taxonomy":"product_tag","embeddable":true,"href":"https:\/\/www.muralunique.com\/fr\/wp-json\/wp\/v2\/product_tag?post=4375"}],"curies":[{"name":"wp","href":"https:\/\/api.w.org\/{rel}","templated":true}]}}