{"id":43771,"date":"2020-11-25T09:00:42","date_gmt":"2020-11-25T14:00:42","guid":{"rendered":"https:\/\/www.muralunique.com\/?post_type=product&#038;p=43771"},"modified":"2023-06-14T19:35:18","modified_gmt":"2023-06-14T23:35:18","slug":"mur-texture-de-pierres-brun","status":"publish","type":"product","link":"https:\/\/www.muralunique.com\/fr\/produit\/mur-texture-de-pierres-brun\/","title":{"rendered":"Mur Texture de Pierres (Brun)"},"content":{"rendered":"<p><span lang=\"fr\">-Photo murale d&#8217;une texture de pierres brunes en ultra haute r\u00e9solution. Un mur de pierres peut ajouter beaucoup de charme \u00e0 une maison. Cependant, un vrai mur de pierre peut \u00eatre tr\u00e8s cher et poussi\u00e9reux; c&#8217;est pourquoi une murale de texture de pierre en haute r\u00e9solution est l&#8217;alternative parfaite. <\/span><\/p>\n<p>-La murale comprend des laizes de 18\u2033 (45cm) de largeur. Par exemple, une murale de 6\u2032 (1,83m) de largeur a 4 laizes et une murale de 12\u2032 (3,66m) de largeur a 8 laizes.<\/p>\n<p>-Murale en papier\u00a0peint pr\u00e9encoll\u00e9e, lavable, s\u2019enl\u00e8ve \u00e0 sec et r\u00e9utilisable. Facile \u00e0 installer, se pose comme du papier\u00a0peint (tapisserie).<\/p>\n<p>-Photographie de Donn Petelka. Vous pouvez obtenir plus d\u2019informations \u00e0 cette adresse:\u00a0<a href=\"mailto:donnpetelka@gmail.com\" target=\"_blank\" rel=\"noopener noreferrer\">donnpetelka@gmail.com<\/a>.<\/p>\n<p>-murale texture de pierres brunes, murale texture de pierres brunes en haute r\u00e9solution, papier peint texture de pierres brunes, tapisserie texture de pierres, photo murale texture de pierres, murale en papier peint texture de pierres, photo murale texture, papier peint texture<\/p>\n","protected":false},"excerpt":{"rendered":"<p>-Photo murale d&#8217;une texture de pierres brunes en ultra haute r\u00e9solution. Un mur de pierres peut ajouter beaucoup de charme \u00e0 une maison. Cependant, un vrai mur de pierre peut \u00eatre tr\u00e8s cher et poussi\u00e9reux; c&#8217;est pourquoi une murale de texture de pierre en haute r\u00e9solution est l&#8217;alternative parfaite. -La murale comprend des laizes de [&hellip;]<\/p>\n","protected":false},"featured_media":53540,"template":"","meta":{"_acf_changed":false},"product_brand":[],"product_cat":[10434,305,169,401,427],"product_tag":[9515,9416,9417,9447,9448,9449],"class_list":{"0":"post-43771","1":"product","2":"type-product","3":"status-publish","4":"has-post-thumbnail","6":"artist-donn-petelka-fr","7":"product_cat-images-panoramiques","8":"product_cat-produits-vedettes","9":"product_cat-textures-2","10":"product_cat-tous-nos-produits","11":"product_cat-ultra-haute-d-finition-photos","12":"product_tag-mur","13":"product_tag-pierre","14":"product_tag-pierres","15":"product_tag-texture-fr","16":"product_tag-texture-fr-2","17":"product_tag-textures","19":"first","20":"instock","21":"taxable","22":"shipping-taxable","23":"purchasable","24":"product-type-variable","25":"has-default-attributes"},"acf":[],"_links":{"self":[{"href":"https:\/\/www.muralunique.com\/fr\/wp-json\/wp\/v2\/product\/43771","targetHints":{"allow":["GET"]}}],"collection":[{"href":"https:\/\/www.muralunique.com\/fr\/wp-json\/wp\/v2\/product"}],"about":[{"href":"https:\/\/www.muralunique.com\/fr\/wp-json\/wp\/v2\/types\/product"}],"wp:featuredmedia":[{"embeddable":true,"href":"https:\/\/www.muralunique.com\/fr\/wp-json\/wp\/v2\/media\/53540"}],"wp:attachment":[{"href":"https:\/\/www.muralunique.com\/fr\/wp-json\/wp\/v2\/media?parent=43771"}],"wp:term":[{"taxonomy":"product_brand","embeddable":true,"href":"https:\/\/www.muralunique.com\/fr\/wp-json\/wp\/v2\/product_brand?post=43771"},{"taxonomy":"product_cat","embeddable":true,"href":"https:\/\/www.muralunique.com\/fr\/wp-json\/wp\/v2\/product_cat?post=43771"},{"taxonomy":"product_tag","embeddable":true,"href":"https:\/\/www.muralunique.com\/fr\/wp-json\/wp\/v2\/product_tag?post=43771"}],"curies":[{"name":"wp","href":"https:\/\/api.w.org\/{rel}","templated":true}]}}