{"id":43933,"date":"2020-11-26T11:27:11","date_gmt":"2020-11-26T16:27:11","guid":{"rendered":"https:\/\/www.muralunique.com\/?post_type=product&#038;p=43933"},"modified":"2022-03-16T17:38:03","modified_gmt":"2022-03-16T21:38:03","slug":"atlantide-la-cite-perdue","status":"publish","type":"product","link":"https:\/\/www.muralunique.com\/fr\/produit\/atlantide-la-cite-perdue\/","title":{"rendered":"Atlantide, la Cit\u00e9 Perdue"},"content":{"rendered":"<p id=\"tw-target-text\" class=\"tw-data-text tw-text-large XcVN5d tw-ta\" dir=\"ltr\" data-placeholder=\"Translation\"><span lang=\"fr\">-Murale repr\u00e9sentant une sc\u00e8ne sous-marine avec des poissons, des requins et des dauphins dans une ville engloutie. Suivant le mythe de Platon, en une nuit cataclysmique, les dieux ont envoy\u00e9 un bataillon de feu et de tremblements de terre si intenses que le royaume utopique de l&#8217;Atlantide s&#8217;enfon\u00e7a profond\u00e9ment dans l&#8217;oc\u00e9an, pour ne plus jamais \u00eatre retrouv\u00e9 (<a href=\"https:\/\/fr.wikipedia.org\/wiki\/Atlantide\" rel=\"nofollow noopener\" target=\"_blank\">wikipedia.org<\/a>).<\/span><\/p>\n<p>-La murale comprend des laizes de 18\u2033 (45cm) de largeur. Par exemple, une murale de 6\u2032 (1,83m) de largeur a 4 laizes et une murale de 12\u2032 (3,66m) de largeur a 8 laizes.<\/p>\n<p>-Murale en papier\u00a0peint pr\u00e9encoll\u00e9e, lavable, s\u2019enl\u00e8ve \u00e0 sec et r\u00e9utilisable. Facile \u00e0 installer, se pose comme du papier\u00a0peint (tapisserie).<\/p>\n<p>-murale de l&#8217;Atlantide, murale en papier peint de l&#8217;Atlantide, papier peint de l&#8217;Atlantide, tapisserie l&#8217;Atlantide, murale pour enfants, papier peint pour enfants, murale de la cit\u00e9 perdue de l&#8217;Atlantide, papier peint de la cit\u00e9 perdue de l&#8217;Atlantide<\/p>\n<p dir=\"ltr\" data-placeholder=\"Translation\">\n","protected":false},"excerpt":{"rendered":"<p>-Murale repr\u00e9sentant une sc\u00e8ne sous-marine avec des poissons, des requins et des dauphins dans une ville engloutie. Suivant le mythe de Platon, en une nuit cataclysmique, les dieux ont envoy\u00e9 un bataillon de feu et de tremblements de terre si intenses que le royaume utopique de l&#8217;Atlantide s&#8217;enfon\u00e7a profond\u00e9ment dans l&#8217;oc\u00e9an, pour ne plus jamais [&hellip;]<\/p>\n","protected":false},"featured_media":43932,"template":"","meta":{"_acf_changed":false},"product_brand":[],"product_cat":[134,153,173,401],"product_tag":[8769,9649,8952,8894,8895,9125,9352,9231,9002,9003,9361,9494,8901],"class_list":{"0":"post-43933","1":"product","2":"type-product","3":"status-publish","4":"has-post-thumbnail","6":"product_cat-animaux","7":"product_cat-eau-et-plages","8":"product_cat-enfants","9":"product_cat-tous-nos-produits","10":"product_tag-animaux","11":"product_tag-atlantide","12":"product_tag-dauphins","13":"product_tag-enfant","14":"product_tag-enfants","15":"product_tag-gamins","16":"product_tag-mer","17":"product_tag-ocean-fr-2","18":"product_tag-poisson","19":"product_tag-poissons","20":"product_tag-requins","21":"product_tag-sous-marin","22":"product_tag-ville","24":"first","25":"instock","26":"taxable","27":"shipping-taxable","28":"purchasable","29":"product-type-variable","30":"has-default-attributes"},"acf":[],"_links":{"self":[{"href":"https:\/\/www.muralunique.com\/fr\/wp-json\/wp\/v2\/product\/43933","targetHints":{"allow":["GET"]}}],"collection":[{"href":"https:\/\/www.muralunique.com\/fr\/wp-json\/wp\/v2\/product"}],"about":[{"href":"https:\/\/www.muralunique.com\/fr\/wp-json\/wp\/v2\/types\/product"}],"wp:featuredmedia":[{"embeddable":true,"href":"https:\/\/www.muralunique.com\/fr\/wp-json\/wp\/v2\/media\/43932"}],"wp:attachment":[{"href":"https:\/\/www.muralunique.com\/fr\/wp-json\/wp\/v2\/media?parent=43933"}],"wp:term":[{"taxonomy":"product_brand","embeddable":true,"href":"https:\/\/www.muralunique.com\/fr\/wp-json\/wp\/v2\/product_brand?post=43933"},{"taxonomy":"product_cat","embeddable":true,"href":"https:\/\/www.muralunique.com\/fr\/wp-json\/wp\/v2\/product_cat?post=43933"},{"taxonomy":"product_tag","embeddable":true,"href":"https:\/\/www.muralunique.com\/fr\/wp-json\/wp\/v2\/product_tag?post=43933"}],"curies":[{"name":"wp","href":"https:\/\/api.w.org\/{rel}","templated":true}]}}