{"id":44399,"date":"2020-12-03T12:37:33","date_gmt":"2020-12-03T17:37:33","guid":{"rendered":"https:\/\/www.muralunique.com\/?post_type=product&#038;p=44399"},"modified":"2022-04-16T19:43:42","modified_gmt":"2022-04-16T23:43:42","slug":"le-tunnel-linden-parc-du-chateau-hundisburg-allemagne","status":"publish","type":"product","link":"https:\/\/www.muralunique.com\/fr\/produit\/le-tunnel-linden-parc-du-chateau-hundisburg-allemagne\/","title":{"rendered":"Le Tunnel Linden, Parc du Ch\u00e2teau Hundisburg, Allemagne"},"content":{"rendered":"<p id=\"tw-target-text\" class=\"tw-data-text tw-text-large XcVN5d tw-ta\" dir=\"ltr\" data-placeholder=\"Translation\"><span lang=\"fr\">-Photo murale d&#8217;une avenue de tilleuls en forme de tunnel dans le parc du ch\u00e2teau de Hundisburg en Allemagne. Un excellent trompe l&#8217;\u0153il qui donnera de la perspective, personnalit\u00e9 et chaleur \u00e0 n&#8217;importe quelle pi\u00e8ce de votre maison.<\/span><\/p>\n<p>-La murale comprend des laizes de 18\u2033 (45cm) de largeur. Par exemple, une murale de 6\u2032 (1,83m) de largeur a 4 laizes et une murale de 12\u2032 (3,66m) de largeur a 8 laizes.<\/p>\n<p>-Murale en papier\u00a0peint pr\u00e9encoll\u00e9e, lavable, s\u2019enl\u00e8ve \u00e0 sec et r\u00e9utilisable. Facile \u00e0 installer, se pose comme du papier\u00a0peint (tapisserie).<\/p>\n<p>-murale le tunnel linden, papier peint tunnel linden, tapisserie tunnel linden, murale arbres, papier peint arbres, tapisserie arbres, photo murale arbres, murale en papier peint de paysage, tapisserie de paysage, photo murale de paysage<\/p>\n","protected":false},"excerpt":{"rendered":"<p>-Photo murale d&#8217;une avenue de tilleuls en forme de tunnel dans le parc du ch\u00e2teau de Hundisburg en Allemagne. Un excellent trompe l&#8217;\u0153il qui donnera de la perspective, personnalit\u00e9 et chaleur \u00e0 n&#8217;importe quelle pi\u00e8ce de votre maison. -La murale comprend des laizes de 18\u2033 (45cm) de largeur. Par exemple, une murale de 6\u2032 (1,83m) [&hellip;]<\/p>\n","protected":false},"featured_media":44365,"template":"","meta":{"_acf_changed":false},"product_brand":[],"product_cat":[141,401,163],"product_tag":[9658,9478,9427,9657,9219,9252,9137,9659,9483,9612,9485],"class_list":{"0":"post-44399","1":"product","2":"type-product","3":"status-publish","4":"has-post-thumbnail","6":"product_cat-nature-et-paysages","7":"product_cat-tous-nos-produits","8":"product_cat-trompe-loeil","9":"product_tag-allemagne","10":"product_tag-arbres","11":"product_tag-ete","12":"product_tag-hundisburg-fr","13":"product_tag-nature-fr","14":"product_tag-parc","15":"product_tag-paysage","16":"product_tag-tilleul","17":"product_tag-trompe-l-oeil","18":"product_tag-trompe-loeil-fr","19":"product_tag-trompe-oeil-fr","21":"first","22":"instock","23":"taxable","24":"shipping-taxable","25":"purchasable","26":"product-type-variable"},"acf":[],"_links":{"self":[{"href":"https:\/\/www.muralunique.com\/fr\/wp-json\/wp\/v2\/product\/44399","targetHints":{"allow":["GET"]}}],"collection":[{"href":"https:\/\/www.muralunique.com\/fr\/wp-json\/wp\/v2\/product"}],"about":[{"href":"https:\/\/www.muralunique.com\/fr\/wp-json\/wp\/v2\/types\/product"}],"wp:featuredmedia":[{"embeddable":true,"href":"https:\/\/www.muralunique.com\/fr\/wp-json\/wp\/v2\/media\/44365"}],"wp:attachment":[{"href":"https:\/\/www.muralunique.com\/fr\/wp-json\/wp\/v2\/media?parent=44399"}],"wp:term":[{"taxonomy":"product_brand","embeddable":true,"href":"https:\/\/www.muralunique.com\/fr\/wp-json\/wp\/v2\/product_brand?post=44399"},{"taxonomy":"product_cat","embeddable":true,"href":"https:\/\/www.muralunique.com\/fr\/wp-json\/wp\/v2\/product_cat?post=44399"},{"taxonomy":"product_tag","embeddable":true,"href":"https:\/\/www.muralunique.com\/fr\/wp-json\/wp\/v2\/product_tag?post=44399"}],"curies":[{"name":"wp","href":"https:\/\/api.w.org\/{rel}","templated":true}]}}