{"id":44930,"date":"2020-12-15T12:57:25","date_gmt":"2020-12-15T17:57:25","guid":{"rendered":"https:\/\/www.muralunique.com\/?post_type=product&#038;p=44930"},"modified":"2022-04-16T19:43:42","modified_gmt":"2022-04-16T23:43:42","slug":"collage-geometrique-et-floral-en-bleu","status":"publish","type":"product","link":"https:\/\/www.muralunique.com\/fr\/produit\/collage-geometrique-et-floral-en-bleu\/","title":{"rendered":"Collage G\u00e9om\u00e9trique et Floral en Bleu"},"content":{"rendered":"<p>-Murale en papier peint d&#8217;un collage g\u00e9om\u00e9trique et floral dans les tons de bleu. Un design original, qui s&#8217;int\u00e8gre particuli\u00e8rement bien \u00e0 un d\u00e9cor champ\u00eatre ou rustique.<\/p>\n<p>-La murale comprend des laizes de 18&#8243; (45cm) de largeur. Par exemple, une murale de 6&#8242; (1,83m) de largeur a 4 laizes et une murale de 12&#8242; (3,66m) de largeur a 8 laizes.<\/p>\n<p>-Murale en papier\u00a0peint pr\u00e9encoll\u00e9e, lavable, s&#8217;enl\u00e8ve \u00e0 sec et r\u00e9utilisable. Facile \u00e0 installer, se pose comme du papier\u00a0peint (tapisserie).<\/p>\n<p>-murale collage g\u00e9om\u00e9trique floral, papier peint collage g\u00e9om\u00e9trique floral, tapisserie collage g\u00e9om\u00e9trique floral, murale champ\u00eatre, papier peint champ\u00eatre, murale florale bleue, murale collage floral bleu<\/p>\n","protected":false},"excerpt":{"rendered":"<p>-Murale en papier peint d&#8217;un collage g\u00e9om\u00e9trique et floral dans les tons de bleu. Un design original, qui s&#8217;int\u00e8gre particuli\u00e8rement bien \u00e0 un d\u00e9cor champ\u00eatre ou rustique. -La murale comprend des laizes de 18&#8243; (45cm) de largeur. Par exemple, une murale de 6&#8242; (1,83m) de largeur a 4 laizes et une murale de 12&#8242; (3,66m) [&hellip;]<\/p>\n","protected":false},"featured_media":44946,"template":"","meta":{"_acf_changed":false},"product_brand":[],"product_cat":[125,150,401],"product_tag":[9403,9010,9006,9047,9049,8925],"class_list":{"0":"post-44930","1":"product","2":"type-product","3":"status-publish","4":"has-post-thumbnail","6":"product_cat-abstrait-et-geometrie","7":"product_cat-fleurs-et-feuillages","8":"product_cat-tous-nos-produits","9":"product_tag-carres","10":"product_tag-fleurs","11":"product_tag-floral-fr","12":"product_tag-geometrie","13":"product_tag-geometrique","14":"product_tag-pays-fr","16":"first","17":"instock","18":"taxable","19":"shipping-taxable","20":"purchasable","21":"product-type-variable"},"acf":[],"_links":{"self":[{"href":"https:\/\/www.muralunique.com\/fr\/wp-json\/wp\/v2\/product\/44930","targetHints":{"allow":["GET"]}}],"collection":[{"href":"https:\/\/www.muralunique.com\/fr\/wp-json\/wp\/v2\/product"}],"about":[{"href":"https:\/\/www.muralunique.com\/fr\/wp-json\/wp\/v2\/types\/product"}],"wp:featuredmedia":[{"embeddable":true,"href":"https:\/\/www.muralunique.com\/fr\/wp-json\/wp\/v2\/media\/44946"}],"wp:attachment":[{"href":"https:\/\/www.muralunique.com\/fr\/wp-json\/wp\/v2\/media?parent=44930"}],"wp:term":[{"taxonomy":"product_brand","embeddable":true,"href":"https:\/\/www.muralunique.com\/fr\/wp-json\/wp\/v2\/product_brand?post=44930"},{"taxonomy":"product_cat","embeddable":true,"href":"https:\/\/www.muralunique.com\/fr\/wp-json\/wp\/v2\/product_cat?post=44930"},{"taxonomy":"product_tag","embeddable":true,"href":"https:\/\/www.muralunique.com\/fr\/wp-json\/wp\/v2\/product_tag?post=44930"}],"curies":[{"name":"wp","href":"https:\/\/api.w.org\/{rel}","templated":true}]}}