{"id":4494,"date":"2012-02-15T09:49:24","date_gmt":"2012-02-15T09:49:24","guid":{"rendered":"https:\/\/muralunique.com\/?post_type=product&#038;p=4494"},"modified":"2021-09-15T16:59:27","modified_gmt":"2021-09-15T20:59:27","slug":"sequoias-parc-national-redwood-californie","status":"publish","type":"product","link":"https:\/\/www.muralunique.com\/fr\/produit\/sequoias-parc-national-redwood-californie\/","title":{"rendered":"S\u00e9quoias, Parc National Redwood, Californie"},"content":{"rendered":"<p>-Photo murale en papier peint du Parc National Redwood (situ\u00e9 aux \u00c9tats-Unis, sur la c\u00f4te Nord de la Californie).<\/p>\n<p>-La murale comprend des laizes de 18\u2033 (45cm) de largeur. Par exemple, une murale de 6\u2032 (1,83m) de largeur a 4 laizes et une murale de 12\u2032 (3,66m) de largeur a 8 laizes.<\/p>\n<p>-Murale en papier\u00a0peint pr\u00e9encoll\u00e9e, lavable, s\u2019enl\u00e8ve \u00e0 sec et r\u00e9utilisable. Facile \u00e0 installer, se pose comme du papier\u00a0peint (tapisserie).<\/p>\n<p>-murale Parc National Redwood, photo murale Parc National Redwood, papier peint Parc National Redwood, murale en papier peint Parc National Redwood<\/p>\n","protected":false},"excerpt":{"rendered":"<p>-Photo murale en papier peint du Parc National Redwood (situ\u00e9 aux \u00c9tats-Unis, sur la c\u00f4te Nord de la Californie). -La murale comprend des laizes de 18\u2033 (45cm) de largeur. Par exemple, une murale de 6\u2032 (1,83m) de largeur a 4 laizes et une murale de 12\u2032 (3,66m) de largeur a 8 laizes. -Murale en papier\u00a0peint [&hellip;]<\/p>\n","protected":false},"featured_media":31464,"template":"","meta":{"_acf_changed":false},"product_brand":[203],"product_cat":[141,401],"product_tag":[9478,8863,8864,9499,9427,9019,9219,9261,9252,9137,9316,9358,9467,8741],"class_list":{"0":"post-4494","1":"product","2":"type-product","3":"status-publish","4":"has-post-thumbnail","6":"product_brand-muralunique-com","7":"product_cat-nature-et-paysages","8":"product_cat-tous-nos-produits","9":"product_tag-arbres","10":"product_tag-californie","11":"product_tag-calme","12":"product_tag-etats-unis","13":"product_tag-ete","14":"product_tag-foret","15":"product_tag-nature-fr","16":"product_tag-paisible","17":"product_tag-parc","18":"product_tag-paysage","19":"product_tag-redwood-fr","20":"product_tag-sequoias-fr","21":"product_tag-tranquilite","22":"product_tag-usa-fr","24":"first","25":"instock","26":"taxable","27":"shipping-taxable","28":"purchasable","29":"product-type-variable","30":"has-default-attributes"},"acf":[],"_links":{"self":[{"href":"https:\/\/www.muralunique.com\/fr\/wp-json\/wp\/v2\/product\/4494","targetHints":{"allow":["GET"]}}],"collection":[{"href":"https:\/\/www.muralunique.com\/fr\/wp-json\/wp\/v2\/product"}],"about":[{"href":"https:\/\/www.muralunique.com\/fr\/wp-json\/wp\/v2\/types\/product"}],"wp:featuredmedia":[{"embeddable":true,"href":"https:\/\/www.muralunique.com\/fr\/wp-json\/wp\/v2\/media\/31464"}],"wp:attachment":[{"href":"https:\/\/www.muralunique.com\/fr\/wp-json\/wp\/v2\/media?parent=4494"}],"wp:term":[{"taxonomy":"product_brand","embeddable":true,"href":"https:\/\/www.muralunique.com\/fr\/wp-json\/wp\/v2\/product_brand?post=4494"},{"taxonomy":"product_cat","embeddable":true,"href":"https:\/\/www.muralunique.com\/fr\/wp-json\/wp\/v2\/product_cat?post=4494"},{"taxonomy":"product_tag","embeddable":true,"href":"https:\/\/www.muralunique.com\/fr\/wp-json\/wp\/v2\/product_tag?post=4494"}],"curies":[{"name":"wp","href":"https:\/\/api.w.org\/{rel}","templated":true}]}}