{"id":4508,"date":"2012-02-15T10:03:48","date_gmt":"2012-02-15T10:03:48","guid":{"rendered":"https:\/\/muralunique.com\/?post_type=product&#038;p=4508"},"modified":"2021-09-15T16:59:29","modified_gmt":"2021-09-15T20:59:29","slug":"foret-dautomne","status":"publish","type":"product","link":"https:\/\/www.muralunique.com\/fr\/produit\/foret-dautomne\/","title":{"rendered":"For\u00eat d&#8217;Automne"},"content":{"rendered":"<p>-Photo murale panoramique d&#8217;une for\u00eat paisible en automne. Un tr\u00e8s bon choix pour un mur de corridor ou un grand mur dans une entreprise.<\/p>\n<p>-La murale comprend des laizes de 18&#8243; (45cm) de largeur. Par exemple, une murale de 6&#8242; (1,83m) de largeur a 4 laizes et une murale de 12&#8242; (3,66m) de largeur a 8 laizes.<\/p>\n<p>-Murale en papier\u00a0peint pr\u00e9encoll\u00e9e, lavable, s&#8217;enl\u00e8ve \u00e0 sec et r\u00e9utilisable. Facile \u00e0 installer, se pose comme du papier\u00a0peint (tapisserie).<\/p>\n<p>-murale panoramique, murale en papier peint panoramique, murale for\u00eat d&#8217;automne, papier peint for\u00eat d&#8217;automne, tapisserie for\u00eat d&#8217;automne<\/p>\n","protected":false},"excerpt":{"rendered":"<p>-Photo murale panoramique d&#8217;une for\u00eat paisible en automne. Un tr\u00e8s bon choix pour un mur de corridor ou un grand mur dans une entreprise. -La murale comprend des laizes de 18&#8243; (45cm) de largeur. Par exemple, une murale de 6&#8242; (1,83m) de largeur a 4 laizes et une murale de 12&#8242; (3,66m) de largeur a [&hellip;]<\/p>\n","protected":false},"featured_media":31474,"template":"","meta":{"_acf_changed":false},"product_brand":[203],"product_cat":[10434,141,401],"product_tag":[9478,8979,8788,8864,9019,9219,9261,9137,9467],"class_list":{"0":"post-4508","1":"product","2":"type-product","3":"status-publish","4":"has-post-thumbnail","6":"product_brand-muralunique-com","7":"product_cat-images-panoramiques","8":"product_cat-nature-et-paysages","9":"product_cat-tous-nos-produits","10":"product_tag-arbres","11":"product_tag-automne-fr","12":"product_tag-automne","13":"product_tag-calme","14":"product_tag-foret","15":"product_tag-nature-fr","16":"product_tag-paisible","17":"product_tag-paysage","18":"product_tag-tranquilite","20":"first","21":"instock","22":"taxable","23":"shipping-taxable","24":"purchasable","25":"product-type-variable","26":"has-default-attributes"},"acf":[],"_links":{"self":[{"href":"https:\/\/www.muralunique.com\/fr\/wp-json\/wp\/v2\/product\/4508","targetHints":{"allow":["GET"]}}],"collection":[{"href":"https:\/\/www.muralunique.com\/fr\/wp-json\/wp\/v2\/product"}],"about":[{"href":"https:\/\/www.muralunique.com\/fr\/wp-json\/wp\/v2\/types\/product"}],"wp:featuredmedia":[{"embeddable":true,"href":"https:\/\/www.muralunique.com\/fr\/wp-json\/wp\/v2\/media\/31474"}],"wp:attachment":[{"href":"https:\/\/www.muralunique.com\/fr\/wp-json\/wp\/v2\/media?parent=4508"}],"wp:term":[{"taxonomy":"product_brand","embeddable":true,"href":"https:\/\/www.muralunique.com\/fr\/wp-json\/wp\/v2\/product_brand?post=4508"},{"taxonomy":"product_cat","embeddable":true,"href":"https:\/\/www.muralunique.com\/fr\/wp-json\/wp\/v2\/product_cat?post=4508"},{"taxonomy":"product_tag","embeddable":true,"href":"https:\/\/www.muralunique.com\/fr\/wp-json\/wp\/v2\/product_tag?post=4508"}],"curies":[{"name":"wp","href":"https:\/\/api.w.org\/{rel}","templated":true}]}}